{"id":18028,"date":"2023-02-09T23:03:56","date_gmt":"2023-02-10T04:03:56","guid":{"rendered":"https:\/\/naturalook.shop\/product\/fer-plat-avec-des-plaques-en-titane-de-15-pouces\/"},"modified":"2023-03-13T16:12:30","modified_gmt":"2023-03-13T20:12:30","slug":"fer-plat-avec-des-plaques-en-titane-de-15-pouces","status":"publish","type":"product","link":"https:\/\/naturalook.shop\/fr\/produit\/fer-plat-avec-des-plaques-en-titane-de-15-pouces\/","title":{"rendered":"FER PLAT AVEC DES PLAQUES EN TITANE DE 1,5 POUCES"},"content":{"rendered":"<p><strong>Ce fer plat de 1,5 pouce est parfait pour les traitements \u00e0 la k\u00e9ratine ou au botox capillaire<\/strong>, avec notre conception polyvalente et performante. Avec un temps de chauffe rapide de seulement 6 secondes, c&#8217;est le fer \u00e0 lisser le plus confortable jamais cr\u00e9\u00e9, dot\u00e9 d&#8217;un design ergonomique anti-d\u00e9rapant et de mat\u00e9riaux avanc\u00e9s pour une efficacit\u00e9 maximale et une prise en main s\u00fbre. Notre derni\u00e8re conception offre un contr\u00f4le de temp\u00e9rature r\u00e9glable et une r\u00e9cup\u00e9ration instantan\u00e9e de la chaleur, r\u00e9sultant en des cheveux brillants, souples et en bonne sant\u00e9, gr\u00e2ce \u00e0 nos exclusives <strong>plaques en nano pro argent en titane<\/strong>. Les plaques de 1 \u00bd &#8221; offrent une distribution de chaleur constante et uniforme, tandis que les plaques flottantes offrent une puissance de coiffage maximale. Le cordon pivotant \u00e0 360\u00b0 sans enchev\u00eatrement et la double tension en font l&#8217;outil parfait pour une utilisation dans le monde entier.<\/p>\n","protected":false},"excerpt":{"rendered":"<p>FER PLAT HAUTE PERFORMANCE POUR TRAITEMENT DE K\u00c9RATINE OU DE BOTOX CAPILLAIRE<\/p>\n","protected":false},"featured_media":17515,"comment_status":"open","ping_status":"closed","template":"","meta":{"_glsr_average":0,"_glsr_ranking":0,"_glsr_reviews":0},"product_brand":[],"product_cat":[621,623],"product_tag":[],"class_list":{"0":"post-18028","1":"product","2":"type-product","3":"status-publish","4":"has-post-thumbnail","6":"product_cat-outils","7":"product_cat-outils-pour-traitement-capillaires","8":"_wholesalex wsx-wholesalex-product","10":"first","11":"outofstock","12":"taxable","13":"shipping-taxable","14":"purchasable","15":"product-type-variable"},"jetpack_sharing_enabled":true,"_links":{"self":[{"href":"https:\/\/naturalook.shop\/fr\/wp-json\/wp\/v2\/product\/18028","targetHints":{"allow":["GET"]}}],"collection":[{"href":"https:\/\/naturalook.shop\/fr\/wp-json\/wp\/v2\/product"}],"about":[{"href":"https:\/\/naturalook.shop\/fr\/wp-json\/wp\/v2\/types\/product"}],"replies":[{"embeddable":true,"href":"https:\/\/naturalook.shop\/fr\/wp-json\/wp\/v2\/comments?post=18028"}],"version-history":[{"count":0,"href":"https:\/\/naturalook.shop\/fr\/wp-json\/wp\/v2\/product\/18028\/revisions"}],"wp:featuredmedia":[{"embeddable":true,"href":"https:\/\/naturalook.shop\/fr\/wp-json\/wp\/v2\/media\/17515"}],"wp:attachment":[{"href":"https:\/\/naturalook.shop\/fr\/wp-json\/wp\/v2\/media?parent=18028"}],"wp:term":[{"taxonomy":"product_brand","embeddable":true,"href":"https:\/\/naturalook.shop\/fr\/wp-json\/wp\/v2\/product_brand?post=18028"},{"taxonomy":"product_cat","embeddable":true,"href":"https:\/\/naturalook.shop\/fr\/wp-json\/wp\/v2\/product_cat?post=18028"},{"taxonomy":"product_tag","embeddable":true,"href":"https:\/\/naturalook.shop\/fr\/wp-json\/wp\/v2\/product_tag?post=18028"}],"curies":[{"name":"wp","href":"https:\/\/api.w.org\/{rel}","templated":true}]}}