{"id":18042,"date":"2023-02-09T22:27:00","date_gmt":"2023-02-10T03:27:00","guid":{"rendered":"https:\/\/naturalook.shop\/product\/extensions-de-cheveux-a-bandes-adhesives-20%e2%80%b3\/"},"modified":"2026-03-30T13:02:02","modified_gmt":"2026-03-30T17:02:02","slug":"extensions-de-cheveux-a-bandes-adhesives-20%e2%80%b3","status":"publish","type":"product","link":"https:\/\/naturalook.shop\/fr\/produit\/extensions-de-cheveux-a-bandes-adhesives-20%e2%80%b3\/","title":{"rendered":"EXTENSIONS DE CHEVEUX \u00c0 BANDES ADH\u00c9SIVES \u2013 20\u2033"},"content":{"rendered":"<h3>Vous cherchez \u00e0 avoir des cheveux longs et pleins sans vous soucier de la glisse ou de la chute ? Essayez nos extensions capillaires \u00e0 bande adh\u00e9sive !<\/h3>\n<p>Transformez vos cheveux en m\u00e8ches longues et volumineuses sans vous soucier de la glisse ou de la chute avec nos extensions capillaires \u00e0 bande adh\u00e9sive. Fabriqu\u00e9es avec des cheveux humains de la plus haute qualit\u00e9, nos extensions Naturalook n&#8217;ont aucun traitement chimique, garantissant que vos cheveux restent naturels et sains. Nous n&#8217;utilisons que la meilleure bande adh\u00e9sive pour rendre votre installation \u00e0 bande parfaite et durable. Avec une dur\u00e9e de vie pouvant aller jusqu&#8217;\u00e0 12 mois, nos extensions capillaires ont une dur\u00e9e de vie beaucoup plus longue que les autres extensions disponibles sur le march\u00e9, selon la fa\u00e7on dont elles sont entretenues.<\/p>\n<p>Les extensions capillaires \u00e0 bande adh\u00e9sive sont appliqu\u00e9es sur les cheveux \u00e0 l&#8217;aide d&#8217;une bande adh\u00e9sive et sont rapidement fix\u00e9es en pressant deux bandes l&#8217;une contre l&#8217;autre avec une partie de vos propres cheveux entre elles. Elles sont compl\u00e8tement invisibles car elles sont \u00e0 plat contre votre t\u00eate. Cette m\u00e9thode d&#8217;extension innovante est extr\u00eamement populaire et est \u00e9galement appel\u00e9e extensions sans couture ou \u00e0 bande de peau. Elles durent normalement de 8 \u00e0 12 semaines et sont faciles \u00e0 enlever. Presque toutes les extensions \u00e0 bande adh\u00e9sive peuvent \u00eatre r\u00e9utilis\u00e9es en changeant la bande adh\u00e9sive. Nos extensions capillaires \u00e0 bande adh\u00e9sive sont disponibles dans plusieurs couleurs, ce qui vous assure de trouver une correspondance parfaite pour vos cheveux.<\/p>\n<p>Les principaux avantages :<br \/>\nFacile \u00e0 attacher avec une bande adh\u00e9sive pr\u00e9-coll\u00e9e, de haute qualit\u00e9, imperm\u00e9able et fine<br \/>\nFabriqu\u00e9es avec des extensions de cheveux europ\u00e9ens de luxe de haute qualit\u00e9<br \/>\n100 % de cheveux humains naturels Remy pour un aspect et une sensation naturels<br \/>\nTexture soyeuse et sans n\u0153uds<br \/>\nTemps d&#8217;application : 1 \u00e0 1,5 heure (par un sp\u00e9cialiste des extensions capillaires)<br \/>\nChaque paquet comprend 25 grammes de cheveux, avec 10 onglets par paquet dans une largeur de 1,5 pouce.<\/p>\n<p><em><span style=\"color: #ff0000;\">**Veuillez noter que les couleurs de nos produits peuvent varier l\u00e9g\u00e8rement en raison des param\u00e8tres du moniteur, et que les nuances peuvent appara\u00eetre l\u00e9g\u00e8rement plus sombres ou plus claires sur l&#8217;\u00e9cran que dans la vie r\u00e9elle.<\/span><\/em><\/p>\n","protected":false},"excerpt":{"rendered":"<p>TEXTURE DOUCE, SOYEUSE ET SANS N\u0152UDS<\/p>\n","protected":false},"featured_media":17457,"comment_status":"open","ping_status":"closed","template":"","meta":{"_glsr_average":0,"_glsr_ranking":0,"_glsr_reviews":0},"product_brand":[905],"product_cat":[605,608],"product_tag":[],"class_list":{"0":"post-18042","1":"product","2":"type-product","3":"status-publish","4":"has-post-thumbnail","6":"product_brand-naturalook-extensions","7":"product_cat-extensions-capillaires","8":"product_cat-extensions-a-bandes-adhesives","9":"_wholesalex wsx-wholesalex-product","11":"first","12":"instock","13":"taxable","14":"shipping-taxable","15":"purchasable","16":"product-type-variable","17":"has-default-attributes"},"jetpack_sharing_enabled":true,"_links":{"self":[{"href":"https:\/\/naturalook.shop\/fr\/wp-json\/wp\/v2\/product\/18042","targetHints":{"allow":["GET"]}}],"collection":[{"href":"https:\/\/naturalook.shop\/fr\/wp-json\/wp\/v2\/product"}],"about":[{"href":"https:\/\/naturalook.shop\/fr\/wp-json\/wp\/v2\/types\/product"}],"replies":[{"embeddable":true,"href":"https:\/\/naturalook.shop\/fr\/wp-json\/wp\/v2\/comments?post=18042"}],"version-history":[{"count":1,"href":"https:\/\/naturalook.shop\/fr\/wp-json\/wp\/v2\/product\/18042\/revisions"}],"predecessor-version":[{"id":34357,"href":"https:\/\/naturalook.shop\/fr\/wp-json\/wp\/v2\/product\/18042\/revisions\/34357"}],"wp:featuredmedia":[{"embeddable":true,"href":"https:\/\/naturalook.shop\/fr\/wp-json\/wp\/v2\/media\/17457"}],"wp:attachment":[{"href":"https:\/\/naturalook.shop\/fr\/wp-json\/wp\/v2\/media?parent=18042"}],"wp:term":[{"taxonomy":"product_brand","embeddable":true,"href":"https:\/\/naturalook.shop\/fr\/wp-json\/wp\/v2\/product_brand?post=18042"},{"taxonomy":"product_cat","embeddable":true,"href":"https:\/\/naturalook.shop\/fr\/wp-json\/wp\/v2\/product_cat?post=18042"},{"taxonomy":"product_tag","embeddable":true,"href":"https:\/\/naturalook.shop\/fr\/wp-json\/wp\/v2\/product_tag?post=18042"}],"curies":[{"name":"wp","href":"https:\/\/api.w.org\/{rel}","templated":true}]}}