{"id":18063,"date":"2023-02-09T22:27:00","date_gmt":"2023-02-10T03:27:00","guid":{"rendered":"https:\/\/naturalook.shop\/product\/extensions-de-cheveux-a-la-keratine-flat-tip-24\/"},"modified":"2026-02-17T14:22:41","modified_gmt":"2026-02-17T19:22:41","slug":"extensions-de-cheveux-a-la-keratine-flat-tip-24","status":"publish","type":"product","link":"https:\/\/naturalook.shop\/fr\/produit\/extensions-de-cheveux-a-la-keratine-flat-tip-24\/","title":{"rendered":"EXTENSIONS DE CHEVEUX \u00c0 LA K\u00c9RATINE &#8211; (FLAT-TIP) &#8211; 24&#8243;"},"content":{"rendered":"<h3>Vous cherchez une solution durable pour ajouter du volume et de la longueur \u00e0 vos cheveux ?<\/h3>\n<p>Essayez nos extensions de cheveux \u00e0 la k\u00e9ratine ! Avec nos FLAT-TIP en k\u00e9ratine italienne de haute qualit\u00e9, vous pouvez profiter des avantages de l&#8217;installation \u00e0 chaud sans vous soucier de la glissance ou de la perte de cheveux.<\/p>\n<p>Les extensions de cheveux humains Naturalook sont fabriqu\u00e9es avec des cheveux humains de la plus haute qualit\u00e9, sans traitement chimique pour garder vos cheveux naturels et sains. Nos extensions de cheveux \u00e0 pointe plate sont disponibles dans une vari\u00e9t\u00e9 de couleurs pour correspondre parfaitement \u00e0 vos cheveux naturels.<\/p>\n<p>Nos extensions de cheveux ont une dur\u00e9e de vie beaucoup plus longue que d&#8217;autres extensions sur le march\u00e9, avec jusqu&#8217;\u00e0 12 mois d&#8217;utilisation en fonction des soins appropri\u00e9s. Ne vous contentez pas d&#8217;extensions de mauvaise qualit\u00e9 qui ne dureront pas &#8211; essayez nos extensions de cheveux \u00e0 la k\u00e9ratine pour un look luxueux et durable !<\/p>\n<h3>Avantages cl\u00e9s :<\/h3>\n<ul>\n<li>Fabriqu\u00e9 avec des cheveux de luxe europ\u00e9ens de haute qualit\u00e9<\/li>\n<li>100% de cheveux humains naturels de Remy<\/li>\n<li>Sans n\u0153uds et doux au toucher<\/li>\n<li>Comprend de la k\u00e9ratine italienne de haute qualit\u00e9 pour les liens \u00e0 pointe plate, assurant une installation \u00e0 chaud parfaite et durable<\/li>\n<li>Longue dur\u00e9e de vie allant jusqu&#8217;\u00e0 12 mois avec des soins appropri\u00e9s<\/li>\n<li>Temps d&#8217;application de 1,5 \u00e0 2 heures par un sp\u00e9cialiste des extensions de cheveux<\/li>\n<li>Chaque pack contient 25 m\u00e8ches \u00e0 pointe plate, chaque m\u00e8che pesant environ 1 gramme.<\/li>\n<\/ul>\n<p><em><span style=\"color: #ff0000;\">**Veuillez noter que les couleurs de nos produits peuvent varier l\u00e9g\u00e8rement en raison des param\u00e8tres du moniteur, et les nuances peuvent sembler l\u00e9g\u00e8rement plus sombres ou plus claires sur l&#8217;\u00e9cran que dans la r\u00e9alit\u00e9.<\/span><\/em><\/p>\n","protected":false},"excerpt":{"rendered":"<p>SOLUTION DURABLE POUR AJOUTER DU VOLUME ET DE LA LONGUEUR<\/p>\n","protected":false},"featured_media":17538,"comment_status":"open","ping_status":"closed","template":"","meta":{"_glsr_average":0,"_glsr_ranking":0,"_glsr_reviews":0},"product_brand":[905],"product_cat":[605,607],"product_tag":[],"class_list":{"0":"post-18063","1":"product","2":"type-product","3":"status-publish","4":"has-post-thumbnail","6":"product_brand-naturalook-extensions","7":"product_cat-extensions-capillaires","8":"product_cat-extensions-a-la-keratine","9":"_wholesalex wsx-wholesalex-product","11":"first","12":"instock","13":"taxable","14":"shipping-taxable","15":"purchasable","16":"product-type-variable","17":"has-default-attributes"},"jetpack_sharing_enabled":true,"_links":{"self":[{"href":"https:\/\/naturalook.shop\/fr\/wp-json\/wp\/v2\/product\/18063","targetHints":{"allow":["GET"]}}],"collection":[{"href":"https:\/\/naturalook.shop\/fr\/wp-json\/wp\/v2\/product"}],"about":[{"href":"https:\/\/naturalook.shop\/fr\/wp-json\/wp\/v2\/types\/product"}],"replies":[{"embeddable":true,"href":"https:\/\/naturalook.shop\/fr\/wp-json\/wp\/v2\/comments?post=18063"}],"version-history":[{"count":1,"href":"https:\/\/naturalook.shop\/fr\/wp-json\/wp\/v2\/product\/18063\/revisions"}],"predecessor-version":[{"id":34356,"href":"https:\/\/naturalook.shop\/fr\/wp-json\/wp\/v2\/product\/18063\/revisions\/34356"}],"wp:featuredmedia":[{"embeddable":true,"href":"https:\/\/naturalook.shop\/fr\/wp-json\/wp\/v2\/media\/17538"}],"wp:attachment":[{"href":"https:\/\/naturalook.shop\/fr\/wp-json\/wp\/v2\/media?parent=18063"}],"wp:term":[{"taxonomy":"product_brand","embeddable":true,"href":"https:\/\/naturalook.shop\/fr\/wp-json\/wp\/v2\/product_brand?post=18063"},{"taxonomy":"product_cat","embeddable":true,"href":"https:\/\/naturalook.shop\/fr\/wp-json\/wp\/v2\/product_cat?post=18063"},{"taxonomy":"product_tag","embeddable":true,"href":"https:\/\/naturalook.shop\/fr\/wp-json\/wp\/v2\/product_tag?post=18063"}],"curies":[{"name":"wp","href":"https:\/\/api.w.org\/{rel}","templated":true}]}}