{"id":18103,"date":"2023-02-09T22:26:00","date_gmt":"2023-02-10T03:26:00","guid":{"rendered":"https:\/\/naturalook.shop\/product\/felps-marula-hyper-nutrition-oil-50ml\/"},"modified":"2026-04-04T19:30:34","modified_gmt":"2026-04-04T23:30:34","slug":"felps-marula-hyper-nutrition-oil-50ml","status":"publish","type":"product","link":"https:\/\/naturalook.shop\/fr\/produit\/felps-marula-hyper-nutrition-oil-50ml\/","title":{"rendered":"Felps &#8211; MARULA HYPER-NUTRITION OIL &#8211; 50ml"},"content":{"rendered":"<p><strong>Huile nourrissante de Marula<\/strong> avec de l&#8217;huile de Marula, riche en om\u00e9gas 6, 9 et en vitamine C, offre une nutrition, \u00e9limine les frisottis et combat la s\u00e9cheresse pour des cheveux nourris, doux, align\u00e9s et intens\u00e9ment brillants.<\/p>\n<p><strong>Mode d&#8217;emploi :<\/strong><\/p>\n<p>Prenez une petite quantit\u00e9 d&#8217;huile dans la paume de votre main et appliquez-la sur des cheveux humides ou secs. R\u00e9partissez uniform\u00e9ment des milieux aux pointes, en vous concentrant sur les zones qui ont besoin d&#8217;une nourriture et d&#8217;un lissage suppl\u00e9mentaires. Coiffez vos cheveux comme d\u00e9sir\u00e9. \u00c9vitez d&#8217;appliquer trop pr\u00e8s des racines pour \u00e9viter la graisse.<\/p>\n<p><span style=\"color: #ff0000;\"><em>Veuillez noter que l&#8217;emballage de ce produit peut varier en raison de changements r\u00e9cents, mais soyez assur\u00e9 que le produit \u00e0 l&#8217;int\u00e9rieur reste le m\u00eame.<\/em><\/span><\/p>\n","protected":false},"excerpt":{"rendered":"<p>NOURRIT, \u00c9LIMINE LES FRISOTTIS ET COMBAT LA S\u00c9CHERESSE<\/p>\n","protected":false},"featured_media":33162,"comment_status":"open","ping_status":"closed","template":"","meta":{"_glsr_average":0,"_glsr_ranking":0,"_glsr_reviews":0},"product_brand":[900],"product_cat":[721],"product_tag":[],"class_list":{"0":"post-18103","1":"product","2":"type-product","3":"status-publish","4":"has-post-thumbnail","6":"product_brand-felps","7":"product_cat-huile","8":"_wholesalex wsx-wholesalex-product","10":"first","11":"outofstock","12":"taxable","13":"shipping-taxable","14":"purchasable","15":"product-type-simple"},"jetpack_sharing_enabled":true,"_links":{"self":[{"href":"https:\/\/naturalook.shop\/fr\/wp-json\/wp\/v2\/product\/18103","targetHints":{"allow":["GET"]}}],"collection":[{"href":"https:\/\/naturalook.shop\/fr\/wp-json\/wp\/v2\/product"}],"about":[{"href":"https:\/\/naturalook.shop\/fr\/wp-json\/wp\/v2\/types\/product"}],"replies":[{"embeddable":true,"href":"https:\/\/naturalook.shop\/fr\/wp-json\/wp\/v2\/comments?post=18103"}],"version-history":[{"count":1,"href":"https:\/\/naturalook.shop\/fr\/wp-json\/wp\/v2\/product\/18103\/revisions"}],"predecessor-version":[{"id":33897,"href":"https:\/\/naturalook.shop\/fr\/wp-json\/wp\/v2\/product\/18103\/revisions\/33897"}],"wp:featuredmedia":[{"embeddable":true,"href":"https:\/\/naturalook.shop\/fr\/wp-json\/wp\/v2\/media\/33162"}],"wp:attachment":[{"href":"https:\/\/naturalook.shop\/fr\/wp-json\/wp\/v2\/media?parent=18103"}],"wp:term":[{"taxonomy":"product_brand","embeddable":true,"href":"https:\/\/naturalook.shop\/fr\/wp-json\/wp\/v2\/product_brand?post=18103"},{"taxonomy":"product_cat","embeddable":true,"href":"https:\/\/naturalook.shop\/fr\/wp-json\/wp\/v2\/product_cat?post=18103"},{"taxonomy":"product_tag","embeddable":true,"href":"https:\/\/naturalook.shop\/fr\/wp-json\/wp\/v2\/product_tag?post=18103"}],"curies":[{"name":"wp","href":"https:\/\/api.w.org\/{rel}","templated":true}]}}