{"id":18112,"date":"2023-02-09T22:24:00","date_gmt":"2023-02-10T03:24:00","guid":{"rendered":"https:\/\/naturalook.shop\/product\/felps-uniq-cream-spray\/"},"modified":"2026-02-16T16:37:31","modified_gmt":"2026-02-16T21:37:31","slug":"felps-uniq-cream-spray","status":"publish","type":"product","link":"https:\/\/naturalook.shop\/fr\/produit\/felps-uniq-cream-spray\/","title":{"rendered":"Felps &#8211; UNIQ CREAM SPRAY"},"content":{"rendered":"<p><strong>D\u00e9couvrez Uniq Cream<\/strong>, un traitement capillaire polyvalent avec filtre UV, cr\u00e9atine et huile de coco qui agit comme un masque liquide et un protecteur thermique et solaire sans rin\u00e7age. Sa formule puissante prot\u00e8ge vos cheveux des sources de chaleur, du soleil, de la plage et de la piscine, tout en reconstruisant, hydratant, contr\u00f4lant les frisottis, d\u00e9m\u00ealant, facilitant le brossage et pr\u00e9venant les pointes fourchues. Uniq Cream favorise \u00e9galement une intense brillance, douceur et l\u00e9g\u00e8ret\u00e9, ce qui en fait une solution tout-en-un pour des cheveux magnifiques et sains.<\/p>\n<p>Avec <strong>50 applications par conteneur<\/strong>, Uniq Cream est un investissement rentable pour la sant\u00e9 et la beaut\u00e9 de vos cheveux. Voici comment l&#8217;utiliser :<\/p>\n<p><strong>Utilisation 1 : Comme traitement sans rin\u00e7age :<\/strong> vaporisez le produit dans la paume de votre main et appliquez-le sur les cheveux mouill\u00e9s, en insistant sur les zones qui ont besoin d&#8217;une attention particuli\u00e8re. Coiffez comme vous le souhaitez.<\/p>\n<p><strong>Utilisation 2 : Comme masque liquide avec rin\u00e7age :<\/strong> Apr\u00e8s avoir lav\u00e9 vos cheveux avec votre shampooing pr\u00e9f\u00e9r\u00e9, retirez l&#8217;exc\u00e8s d&#8217;eau, appliquez Uniq Cream sur les longueurs et les pointes, massez et laissez agir pendant 3 minutes. Rincez et continuez avec votre apr\u00e8s-shampooing pr\u00e9f\u00e9r\u00e9.<\/p>\n<p><strong>Utilisation 3 : Comme protecteur solaire et aquatique :<\/strong> Avant d&#8217;aller \u00e0 la plage ou \u00e0 la piscine, appliquez une quantit\u00e9 g\u00e9n\u00e9reuse d&#8217;Uniq Cream sur vos cheveux pour les prot\u00e9ger des rayons UV nocifs et les maintenir hydrat\u00e9s.<\/p>\n<p>Obtenez le meilleur de votre routine capillaire avec Uniq Cream &#8211; le traitement multi-fonctionnel ultime pour des cheveux sains et \u00e9clatants.<\/p>\n","protected":false},"excerpt":{"rendered":"<p>MASQUE LIQUIDE ET PROTECTEUR THERMIQUE ET SOLAIRE SANS RIN\u00c7AGE EN UN SEUL PRODUIT<\/p>\n","protected":false},"featured_media":33165,"comment_status":"open","ping_status":"closed","template":"","meta":{"_glsr_average":0,"_glsr_ranking":0,"_glsr_reviews":0},"product_brand":[900],"product_cat":[612,616],"product_tag":[],"class_list":{"0":"post-18112","1":"product","2":"type-product","3":"status-publish","4":"has-post-thumbnail","6":"product_brand-felps","7":"product_cat-leave-in-fr","8":"product_cat-traitement","9":"_wholesalex wsx-wholesalex-product","11":"first","12":"outofstock","13":"taxable","14":"shipping-taxable","15":"purchasable","16":"product-type-simple"},"jetpack_sharing_enabled":true,"_links":{"self":[{"href":"https:\/\/naturalook.shop\/fr\/wp-json\/wp\/v2\/product\/18112","targetHints":{"allow":["GET"]}}],"collection":[{"href":"https:\/\/naturalook.shop\/fr\/wp-json\/wp\/v2\/product"}],"about":[{"href":"https:\/\/naturalook.shop\/fr\/wp-json\/wp\/v2\/types\/product"}],"replies":[{"embeddable":true,"href":"https:\/\/naturalook.shop\/fr\/wp-json\/wp\/v2\/comments?post=18112"}],"version-history":[{"count":1,"href":"https:\/\/naturalook.shop\/fr\/wp-json\/wp\/v2\/product\/18112\/revisions"}],"predecessor-version":[{"id":34190,"href":"https:\/\/naturalook.shop\/fr\/wp-json\/wp\/v2\/product\/18112\/revisions\/34190"}],"wp:featuredmedia":[{"embeddable":true,"href":"https:\/\/naturalook.shop\/fr\/wp-json\/wp\/v2\/media\/33165"}],"wp:attachment":[{"href":"https:\/\/naturalook.shop\/fr\/wp-json\/wp\/v2\/media?parent=18112"}],"wp:term":[{"taxonomy":"product_brand","embeddable":true,"href":"https:\/\/naturalook.shop\/fr\/wp-json\/wp\/v2\/product_brand?post=18112"},{"taxonomy":"product_cat","embeddable":true,"href":"https:\/\/naturalook.shop\/fr\/wp-json\/wp\/v2\/product_cat?post=18112"},{"taxonomy":"product_tag","embeddable":true,"href":"https:\/\/naturalook.shop\/fr\/wp-json\/wp\/v2\/product_tag?post=18112"}],"curies":[{"name":"wp","href":"https:\/\/api.w.org\/{rel}","templated":true}]}}