{"id":18115,"date":"2023-02-09T22:20:00","date_gmt":"2023-02-10T03:20:00","guid":{"rendered":"https:\/\/naturalook.shop\/product\/felps-omega-zero-nanoplastia-sensitive-1l\/"},"modified":"2026-02-16T16:37:32","modified_gmt":"2026-02-16T21:37:32","slug":"felps-omega-zero-nanoplastia-sensitive-1l","status":"publish","type":"product","link":"https:\/\/naturalook.shop\/fr\/produit\/felps-omega-zero-nanoplastia-sensitive-1l\/","title":{"rendered":"Felps &#8211; OMEGA ZERO NANOPLASTIA SENSITIVE &#8211; 1L"},"content":{"rendered":"<p><strong>Omega Zero Sensitive Nanoplastia<\/strong> est un traitement de lissage br\u00e9silien qui offre une r\u00e9duction de volume, un alignement capillaire et un lissage \u00e0 100% sans utiliser de formald\u00e9hyde. Il procure de la brillance et de la douceur avec un mouvement naturel pour tous les types de cheveux.<\/p>\n<p><strong>QU&#8217;EST-CE QUE LA NANOLASTIE?<\/strong><\/p>\n<p>La Nanoplastie capillaire a \u00e9t\u00e9 cr\u00e9\u00e9e pour r\u00e9organiser la structure des cheveux, sceller les cuticules et restaurer les lipides naturels des cheveux. Elle rend les cheveux plus hydrat\u00e9s, plus doux et plus brillants. Cette technique aide \u00e0 contr\u00f4ler le pH des cheveux, \u00e9vitant ainsi l&#8217;alcalinit\u00e9 et la perte de vitamines et de nutriments. Elle \u00e9limine \u00e9galement la porosit\u00e9 et r\u00e9duit la s\u00e9cheresse, en particulier des cheveux color\u00e9s ou m\u00e9ch\u00e9s. Id\u00e9al pour ceux qui veulent lisser leurs cheveux sans les ab\u00eemer.<\/p>\n<p><strong>Ingr\u00e9dients actifs:<\/strong><\/p>\n<p>Acide tanino &#8211; les tanins sont des polyph\u00e9nols d&#8217;origine v\u00e9g\u00e9tale extraits de raisins. C&#8217;est un puissant antioxydant qui agit sur le cortex capillaire, en brisant les ponts de liaison de l&#8217;int\u00e9rieur vers l&#8217;ext\u00e9rieur, permettant ainsi aux cheveux d&#8217;\u00eatre model\u00e9s m\u00e9caniquement par la chaleur, et les laissant lisses avec un lissage naturel.<\/p>\n<p><strong>Instructions:<\/strong><\/p>\n<ul>\n<li><strong>\u00c9tape 1 :<\/strong> Lavez les cheveux 1 \u00e0 2 fois avec un shampooing clarifiant pour \u00e9liminer les r\u00e9sidus et pr\u00e9parer les cheveux au traitement.<\/li>\n<li><strong>\u00c9tape 2 :<\/strong> S\u00e9chez les cheveux compl\u00e8tement ou presque compl\u00e8tement \u00e0 l&#8217;aide d&#8217;un s\u00e8che-cheveux.<\/li>\n<li><strong>\u00c9tape 3 :<\/strong> Appliquez la Nanoplastie uniform\u00e9ment, en assurant une couverture compl\u00e8te de chaque m\u00e8che tout en \u00e9vitant les racines.<\/li>\n<li><strong>\u00c9tape 4 :<\/strong> Laissez le produit agir pendant 1 \u00e0 2 heures pour qu&#8217;il p\u00e9n\u00e8tre la structure capillaire. Le temps d\u00e9pend de la porosit\u00e9 et de la texture des cheveux.<\/li>\n<li><strong>\u00c9tape 5 :<\/strong> Rincez soigneusement pour enlever tout le produit.<\/li>\n<li><strong>\u00c9tape 6 :<\/strong> Appliquez le protecteur thermique Felps pour prot\u00e9ger les cheveux durant le processus de scellage.<\/li>\n<li><strong>\u00c9tape 7 :<\/strong> S\u00e9chez les cheveux \u00e0 100 % pour qu&#8217;ils soient compl\u00e8tement secs.<\/li>\n<li><strong>\u00c9tape 8 :<\/strong> Scellez le traitement \u00e0 l&#8217;aide d&#8217;un fer \u00e0 lisser, en ajustant la temp\u00e9rature selon le niveau de dommages des cheveux.<\/li>\n<\/ul>\n\t\t<div data-elementor-type=\"wp-post\" data-elementor-id=\"21671\" class=\"elementor elementor-21671 elementor-21667\" data-elementor-settings=\"{&quot;ha_cmc_init_switcher&quot;:&quot;no&quot;}\">\n\t\t\t\t\t\t<section class=\"wd-negative-gap elementor-section elementor-top-section elementor-element elementor-element-299907a elementor-section-boxed elementor-section-height-default elementor-section-height-default\" data-id=\"299907a\" data-element_type=\"section\" data-settings=\"{&quot;_ha_eqh_enable&quot;:false}\">\n\t\t\t\t\t\t<div class=\"elementor-container elementor-column-gap-default\">\n\t\t\t\t\t<div class=\"elementor-column elementor-col-100 elementor-top-column elementor-element elementor-element-83f7bd2\" data-id=\"83f7bd2\" data-element_type=\"column\">\n\t\t\t<div class=\"elementor-widget-wrap elementor-element-populated\">\n\t\t\t\t\t\t<div class=\"elementor-element elementor-element-22c4fc7 elementor-widget elementor-widget-wd_image_or_svg\" data-id=\"22c4fc7\" data-element_type=\"widget\" data-widget_type=\"wd_image_or_svg.default\">\n\t\t\t\t<div class=\"elementor-widget-container\">\n\t\t\t\t\t\n\t\t<div class=\"wd-image text-left\">\n\t\t\t\t\t\t\t\t<img loading=\"lazy\" decoding=\"async\" width=\"1234\" height=\"537\" src=\"https:\/\/naturalook.shop\/wp-content\/uploads\/2023\/04\/keratin-nano-fr.png\" class=\"attachment-full size-full\" alt=\"\" srcset=\"https:\/\/naturalook.shop\/wp-content\/uploads\/2023\/04\/keratin-nano-fr.png 1234w, https:\/\/naturalook.shop\/wp-content\/uploads\/2023\/04\/keratin-nano-fr-430x187.png 430w, https:\/\/naturalook.shop\/wp-content\/uploads\/2023\/04\/keratin-nano-fr-150x65.png 150w, https:\/\/naturalook.shop\/wp-content\/uploads\/2023\/04\/keratin-nano-fr-900x392.png 900w, https:\/\/naturalook.shop\/wp-content\/uploads\/2023\/04\/keratin-nano-fr-400x174.png 400w, https:\/\/naturalook.shop\/wp-content\/uploads\/2023\/04\/keratin-nano-fr-768x334.png 768w, https:\/\/naturalook.shop\/wp-content\/uploads\/2023\/04\/keratin-nano-fr-860x374.png 860w\" sizes=\"auto, (max-width: 1234px) 100vw, 1234px\" \/>\t\t\t\t\t<\/div>\n\n\t\t\t\t\t\t<\/div>\n\t\t\t\t<\/div>\n\t\t\t\t\t<\/div>\n\t\t<\/div>\n\t\t\t\t\t<\/div>\n\t\t<\/section>\n\t\t\t\t<section class=\"wd-negative-gap elementor-section elementor-top-section elementor-element elementor-element-922392a elementor-section-boxed elementor-section-height-default elementor-section-height-default\" data-id=\"922392a\" data-element_type=\"section\" data-settings=\"{&quot;_ha_eqh_enable&quot;:false}\">\n\t\t\t\t\t\t<div class=\"elementor-container elementor-column-gap-default\">\n\t\t\t\t\t<div class=\"elementor-column elementor-col-100 elementor-top-column elementor-element elementor-element-57cd046\" data-id=\"57cd046\" data-element_type=\"column\">\n\t\t\t<div class=\"elementor-widget-wrap elementor-element-populated\">\n\t\t\t\t\t\t<div class=\"elementor-element elementor-element-4ea3078 elementor-widget elementor-widget-wd_image_or_svg\" data-id=\"4ea3078\" data-element_type=\"widget\" data-widget_type=\"wd_image_or_svg.default\">\n\t\t\t\t<div class=\"elementor-widget-container\">\n\t\t\t\t\t\n\t\t<div class=\"wd-image text-left\">\n\t\t\t\t\t\t\t\t<img loading=\"lazy\" decoding=\"async\" width=\"1974\" height=\"2560\" src=\"https:\/\/naturalook.shop\/wp-content\/uploads\/2025\/02\/FELPS-keratin-nano-FR-scaled.jpg\" class=\"attachment-full size-full\" alt=\"\" srcset=\"https:\/\/naturalook.shop\/wp-content\/uploads\/2025\/02\/FELPS-keratin-nano-FR-scaled.jpg 1974w, https:\/\/naturalook.shop\/wp-content\/uploads\/2025\/02\/FELPS-keratin-nano-FR-scaled-430x558.jpg 430w, https:\/\/naturalook.shop\/wp-content\/uploads\/2025\/02\/FELPS-keratin-nano-FR-scaled-150x195.jpg 150w, https:\/\/naturalook.shop\/wp-content\/uploads\/2025\/02\/FELPS-keratin-nano-FR-scaled-900x1167.jpg 900w, https:\/\/naturalook.shop\/wp-content\/uploads\/2025\/02\/FELPS-keratin-nano-FR-231x300.jpg 231w, https:\/\/naturalook.shop\/wp-content\/uploads\/2025\/02\/FELPS-keratin-nano-FR-617x800.jpg 617w, https:\/\/naturalook.shop\/wp-content\/uploads\/2025\/02\/FELPS-keratin-nano-FR-768x996.jpg 768w, https:\/\/naturalook.shop\/wp-content\/uploads\/2025\/02\/FELPS-keratin-nano-FR-1184x1536.jpg 1184w, https:\/\/naturalook.shop\/wp-content\/uploads\/2025\/02\/FELPS-keratin-nano-FR-1579x2048.jpg 1579w, https:\/\/naturalook.shop\/wp-content\/uploads\/2025\/02\/FELPS-keratin-nano-FR-1320x1712.jpg 1320w\" sizes=\"auto, (max-width: 1974px) 100vw, 1974px\" \/>\t\t\t\t\t<\/div>\n\n\t\t\t\t\t\t<\/div>\n\t\t\t\t<\/div>\n\t\t\t\t\t<\/div>\n\t\t<\/div>\n\t\t\t\t\t<\/div>\n\t\t<\/section>\n\t\t\t\t<\/div>\n\t\t\n","protected":false},"excerpt":{"rendered":"<p>OFFRE UNE R\u00c9DUCTION DE VOLUME, UN ALIGNEMENT DES CHEVEUX ET UN LISSAGE SANS FORMOL<\/p>\n","protected":false},"featured_media":33167,"comment_status":"open","ping_status":"closed","template":"","meta":{"_glsr_average":0,"_glsr_ranking":0,"_glsr_reviews":0},"product_brand":[900],"product_cat":[80],"product_tag":[],"class_list":{"0":"post-18115","1":"product","2":"type-product","3":"status-publish","4":"has-post-thumbnail","6":"product_brand-felps","7":"product_cat-nanoplastie","8":"_wholesalex wsx-wholesalex-product","10":"first","11":"outofstock","12":"taxable","13":"shipping-taxable","14":"product-type-simple"},"jetpack_sharing_enabled":true,"_links":{"self":[{"href":"https:\/\/naturalook.shop\/fr\/wp-json\/wp\/v2\/product\/18115","targetHints":{"allow":["GET"]}}],"collection":[{"href":"https:\/\/naturalook.shop\/fr\/wp-json\/wp\/v2\/product"}],"about":[{"href":"https:\/\/naturalook.shop\/fr\/wp-json\/wp\/v2\/types\/product"}],"replies":[{"embeddable":true,"href":"https:\/\/naturalook.shop\/fr\/wp-json\/wp\/v2\/comments?post=18115"}],"version-history":[{"count":1,"href":"https:\/\/naturalook.shop\/fr\/wp-json\/wp\/v2\/product\/18115\/revisions"}],"predecessor-version":[{"id":34191,"href":"https:\/\/naturalook.shop\/fr\/wp-json\/wp\/v2\/product\/18115\/revisions\/34191"}],"wp:featuredmedia":[{"embeddable":true,"href":"https:\/\/naturalook.shop\/fr\/wp-json\/wp\/v2\/media\/33167"}],"wp:attachment":[{"href":"https:\/\/naturalook.shop\/fr\/wp-json\/wp\/v2\/media?parent=18115"}],"wp:term":[{"taxonomy":"product_brand","embeddable":true,"href":"https:\/\/naturalook.shop\/fr\/wp-json\/wp\/v2\/product_brand?post=18115"},{"taxonomy":"product_cat","embeddable":true,"href":"https:\/\/naturalook.shop\/fr\/wp-json\/wp\/v2\/product_cat?post=18115"},{"taxonomy":"product_tag","embeddable":true,"href":"https:\/\/naturalook.shop\/fr\/wp-json\/wp\/v2\/product_tag?post=18115"}],"curies":[{"name":"wp","href":"https:\/\/api.w.org\/{rel}","templated":true}]}}