{"id":18119,"date":"2023-02-09T22:12:00","date_gmt":"2023-02-10T03:12:00","guid":{"rendered":"https:\/\/naturalook.shop\/product\/tape-de-remplacement-pour-extensions-adhesives-10-bandes-pre-decoupees\/"},"modified":"2024-10-15T16:07:28","modified_gmt":"2024-10-15T20:07:28","slug":"tape-de-remplacement-pour-extensions-adhesives-10-bandes-pre-decoupees","status":"publish","type":"product","link":"https:\/\/naturalook.shop\/fr\/produit\/tape-de-remplacement-pour-extensions-adhesives-10-bandes-pre-decoupees\/","title":{"rendered":"TAPE DE REMPLACEMENT POUR EXTENSIONS ADH\u00c9SIVES &#8211; 10 BANDES PR\u00c9-D\u00c9COUP\u00c9ES"},"content":{"rendered":"<p>Le pack de bandes de remplacement est livr\u00e9 avec 10 lignes de ruban double face pr\u00e9-d\u00e9coup\u00e9es, con\u00e7ues pour \u00eatre utilis\u00e9es avec des extensions Tape-In. Ces bandes \u00e9tanches sont incroyablement r\u00e9sistants, assurant une tenue s\u00fbre qui dure dans le temps. Malgr\u00e9 leur solidit\u00e9, ils sont \u00e9galement fins et durables, garantissant une sensation confortable et naturelle lorsqu&#8217;ils sont appliqu\u00e9s sur vos cheveux. Que vous soyez un coiffeur professionnel ou simplement \u00e0 la recherche d&#8217;une solution pour prolonger la dur\u00e9e de vie de vos extensions Tape-In, ces bandes de remplacement sont la solution parfaite.<\/p>\n","protected":false},"excerpt":{"rendered":"<p>ADH\u00c9SIF SOLIDE ET IMPERM\u00c9ABLE<\/p>\n","protected":false},"featured_media":17569,"comment_status":"open","ping_status":"closed","template":"","meta":{"_glsr_average":0,"_glsr_ranking":0,"_glsr_reviews":0},"product_brand":[],"product_cat":[621,622],"product_tag":[],"class_list":{"0":"post-18119","1":"product","2":"type-product","3":"status-publish","4":"has-post-thumbnail","6":"product_cat-outils","7":"product_cat-outils-pour-extensions-capillaires","8":"_wholesalex wsx-wholesalex-product","10":"first","11":"instock","12":"taxable","13":"shipping-taxable","14":"purchasable","15":"product-type-simple"},"jetpack_sharing_enabled":true,"_links":{"self":[{"href":"https:\/\/naturalook.shop\/fr\/wp-json\/wp\/v2\/product\/18119","targetHints":{"allow":["GET"]}}],"collection":[{"href":"https:\/\/naturalook.shop\/fr\/wp-json\/wp\/v2\/product"}],"about":[{"href":"https:\/\/naturalook.shop\/fr\/wp-json\/wp\/v2\/types\/product"}],"replies":[{"embeddable":true,"href":"https:\/\/naturalook.shop\/fr\/wp-json\/wp\/v2\/comments?post=18119"}],"version-history":[{"count":0,"href":"https:\/\/naturalook.shop\/fr\/wp-json\/wp\/v2\/product\/18119\/revisions"}],"wp:featuredmedia":[{"embeddable":true,"href":"https:\/\/naturalook.shop\/fr\/wp-json\/wp\/v2\/media\/17569"}],"wp:attachment":[{"href":"https:\/\/naturalook.shop\/fr\/wp-json\/wp\/v2\/media?parent=18119"}],"wp:term":[{"taxonomy":"product_brand","embeddable":true,"href":"https:\/\/naturalook.shop\/fr\/wp-json\/wp\/v2\/product_brand?post=18119"},{"taxonomy":"product_cat","embeddable":true,"href":"https:\/\/naturalook.shop\/fr\/wp-json\/wp\/v2\/product_cat?post=18119"},{"taxonomy":"product_tag","embeddable":true,"href":"https:\/\/naturalook.shop\/fr\/wp-json\/wp\/v2\/product_tag?post=18119"}],"curies":[{"name":"wp","href":"https:\/\/api.w.org\/{rel}","templated":true}]}}