{"id":18122,"date":"2023-02-09T22:11:52","date_gmt":"2023-02-10T03:11:52","guid":{"rendered":"https:\/\/naturalook.shop\/product\/crochet-loop-en-bois\/"},"modified":"2026-04-29T14:34:30","modified_gmt":"2026-04-29T18:34:30","slug":"crochet-loop-en-bois","status":"publish","type":"product","link":"https:\/\/naturalook.shop\/fr\/produit\/crochet-loop-en-bois\/","title":{"rendered":"CROCHET LOOP EN BOIS"},"content":{"rendered":"<p>L&#8217;outil Pulling Loop est un outil essentiel pour les stylistes capillaires qui proposent des services d&#8217;extension de cheveux I-Tip. Il peut \u00eatre utilis\u00e9 pour diff\u00e9rentes sortes d&#8217;anneaux d&#8217;application, y compris les micro-anneaux, les anneaux en silicone et la m\u00e9thode de verrouillage Euro (m\u00e9thode d&#8217;extension de cheveux \u00e0 froid).<\/p>\n<p>L&#8217;outil est con\u00e7u pour tirer les cheveux naturels \u00e0 travers l&#8217;anneau d&#8217;extension, permettant une fixation s\u00e9curis\u00e9e des extensions capillaires. Il est fabriqu\u00e9 avec des mat\u00e9riaux de haute qualit\u00e9 qui sont durables et longue dur\u00e9e.<\/p>\n<p>Que vous soyez un styliste professionnel ou quelqu&#8217;un qui souhaite faire ses propres extensions de cheveux, l&#8217;outil Pulling Loop est un must-have. Il simplifie le processus d&#8217;installation des extensions I-Tip et garantit un aspect naturel et sans faille.<\/p>\n","protected":false},"excerpt":{"rendered":"<p>SIMPLIFIE LE PROCESSUS D&#8217;INSTALLATION DES EXTENSIONS DE CHEVEUX I-TIP<\/p>\n","protected":false},"featured_media":17585,"comment_status":"open","ping_status":"closed","template":"","meta":{"_glsr_average":0,"_glsr_ranking":0,"_glsr_reviews":0},"product_brand":[],"product_cat":[621,622],"product_tag":[],"class_list":{"0":"post-18122","1":"product","2":"type-product","3":"status-publish","4":"has-post-thumbnail","6":"product_cat-outils","7":"product_cat-outils-pour-extensions-capillaires","8":"_wholesalex wsx-wholesalex-product","10":"first","11":"instock","12":"taxable","13":"shipping-taxable","14":"purchasable","15":"product-type-simple"},"jetpack_sharing_enabled":true,"_links":{"self":[{"href":"https:\/\/naturalook.shop\/fr\/wp-json\/wp\/v2\/product\/18122","targetHints":{"allow":["GET"]}}],"collection":[{"href":"https:\/\/naturalook.shop\/fr\/wp-json\/wp\/v2\/product"}],"about":[{"href":"https:\/\/naturalook.shop\/fr\/wp-json\/wp\/v2\/types\/product"}],"replies":[{"embeddable":true,"href":"https:\/\/naturalook.shop\/fr\/wp-json\/wp\/v2\/comments?post=18122"}],"version-history":[{"count":0,"href":"https:\/\/naturalook.shop\/fr\/wp-json\/wp\/v2\/product\/18122\/revisions"}],"wp:featuredmedia":[{"embeddable":true,"href":"https:\/\/naturalook.shop\/fr\/wp-json\/wp\/v2\/media\/17585"}],"wp:attachment":[{"href":"https:\/\/naturalook.shop\/fr\/wp-json\/wp\/v2\/media?parent=18122"}],"wp:term":[{"taxonomy":"product_brand","embeddable":true,"href":"https:\/\/naturalook.shop\/fr\/wp-json\/wp\/v2\/product_brand?post=18122"},{"taxonomy":"product_cat","embeddable":true,"href":"https:\/\/naturalook.shop\/fr\/wp-json\/wp\/v2\/product_cat?post=18122"},{"taxonomy":"product_tag","embeddable":true,"href":"https:\/\/naturalook.shop\/fr\/wp-json\/wp\/v2\/product_tag?post=18122"}],"curies":[{"name":"wp","href":"https:\/\/api.w.org\/{rel}","templated":true}]}}