{"id":18127,"date":"2023-02-09T22:11:43","date_gmt":"2023-02-10T03:11:43","guid":{"rendered":"https:\/\/naturalook.shop\/product\/protecteurs-en-plastique\/"},"modified":"2026-03-27T20:39:42","modified_gmt":"2026-03-28T00:39:42","slug":"protecteurs-en-plastique","status":"publish","type":"product","link":"https:\/\/naturalook.shop\/fr\/produit\/protecteurs-en-plastique\/","title":{"rendered":"PROTECTEURS EN PLASTIQUE"},"content":{"rendered":"<p>Prot\u00e9gez le cuir chevelu de votre client lors du processus de pose d&#8217;extension de cheveux avec nos <strong>Protecteurs en plastique (Shields).<\/strong> Ce pack <strong>comprend 5 disques en PVC<\/strong> con\u00e7us pour \u00eatre plac\u00e9s entre le cuir chevelu et l&#8217;outil de fusion chaud. Ces protecteurs fournissent une barri\u00e8re qui emp\u00eache le cuir chevelu de entrer en contact avec la chaleur de l&#8217;outil, assurant une exp\u00e9rience s\u00fbre et confortable pour votre client.<\/p>\n<p>Id\u00e9aux pour une utilisation avec des extensions de cheveux \u00e0 fusion, ces protecteurs sont un outil indispensable pour tout coiffeur professionnel ou technicien d&#8217;extension de cheveux. Gardez vos clients confortables et prot\u00e9g\u00e9s avec nos Protecteurs en plastique (Shields).<\/p>\n","protected":false},"excerpt":{"rendered":"<p>PARFAIT POUR UNE UTILISATION AVEC DES EXTENSIONS DE CHEVEUX \u00c0 FUSION<\/p>\n","protected":false},"featured_media":17603,"comment_status":"open","ping_status":"closed","template":"","meta":{"_glsr_average":0,"_glsr_ranking":0,"_glsr_reviews":0},"product_brand":[],"product_cat":[621,622],"product_tag":[],"class_list":{"0":"post-18127","1":"product","2":"type-product","3":"status-publish","4":"has-post-thumbnail","6":"product_cat-outils","7":"product_cat-outils-pour-extensions-capillaires","8":"_wholesalex wsx-wholesalex-product","10":"first","11":"instock","12":"taxable","13":"shipping-taxable","14":"purchasable","15":"product-type-simple"},"jetpack_sharing_enabled":true,"_links":{"self":[{"href":"https:\/\/naturalook.shop\/fr\/wp-json\/wp\/v2\/product\/18127","targetHints":{"allow":["GET"]}}],"collection":[{"href":"https:\/\/naturalook.shop\/fr\/wp-json\/wp\/v2\/product"}],"about":[{"href":"https:\/\/naturalook.shop\/fr\/wp-json\/wp\/v2\/types\/product"}],"replies":[{"embeddable":true,"href":"https:\/\/naturalook.shop\/fr\/wp-json\/wp\/v2\/comments?post=18127"}],"version-history":[{"count":0,"href":"https:\/\/naturalook.shop\/fr\/wp-json\/wp\/v2\/product\/18127\/revisions"}],"wp:featuredmedia":[{"embeddable":true,"href":"https:\/\/naturalook.shop\/fr\/wp-json\/wp\/v2\/media\/17603"}],"wp:attachment":[{"href":"https:\/\/naturalook.shop\/fr\/wp-json\/wp\/v2\/media?parent=18127"}],"wp:term":[{"taxonomy":"product_brand","embeddable":true,"href":"https:\/\/naturalook.shop\/fr\/wp-json\/wp\/v2\/product_brand?post=18127"},{"taxonomy":"product_cat","embeddable":true,"href":"https:\/\/naturalook.shop\/fr\/wp-json\/wp\/v2\/product_cat?post=18127"},{"taxonomy":"product_tag","embeddable":true,"href":"https:\/\/naturalook.shop\/fr\/wp-json\/wp\/v2\/product_tag?post=18127"}],"curies":[{"name":"wp","href":"https:\/\/api.w.org\/{rel}","templated":true}]}}