{"id":18131,"date":"2023-02-09T22:08:00","date_gmt":"2023-02-10T03:08:00","guid":{"rendered":"https:\/\/naturalook.shop\/product\/extensions-de-cheveux-a-micro-anneaux-i-tip-20\/"},"modified":"2026-03-24T18:36:27","modified_gmt":"2026-03-24T22:36:27","slug":"extensions-de-cheveux-a-micro-anneaux-i-tip-20","status":"publish","type":"product","link":"https:\/\/naturalook.shop\/fr\/produit\/extensions-de-cheveux-a-micro-anneaux-i-tip-20\/","title":{"rendered":"EXTENSIONS DE CHEVEUX \u00c0 MICRO-ANNEAUX (I-TIP) &#8211; 20&#8243;"},"content":{"rendered":"<h3>Vous cherchez un moyen d\u2019ajouter de la longueur et du volume \u00e0 vos cheveux sans les ab\u00eemer?<\/h3>\n<p>Essayez nos extensions capillaires \u00e0 micro-anneaux! Avec notre technologie avanc\u00e9e de micro-anneaux, chaque m\u00e8che d\u2019extension est maintenue en place de mani\u00e8re s\u00e9curis\u00e9e avec un anneau doubl\u00e9 de silicone, \u00e9liminant ainsi le besoin de chaleur ou de colle pendant l\u2019installation. Cela signifie que vos cheveux resteront sains et sans dommages, sans glissement ni perte.<\/p>\n<p>Les extensions de cheveux humains Naturalook sont fabriqu\u00e9es avec la plus haute qualit\u00e9 de cheveux 100% Remy Humains, ce qui signifie qu\u2019elles sont douces et sans n\u0153uds. Et avec nos liaisons d\u2019extr\u00e9mit\u00e9 en I \u00e0 la k\u00e9ratine italienne, votre installation de fusion froide sera parfaite et durable. De plus, nos extensions de cheveux en I sont disponibles en plusieurs couleurs pour correspondre \u00e0 vos cheveux naturels.<\/p>\n<p>Si vous recherchez des extensions de cheveux avec une dur\u00e9e de vie plus longue, vous allez adorer nos extensions \u00e0 micro-anneaux. Elles peuvent durer jusqu\u2019\u00e0 12 mois, selon la fa\u00e7on dont vous en prenez soin. Et avec un processus de retrait facile, vous pouvez changer de look quand vous le souhaitez. Essayez nos extensions \u00e0 micro-anneaux aujourd\u2019hui et obtenez les cheveux longs et pleins que vous avez toujours voulu!<\/p>\n<h3>Les principaux avantages :<\/h3>\n<ul>\n<li>Fabriqu\u00e9 avec des cheveux de luxe europ\u00e9ens de haute qualit\u00e9<\/li>\n<li>100% de cheveux humains Remy naturels qui sont sans n\u0153uds et doux comme de la soie<\/li>\n<li>Peut \u00eatre r\u00e9utilis\u00e9 jusqu\u2019\u00e0 4-5 fois avec des soins et un entretien appropri\u00e9s<\/li>\n<li>N\u2019utilise que la k\u00e9ratine italienne de la plus haute qualit\u00e9 pour nos liaisons en I, ce qui rend votre installation de fusion froide parfaite et durable<\/li>\n<li>Disponible en plusieurs couleurs pour correspondre \u00e0 la couleur de vos cheveux naturels<\/li>\n<li>Chaque paquet contient 25 brins en I, chaque brin pesant environ 1 gramme<\/li>\n<li>Le temps d\u2019application est de 1,5 \u00e0 2 heures, effectu\u00e9 par un sp\u00e9cialiste des extensions capillaires pour garantir les meilleurs r\u00e9sultats.<\/li>\n<\/ul>\n<p><span style=\"color: #ff0000;\"><em>** Les couleurs peuvent varier en raison des param\u00e8tres du moniteur, et les nuances peuvent appara\u00eetre diff\u00e9rentes sur l\u2019\u00e9cran par rapport \u00e0 la r\u00e9alit\u00e9.<\/em><\/span><\/p>\n","protected":false},"excerpt":{"rendered":"<p>SOLUTION DURABLE POUR AJOUTER DU VOLUME ET DE LA LONGUEUR<\/p>\n","protected":false},"featured_media":17542,"comment_status":"open","ping_status":"closed","template":"","meta":{"_glsr_average":0,"_glsr_ranking":0,"_glsr_reviews":0},"product_brand":[905],"product_cat":[605,606],"product_tag":[],"class_list":{"0":"post-18131","1":"product","2":"type-product","3":"status-publish","4":"has-post-thumbnail","6":"product_brand-naturalook-extensions","7":"product_cat-extensions-capillaires","8":"product_cat-extensions-i-tip","9":"_wholesalex wsx-wholesalex-product","11":"first","12":"instock","13":"taxable","14":"shipping-taxable","15":"purchasable","16":"product-type-variable","17":"has-default-attributes"},"jetpack_sharing_enabled":true,"_links":{"self":[{"href":"https:\/\/naturalook.shop\/fr\/wp-json\/wp\/v2\/product\/18131","targetHints":{"allow":["GET"]}}],"collection":[{"href":"https:\/\/naturalook.shop\/fr\/wp-json\/wp\/v2\/product"}],"about":[{"href":"https:\/\/naturalook.shop\/fr\/wp-json\/wp\/v2\/types\/product"}],"replies":[{"embeddable":true,"href":"https:\/\/naturalook.shop\/fr\/wp-json\/wp\/v2\/comments?post=18131"}],"version-history":[{"count":1,"href":"https:\/\/naturalook.shop\/fr\/wp-json\/wp\/v2\/product\/18131\/revisions"}],"predecessor-version":[{"id":34359,"href":"https:\/\/naturalook.shop\/fr\/wp-json\/wp\/v2\/product\/18131\/revisions\/34359"}],"wp:featuredmedia":[{"embeddable":true,"href":"https:\/\/naturalook.shop\/fr\/wp-json\/wp\/v2\/media\/17542"}],"wp:attachment":[{"href":"https:\/\/naturalook.shop\/fr\/wp-json\/wp\/v2\/media?parent=18131"}],"wp:term":[{"taxonomy":"product_brand","embeddable":true,"href":"https:\/\/naturalook.shop\/fr\/wp-json\/wp\/v2\/product_brand?post=18131"},{"taxonomy":"product_cat","embeddable":true,"href":"https:\/\/naturalook.shop\/fr\/wp-json\/wp\/v2\/product_cat?post=18131"},{"taxonomy":"product_tag","embeddable":true,"href":"https:\/\/naturalook.shop\/fr\/wp-json\/wp\/v2\/product_tag?post=18131"}],"curies":[{"name":"wp","href":"https:\/\/api.w.org\/{rel}","templated":true}]}}