{"id":18154,"date":"2023-02-09T22:08:31","date_gmt":"2023-02-10T03:08:31","guid":{"rendered":"https:\/\/naturalook.shop\/product\/pince-a-extensions-de-cheveux\/"},"modified":"2026-02-17T10:08:23","modified_gmt":"2026-02-17T15:08:23","slug":"pince-a-extensions-de-cheveux","status":"publish","type":"product","link":"https:\/\/naturalook.shop\/fr\/produit\/pince-a-extensions-de-cheveux\/","title":{"rendered":"PINCE \u00c0 EXTENSIONS DE CHEVEUX"},"content":{"rendered":"<p>Les <strong>pinces pour extensions de cheveux<\/strong> sont des outils indispensables pour tout coiffeur professionnel ou amateur souhaitant appliquer ou enlever des extensions de cheveux. Con\u00e7ues sp\u00e9cifiquement pour l&#8217;application et le retrait des anneaux micro, des anneaux en silicone et des Eurolocks, ces pinces multifonctions sont polyvalentes et peuvent \u00e9galement aider \u00e0 casser les liaisons k\u00e9ratiniques lors du processus de retrait.<\/p>\n<p>Fabriqu\u00e9es avec des mat\u00e9riaux durables et de haute qualit\u00e9, ces pinces sont \u00e0 la fois fiables et abordables. Que vous soyez un coiffeur chevronn\u00e9 ou un d\u00e9butant, ces pinces sont un ajout essentiel \u00e0 votre trousse d&#8217;extension de cheveux.<\/p>\n","protected":false},"excerpt":{"rendered":"<p>OUTIL ESSENTIEL POUR APPLIQUER OU RETIRER DES EXTENSIONS DE CHEVEUX<\/p>\n","protected":false},"featured_media":17630,"comment_status":"open","ping_status":"closed","template":"","meta":{"_glsr_average":0,"_glsr_ranking":0,"_glsr_reviews":0},"product_brand":[],"product_cat":[621,622],"product_tag":[],"class_list":{"0":"post-18154","1":"product","2":"type-product","3":"status-publish","4":"has-post-thumbnail","6":"product_cat-outils","7":"product_cat-outils-pour-extensions-capillaires","8":"_wholesalex wsx-wholesalex-product","10":"first","11":"instock","12":"taxable","13":"shipping-taxable","14":"purchasable","15":"product-type-variable"},"jetpack_sharing_enabled":true,"_links":{"self":[{"href":"https:\/\/naturalook.shop\/fr\/wp-json\/wp\/v2\/product\/18154","targetHints":{"allow":["GET"]}}],"collection":[{"href":"https:\/\/naturalook.shop\/fr\/wp-json\/wp\/v2\/product"}],"about":[{"href":"https:\/\/naturalook.shop\/fr\/wp-json\/wp\/v2\/types\/product"}],"replies":[{"embeddable":true,"href":"https:\/\/naturalook.shop\/fr\/wp-json\/wp\/v2\/comments?post=18154"}],"version-history":[{"count":1,"href":"https:\/\/naturalook.shop\/fr\/wp-json\/wp\/v2\/product\/18154\/revisions"}],"predecessor-version":[{"id":35895,"href":"https:\/\/naturalook.shop\/fr\/wp-json\/wp\/v2\/product\/18154\/revisions\/35895"}],"wp:featuredmedia":[{"embeddable":true,"href":"https:\/\/naturalook.shop\/fr\/wp-json\/wp\/v2\/media\/17630"}],"wp:attachment":[{"href":"https:\/\/naturalook.shop\/fr\/wp-json\/wp\/v2\/media?parent=18154"}],"wp:term":[{"taxonomy":"product_brand","embeddable":true,"href":"https:\/\/naturalook.shop\/fr\/wp-json\/wp\/v2\/product_brand?post=18154"},{"taxonomy":"product_cat","embeddable":true,"href":"https:\/\/naturalook.shop\/fr\/wp-json\/wp\/v2\/product_cat?post=18154"},{"taxonomy":"product_tag","embeddable":true,"href":"https:\/\/naturalook.shop\/fr\/wp-json\/wp\/v2\/product_tag?post=18154"}],"curies":[{"name":"wp","href":"https:\/\/api.w.org\/{rel}","templated":true}]}}