{"id":18158,"date":"2023-02-09T22:08:00","date_gmt":"2023-02-10T03:08:00","guid":{"rendered":"https:\/\/naturalook.shop\/product\/extensions-de-cheveux-a-clips-20\/"},"modified":"2026-02-16T17:02:56","modified_gmt":"2026-02-16T22:02:56","slug":"extensions-de-cheveux-a-clips-20","status":"publish","type":"product","link":"https:\/\/naturalook.shop\/fr\/produit\/extensions-de-cheveux-a-clips-20\/","title":{"rendered":"EXTENSIONS DE CHEVEUX \u00c0 CLIPS &#8211; 20&#8243;"},"content":{"rendered":"<h3>Les extensions de cheveux \u00e0 clips peuvent transformer instantan\u00e9ment votre look.<\/h3>\n<p>Les extensions de cheveux \u00e0 clips sont la solution id\u00e9ale pour obtenir une coiffure \u00e9poustouflante sans endommager vos cheveux. Peu importe que vous ayez les cheveux courts ou longs, les extensions de cheveux \u00e0 clips ajouteront de la longueur et du volume \u00e0 vos cheveux. Avec une technique simple \u00e0 faire soi-m\u00eame, vous pouvez facilement les appliquer \u00e0 la maison en quelques minutes seulement. Nos extensions de cheveux sont un moyen simple et rapide d&#8217;ajouter du glamour et du style \u00e0 vos cheveux. Une fois appliqu\u00e9es, elles peuvent \u00eatre trait\u00e9es comme des cheveux normaux, vous pouvez donc les couper, les boucler, les lisser et les s\u00e9cher \u00e0 votre guise. <br \/>\nLes extensions de cheveux humains Naturalook sont fabriqu\u00e9es avec des cheveux humains de la plus haute qualit\u00e9, sans traitement chimique, ce qui donne des cheveux naturels et sains. Elles sont disponibles dans plusieurs couleurs pour r\u00e9pondre \u00e0 vos pr\u00e9f\u00e9rences.<\/p>\n<h3>L&#8217;ensemble comprend:<\/h3>\n<ul>\n<li>2 sections de 6 pouces chacune (3 clips attach\u00e9s)<\/li>\n<li>3 sections de 5 pouces chacune (3 clips attach\u00e9s)<\/li>\n<li>2 sections de 3 pouces chacune (2 clips attach\u00e9s)<\/li>\n<\/ul>\n<p>Total: 7 sections d&#8217;une largeur de 33 pouces et 19 clips.<\/p>\n<ul>\n<li>Poids: 100g<\/li>\n<li>Style: Droit<\/li>\n<li>Longueur: 20 pouces<\/li>\n<\/ul>\n<p><em><span style=\"color: #ff0000;\">**Les couleurs peuvent varier en fonction des param\u00e8tres du moniteur, et les nuances peuvent appara\u00eetre diff\u00e9rentes sur l&#8217;\u00e9cran par rapport \u00e0 la r\u00e9alit\u00e9.<\/span><\/em><\/p>\n","protected":false},"excerpt":{"rendered":"<p>TRANSFORMEZ INSTANTAN\u00c9MENT VOTRE APPARENCE<\/p>\n","protected":false},"featured_media":17645,"comment_status":"open","ping_status":"closed","template":"","meta":{"_glsr_average":0,"_glsr_ranking":0,"_glsr_reviews":0},"product_brand":[905],"product_cat":[605,603],"product_tag":[],"class_list":{"0":"post-18158","1":"product","2":"type-product","3":"status-publish","4":"has-post-thumbnail","6":"product_brand-naturalook-extensions","7":"product_cat-extensions-capillaires","8":"product_cat-lace-clip-ins-fr","9":"_wholesalex wsx-wholesalex-product","11":"first","12":"instock","13":"taxable","14":"shipping-taxable","15":"purchasable","16":"product-type-variable","17":"has-default-attributes"},"jetpack_sharing_enabled":true,"_links":{"self":[{"href":"https:\/\/naturalook.shop\/fr\/wp-json\/wp\/v2\/product\/18158","targetHints":{"allow":["GET"]}}],"collection":[{"href":"https:\/\/naturalook.shop\/fr\/wp-json\/wp\/v2\/product"}],"about":[{"href":"https:\/\/naturalook.shop\/fr\/wp-json\/wp\/v2\/types\/product"}],"replies":[{"embeddable":true,"href":"https:\/\/naturalook.shop\/fr\/wp-json\/wp\/v2\/comments?post=18158"}],"version-history":[{"count":1,"href":"https:\/\/naturalook.shop\/fr\/wp-json\/wp\/v2\/product\/18158\/revisions"}],"predecessor-version":[{"id":34360,"href":"https:\/\/naturalook.shop\/fr\/wp-json\/wp\/v2\/product\/18158\/revisions\/34360"}],"wp:featuredmedia":[{"embeddable":true,"href":"https:\/\/naturalook.shop\/fr\/wp-json\/wp\/v2\/media\/17645"}],"wp:attachment":[{"href":"https:\/\/naturalook.shop\/fr\/wp-json\/wp\/v2\/media?parent=18158"}],"wp:term":[{"taxonomy":"product_brand","embeddable":true,"href":"https:\/\/naturalook.shop\/fr\/wp-json\/wp\/v2\/product_brand?post=18158"},{"taxonomy":"product_cat","embeddable":true,"href":"https:\/\/naturalook.shop\/fr\/wp-json\/wp\/v2\/product_cat?post=18158"},{"taxonomy":"product_tag","embeddable":true,"href":"https:\/\/naturalook.shop\/fr\/wp-json\/wp\/v2\/product_tag?post=18158"}],"curies":[{"name":"wp","href":"https:\/\/api.w.org\/{rel}","templated":true}]}}