{"id":18172,"date":"2023-02-09T22:05:12","date_gmt":"2023-02-10T03:05:12","guid":{"rendered":"https:\/\/naturalook.shop\/product\/micro-anneaux-avec-silicone-5mm\/"},"modified":"2026-02-17T10:09:08","modified_gmt":"2026-02-17T15:09:08","slug":"micro-anneaux-avec-silicone-5mm","status":"publish","type":"product","link":"https:\/\/naturalook.shop\/fr\/produit\/micro-anneaux-avec-silicone-5mm\/","title":{"rendered":"MICRO ANNEAUX AVEC SILICONE &#8211; 5mm &#8211; 1000 anneaux"},"content":{"rendered":"<p>Recherchez-vous une fa\u00e7on fiable et sans dommage d&#8217;attacher vos extensions de cheveux I-TIP? Essayez nos <strong>anneaux micros doubl\u00e9s de silicone!<\/strong> Con\u00e7us pour \u00eatre utilis\u00e9s avec des extensions de cheveux humaines et synth\u00e9tiques, ces anneaux sont doubl\u00e9s de silicone pour offrir une prise s\u00fbre et confortable sans endommager vos cheveux naturels.<\/p>\n<p>Nos anneaux micros sont faciles \u00e0 installer et \u00e0 enlever, ce qui en fait une option polyvalente et pratique pour tous vos besoins en mati\u00e8re d&#8217;extensions de cheveux. Avec un diam\u00e8tre ext\u00e9rieur de 5 mm, un diam\u00e8tre int\u00e9rieur de 3 mm et une longueur de 3 mm, ils conviennent \u00e0 la plupart des types et textures de cheveux.<\/p>\n<p>Chaque pot contient 1000 anneaux micros, ce qui vous donne beaucoup d&#8217;options pour votre prochaine application d&#8217;extension de cheveux. Am\u00e9liorez votre jeu d&#8217;extension de cheveux aujourd&#8217;hui avec nos anneaux micros doubl\u00e9s de silicone!<\/p>\n<p><span style=\"color: #ff0000;\"><em>** Les couleurs peuvent varier en fonction des param\u00e8tres du moniteur et les nuances peuvent para\u00eetre diff\u00e9rentes \u00e0 l&#8217;\u00e9cran par rapport \u00e0 la vie r\u00e9elle.<\/em><\/span><\/p>\n","protected":false},"excerpt":{"rendered":"<p>UNE POSE S\u00dbRE ET CONFORTABLE SANS ENDOMMAGER<\/p>\n","protected":false},"featured_media":17670,"comment_status":"open","ping_status":"closed","template":"","meta":{"_glsr_average":0,"_glsr_ranking":0,"_glsr_reviews":0},"product_brand":[],"product_cat":[621,622],"product_tag":[],"class_list":{"0":"post-18172","1":"product","2":"type-product","3":"status-publish","4":"has-post-thumbnail","6":"product_cat-outils","7":"product_cat-outils-pour-extensions-capillaires","8":"_wholesalex wsx-wholesalex-product","10":"first","11":"instock","12":"taxable","13":"shipping-taxable","14":"purchasable","15":"product-type-variable"},"jetpack_sharing_enabled":true,"_links":{"self":[{"href":"https:\/\/naturalook.shop\/fr\/wp-json\/wp\/v2\/product\/18172","targetHints":{"allow":["GET"]}}],"collection":[{"href":"https:\/\/naturalook.shop\/fr\/wp-json\/wp\/v2\/product"}],"about":[{"href":"https:\/\/naturalook.shop\/fr\/wp-json\/wp\/v2\/types\/product"}],"replies":[{"embeddable":true,"href":"https:\/\/naturalook.shop\/fr\/wp-json\/wp\/v2\/comments?post=18172"}],"version-history":[{"count":1,"href":"https:\/\/naturalook.shop\/fr\/wp-json\/wp\/v2\/product\/18172\/revisions"}],"predecessor-version":[{"id":35896,"href":"https:\/\/naturalook.shop\/fr\/wp-json\/wp\/v2\/product\/18172\/revisions\/35896"}],"wp:featuredmedia":[{"embeddable":true,"href":"https:\/\/naturalook.shop\/fr\/wp-json\/wp\/v2\/media\/17670"}],"wp:attachment":[{"href":"https:\/\/naturalook.shop\/fr\/wp-json\/wp\/v2\/media?parent=18172"}],"wp:term":[{"taxonomy":"product_brand","embeddable":true,"href":"https:\/\/naturalook.shop\/fr\/wp-json\/wp\/v2\/product_brand?post=18172"},{"taxonomy":"product_cat","embeddable":true,"href":"https:\/\/naturalook.shop\/fr\/wp-json\/wp\/v2\/product_cat?post=18172"},{"taxonomy":"product_tag","embeddable":true,"href":"https:\/\/naturalook.shop\/fr\/wp-json\/wp\/v2\/product_tag?post=18172"}],"curies":[{"name":"wp","href":"https:\/\/api.w.org\/{rel}","templated":true}]}}