{"id":18207,"date":"2023-02-09T22:04:46","date_gmt":"2023-02-10T03:04:46","guid":{"rendered":"https:\/\/naturalook.shop\/product\/keratine-italienne-de-qualite-superieure\/"},"modified":"2026-02-17T14:22:41","modified_gmt":"2026-02-17T19:22:41","slug":"keratine-italienne-de-qualite-superieure","status":"publish","type":"product","link":"https:\/\/naturalook.shop\/fr\/produit\/keratine-italienne-de-qualite-superieure\/","title":{"rendered":"K\u00c9RATINE ITALIENNE DE QUALIT\u00c9 SUP\u00c9RIEURE"},"content":{"rendered":"<p>Vous cherchez un moyen rentable de r\u00e9utiliser vos anciennes extensions capillaires ? <strong>L&#8217;authentique k\u00e9ratine italienne<\/strong> est la solution. Cette k\u00e9ratine de haute qualit\u00e9 vous permet de recr\u00e9er des embouts d&#8217;extension capillaire anciens et usag\u00e9s, les rendant pr\u00eats \u00e0 \u00eatre utilis\u00e9s \u00e0 nouveau. Vous pouvez \u00e9galement l&#8217;utiliser pour fabriquer vos propres embouts I-Tips ou Flat-Tips. Que vous utilisiez un pot chauffant ou un fer \u00e0 extension capillaire chauffant, cette k\u00e9ratine fonctionne efficacement avec tous les types de cheveux naturels. \u00c9conomisez de l&#8217;argent et prolongez la dur\u00e9e de vie de vos extensions capillaires avec l&#8217;authentique k\u00e9ratine italienne.<\/p>\n<ul>\n<li><strong>Poids:<\/strong> 25 gr<\/li>\n<\/ul>\n","protected":false},"excerpt":{"rendered":"<p>K\u00c9RATINE DE QUALIT\u00c9 SUP\u00c9RIEURE<\/p>\n","protected":false},"featured_media":26094,"comment_status":"open","ping_status":"closed","template":"","meta":{"_glsr_average":0,"_glsr_ranking":0,"_glsr_reviews":0},"product_brand":[],"product_cat":[621,622],"product_tag":[],"class_list":{"0":"post-18207","1":"product","2":"type-product","3":"status-publish","4":"has-post-thumbnail","6":"product_cat-outils","7":"product_cat-outils-pour-extensions-capillaires","8":"_wholesalex wsx-wholesalex-product","10":"first","11":"instock","12":"taxable","13":"shipping-taxable","14":"purchasable","15":"product-type-variable"},"jetpack_sharing_enabled":true,"_links":{"self":[{"href":"https:\/\/naturalook.shop\/fr\/wp-json\/wp\/v2\/product\/18207","targetHints":{"allow":["GET"]}}],"collection":[{"href":"https:\/\/naturalook.shop\/fr\/wp-json\/wp\/v2\/product"}],"about":[{"href":"https:\/\/naturalook.shop\/fr\/wp-json\/wp\/v2\/types\/product"}],"replies":[{"embeddable":true,"href":"https:\/\/naturalook.shop\/fr\/wp-json\/wp\/v2\/comments?post=18207"}],"version-history":[{"count":1,"href":"https:\/\/naturalook.shop\/fr\/wp-json\/wp\/v2\/product\/18207\/revisions"}],"predecessor-version":[{"id":35897,"href":"https:\/\/naturalook.shop\/fr\/wp-json\/wp\/v2\/product\/18207\/revisions\/35897"}],"wp:featuredmedia":[{"embeddable":true,"href":"https:\/\/naturalook.shop\/fr\/wp-json\/wp\/v2\/media\/26094"}],"wp:attachment":[{"href":"https:\/\/naturalook.shop\/fr\/wp-json\/wp\/v2\/media?parent=18207"}],"wp:term":[{"taxonomy":"product_brand","embeddable":true,"href":"https:\/\/naturalook.shop\/fr\/wp-json\/wp\/v2\/product_brand?post=18207"},{"taxonomy":"product_cat","embeddable":true,"href":"https:\/\/naturalook.shop\/fr\/wp-json\/wp\/v2\/product_cat?post=18207"},{"taxonomy":"product_tag","embeddable":true,"href":"https:\/\/naturalook.shop\/fr\/wp-json\/wp\/v2\/product_tag?post=18207"}],"curies":[{"name":"wp","href":"https:\/\/api.w.org\/{rel}","templated":true}]}}