{"id":18208,"date":"2023-02-09T22:04:35","date_gmt":"2023-02-10T03:04:35","guid":{"rendered":"https:\/\/naturalook.shop\/product\/brosse-pour-extensions-de-cheveux\/"},"modified":"2026-02-17T10:10:22","modified_gmt":"2026-02-17T15:10:22","slug":"brosse-pour-extensions-de-cheveux","status":"publish","type":"product","link":"https:\/\/naturalook.shop\/fr\/produit\/brosse-pour-extensions-de-cheveux\/","title":{"rendered":"BROSSE POUR EXTENSIONS DE CHEVEUX"},"content":{"rendered":"<p><strong>Cette brosse sp\u00e9cialis\u00e9e<\/strong> est con\u00e7ue pour prolonger la dur\u00e9e de vie de vos extensions de cheveux et les maintenir naturelles et saines. Ses poils doux ne tireront pas ou n&#8217;accrocheront pas vos cheveux, \u00e9vitant ainsi les dommages et la casse. La brosse est parfaite pour d\u00e9m\u00ealer et lisser vos cheveux, les laissant doux et soyeux. Avec une utilisation r\u00e9guli\u00e8re, vos extensions de cheveux auront l&#8217;air magnifiques et pleines de vie.<\/p>\n<p><em><span style=\"color: #ff0000;\">** Les couleurs peuvent varier en raison des param\u00e8tres du moniteur, et les nuances peuvent appara\u00eetre diff\u00e9rentes \u00e0 l&#8217;\u00e9cran par rapport \u00e0 la vie r\u00e9elle.<\/span><\/em><\/p>\n","protected":false},"excerpt":{"rendered":"<p>PARFAIT POUR D\u00c9M\u00caLER ET LISSEZ VOS CHEVEUX<\/p>\n","protected":false},"featured_media":17695,"comment_status":"open","ping_status":"closed","template":"","meta":{"_glsr_average":0,"_glsr_ranking":0,"_glsr_reviews":0},"product_brand":[],"product_cat":[621,622],"product_tag":[],"class_list":{"0":"post-18208","1":"product","2":"type-product","3":"status-publish","4":"has-post-thumbnail","6":"product_cat-outils","7":"product_cat-outils-pour-extensions-capillaires","8":"_wholesalex wsx-wholesalex-product","10":"first","11":"instock","12":"taxable","13":"shipping-taxable","14":"purchasable","15":"product-type-variable"},"jetpack_sharing_enabled":true,"_links":{"self":[{"href":"https:\/\/naturalook.shop\/fr\/wp-json\/wp\/v2\/product\/18208","targetHints":{"allow":["GET"]}}],"collection":[{"href":"https:\/\/naturalook.shop\/fr\/wp-json\/wp\/v2\/product"}],"about":[{"href":"https:\/\/naturalook.shop\/fr\/wp-json\/wp\/v2\/types\/product"}],"replies":[{"embeddable":true,"href":"https:\/\/naturalook.shop\/fr\/wp-json\/wp\/v2\/comments?post=18208"}],"version-history":[{"count":1,"href":"https:\/\/naturalook.shop\/fr\/wp-json\/wp\/v2\/product\/18208\/revisions"}],"predecessor-version":[{"id":35898,"href":"https:\/\/naturalook.shop\/fr\/wp-json\/wp\/v2\/product\/18208\/revisions\/35898"}],"wp:featuredmedia":[{"embeddable":true,"href":"https:\/\/naturalook.shop\/fr\/wp-json\/wp\/v2\/media\/17695"}],"wp:attachment":[{"href":"https:\/\/naturalook.shop\/fr\/wp-json\/wp\/v2\/media?parent=18208"}],"wp:term":[{"taxonomy":"product_brand","embeddable":true,"href":"https:\/\/naturalook.shop\/fr\/wp-json\/wp\/v2\/product_brand?post=18208"},{"taxonomy":"product_cat","embeddable":true,"href":"https:\/\/naturalook.shop\/fr\/wp-json\/wp\/v2\/product_cat?post=18208"},{"taxonomy":"product_tag","embeddable":true,"href":"https:\/\/naturalook.shop\/fr\/wp-json\/wp\/v2\/product_tag?post=18208"}],"curies":[{"name":"wp","href":"https:\/\/api.w.org\/{rel}","templated":true}]}}