{"id":18216,"date":"2023-02-09T22:04:20","date_gmt":"2023-02-10T03:04:20","guid":{"rendered":"https:\/\/naturalook.shop\/product\/hair-extension-removal-gel\/"},"modified":"2026-02-17T10:11:40","modified_gmt":"2026-02-17T15:11:40","slug":"hair-extension-removal-gel","status":"publish","type":"product","link":"https:\/\/naturalook.shop\/fr\/produit\/hair-extension-removal-gel\/","title":{"rendered":"DISSOLVANT POUR EXTENSIONS"},"content":{"rendered":"<p>D\u00e9couvrez notre <strong>Dissolvant pour extensions capillaires<\/strong>, sp\u00e9cialement con\u00e7u pour enlever les extensions \u00e0 base de k\u00e9ratine et les extensions \u00e0 bandes adh\u00e9sives. Cette formule en gel dissout efficacement les embouts, facilitant ainsi le retrait des extensions capillaires sans endommager vos cheveux naturels. Il suffit d&#8217;appliquer le gel sur les embouts, d&#8217;attendre quelques minutes et de retirer doucement les extensions. Id\u00e9al pour un usage professionnel et personnel.<\/p>\n","protected":false},"excerpt":{"rendered":"<p>ENL\u00c8VE LES EXTENSIONS \u00c0 LA K\u00c9RATINE ET \u00c0 BANDES ADH\u00c9SIVES<\/p>\n","protected":false},"featured_media":17715,"comment_status":"open","ping_status":"closed","template":"","meta":{"_glsr_average":0,"_glsr_ranking":0,"_glsr_reviews":0},"product_brand":[],"product_cat":[621,622],"product_tag":[],"class_list":{"0":"post-18216","1":"product","2":"type-product","3":"status-publish","4":"has-post-thumbnail","6":"product_cat-outils","7":"product_cat-outils-pour-extensions-capillaires","8":"_wholesalex wsx-wholesalex-product","10":"first","11":"outofstock","12":"taxable","13":"shipping-taxable","14":"purchasable","15":"product-type-simple"},"jetpack_sharing_enabled":true,"_links":{"self":[{"href":"https:\/\/naturalook.shop\/fr\/wp-json\/wp\/v2\/product\/18216","targetHints":{"allow":["GET"]}}],"collection":[{"href":"https:\/\/naturalook.shop\/fr\/wp-json\/wp\/v2\/product"}],"about":[{"href":"https:\/\/naturalook.shop\/fr\/wp-json\/wp\/v2\/types\/product"}],"replies":[{"embeddable":true,"href":"https:\/\/naturalook.shop\/fr\/wp-json\/wp\/v2\/comments?post=18216"}],"version-history":[{"count":1,"href":"https:\/\/naturalook.shop\/fr\/wp-json\/wp\/v2\/product\/18216\/revisions"}],"predecessor-version":[{"id":35899,"href":"https:\/\/naturalook.shop\/fr\/wp-json\/wp\/v2\/product\/18216\/revisions\/35899"}],"wp:featuredmedia":[{"embeddable":true,"href":"https:\/\/naturalook.shop\/fr\/wp-json\/wp\/v2\/media\/17715"}],"wp:attachment":[{"href":"https:\/\/naturalook.shop\/fr\/wp-json\/wp\/v2\/media?parent=18216"}],"wp:term":[{"taxonomy":"product_brand","embeddable":true,"href":"https:\/\/naturalook.shop\/fr\/wp-json\/wp\/v2\/product_brand?post=18216"},{"taxonomy":"product_cat","embeddable":true,"href":"https:\/\/naturalook.shop\/fr\/wp-json\/wp\/v2\/product_cat?post=18216"},{"taxonomy":"product_tag","embeddable":true,"href":"https:\/\/naturalook.shop\/fr\/wp-json\/wp\/v2\/product_tag?post=18216"}],"curies":[{"name":"wp","href":"https:\/\/api.w.org\/{rel}","templated":true}]}}