{"id":20485,"date":"2023-02-09T23:21:35","date_gmt":"2023-02-10T04:21:35","guid":{"rendered":"https:\/\/naturalook.shop\/product\/kevin-murphy-more-than-pink-promo-kit\/"},"modified":"2025-10-23T22:21:25","modified_gmt":"2025-10-24T02:21:25","slug":"kevin-murphy-more-than-pink-promo-kit","status":"publish","type":"product","link":"https:\/\/naturalook.shop\/fr\/produit\/kevin-murphy-more-than-pink-promo-kit\/","title":{"rendered":"Kevin Murphy &#8211; MORE THAN PINK &#8211; PROMO KIT"},"content":{"rendered":"<p>Transformez vos cheveux avec PLUMPING.WASH &#8211; la solution ultime pour obtenir des m\u00e8ches plus \u00e9paisses et plus volumineuses avec une vitalit\u00e9 renouvel\u00e9e. Ce shampooing nourrissant est formul\u00e9 pour gonfler vos cheveux \u00e0 tous les bons endroits sans les alourdir. Infus\u00e9 d&#8217;\u00e9l\u00e9ments nutritifs essentiels, il stimule la circulation du cuir chevelu pour nourrir chaque m\u00e8che de la racine jusqu&#8217;aux pointes, garantissant ainsi que vos cheveux maintiennent leur sant\u00e9 et leur force. Obtenez des cheveux volumineux et luxuriants avec le bonus suppl\u00e9mentaire de douceur et de brillance. Cette formule sans sulfate, sans parab\u00e8ne et sans cruaut\u00e9 est parfaite pour tous les types de cheveux, en particulier les cheveux fins et vieillissants.<\/p>\n<p>Associez votre Plumping.Wash \u00e0 notre luxueux PLUMPING.RINSE pour choyer vos cheveux fins, clairsem\u00e9s ou vieillissants avec une quantit\u00e9 g\u00e9n\u00e9reuse de nutriments. Ce rin\u00e7age nourrissant apporte des \u00e9l\u00e9ments nutritifs essentiels pour restaurer l&#8217;\u00e9paisseur et augmenter le volume tout en procurant une sublime brillance et une texture soyeuse et douce. Obtenez une hydratation intense et prot\u00e9gez vos cheveux de la racine aux pointes, tout en ajoutant du volume et du rebondissement. Cette formule convient \u00e0 tous les types de cheveux, en particulier les cheveux fins et vieillissants, et est sans sulfate, sans parab\u00e8ne et sans cruaut\u00e9.<\/p>\n<p>Compl\u00e9tez votre routine capillaire avec notre Session Spray Flex 3,4 oz. Cette solution de coiffage ultime est remplie d&#8217;ingr\u00e9dients essentiels pour hydrater et prot\u00e9ger vos cheveux tout en offrant une brillance intense et une douceur soyeuse. Elle renforce les cheveux de la racine aux pointes, garantissant que vos cheveux sont plus \u00e9pais et ont plus de volume et de rebondissement. Convient \u00e0 tous les types de cheveux, en particulier les cheveux fins et vieillissants, ce spray est sans sulfate, sans parab\u00e8ne et sans cruaut\u00e9.<\/p>\n","protected":false},"excerpt":{"rendered":"<p>PLUMPING WASH, RINSE ET SESSION FLEX TRAVEL<\/p>\n","protected":false},"featured_media":20483,"comment_status":"open","ping_status":"closed","template":"","meta":{"_glsr_average":0,"_glsr_ranking":0,"_glsr_reviews":0},"product_brand":[902],"product_cat":[83,611],"product_tag":[],"class_list":{"0":"post-20485","1":"product","2":"type-product","3":"status-publish","4":"has-post-thumbnail","6":"product_brand-kevin-murphy","7":"product_cat-soins-a-domicile","8":"product_cat-ensembles-cadeaux","9":"_wholesalex wsx-wholesalex-product","11":"first","12":"outofstock","13":"taxable","14":"shipping-taxable","15":"purchasable","16":"product-type-simple"},"jetpack_sharing_enabled":true,"_links":{"self":[{"href":"https:\/\/naturalook.shop\/fr\/wp-json\/wp\/v2\/product\/20485","targetHints":{"allow":["GET"]}}],"collection":[{"href":"https:\/\/naturalook.shop\/fr\/wp-json\/wp\/v2\/product"}],"about":[{"href":"https:\/\/naturalook.shop\/fr\/wp-json\/wp\/v2\/types\/product"}],"replies":[{"embeddable":true,"href":"https:\/\/naturalook.shop\/fr\/wp-json\/wp\/v2\/comments?post=20485"}],"version-history":[{"count":1,"href":"https:\/\/naturalook.shop\/fr\/wp-json\/wp\/v2\/product\/20485\/revisions"}],"predecessor-version":[{"id":34210,"href":"https:\/\/naturalook.shop\/fr\/wp-json\/wp\/v2\/product\/20485\/revisions\/34210"}],"wp:featuredmedia":[{"embeddable":true,"href":"https:\/\/naturalook.shop\/fr\/wp-json\/wp\/v2\/media\/20483"}],"wp:attachment":[{"href":"https:\/\/naturalook.shop\/fr\/wp-json\/wp\/v2\/media?parent=20485"}],"wp:term":[{"taxonomy":"product_brand","embeddable":true,"href":"https:\/\/naturalook.shop\/fr\/wp-json\/wp\/v2\/product_brand?post=20485"},{"taxonomy":"product_cat","embeddable":true,"href":"https:\/\/naturalook.shop\/fr\/wp-json\/wp\/v2\/product_cat?post=20485"},{"taxonomy":"product_tag","embeddable":true,"href":"https:\/\/naturalook.shop\/fr\/wp-json\/wp\/v2\/product_tag?post=20485"}],"curies":[{"name":"wp","href":"https:\/\/api.w.org\/{rel}","templated":true}]}}