{"id":20490,"date":"2023-02-09T23:21:35","date_gmt":"2023-02-10T04:21:35","guid":{"rendered":"https:\/\/naturalook.shop\/product\/kevin-murphy-everlasting-colour-promo-kit\/"},"modified":"2025-10-23T22:21:26","modified_gmt":"2025-10-24T02:21:26","slug":"kevin-murphy-everlasting-colour-promo-kit","status":"publish","type":"product","link":"https:\/\/naturalook.shop\/fr\/produit\/kevin-murphy-everlasting-colour-promo-kit\/","title":{"rendered":"Kevin Murphy &#8211; EVERLASTING.COLOUR &#8211; PROMO KIT"},"content":{"rendered":"<p>La collection EVERLASTING.COLOUR offre tout ce dont vous avez besoin pour maintenir votre couleur de cheveux fra\u00eeche et \u00e9clatante. Commencez par le EVERLASTING.COLOUR WASH, un shampooing de 250 mL con\u00e7u pour nettoyer en douceur vos cheveux sans leur enlever leur couleur. Cette formule aide \u00e0 maintenir la vivacit\u00e9 de votre couleur de cheveux, la gardant comme neuve.<\/p>\n<p>Ensuite, poursuivez avec EVERLASTING.COLOUR RINSE, un revitalisant nourrissant et fortifiant qui fixe \u00e9galement l&#8217;intensit\u00e9 de votre couleur de cheveux. Cette formule de 250 mL r\u00e9hydrate vos cheveux, les laissant doux et soyeux.<\/p>\n<p>Pour une protection suppl\u00e9mentaire, utilisez EVERLASTING.COLOUR LEAVE-IN, une formule de 150 mL qui prot\u00e8ge vos cheveux contre les rayons UV et autres agresseurs environnementaux tout en les d\u00e9m\u00ealant pour faciliter le coiffage.<\/p>\n<p>Pour un traitement \u00e0 domicile, utilisez le EVERLASTING.COLOUR TREATMENT HOME KIT, qui comprend trois fioles de 12 mL chacune et un vaporisateur. Ce kit facile \u00e0 utiliser revitalise votre couleur de cheveux et la nourrit de l&#8217;int\u00e9rieur, assurant une vivacit\u00e9 durable.<\/p>\n<p>Enfin, compl\u00e9tez votre routine de soins de couleur de cheveux avec le COLOUR.CAPE, une cape de protection con\u00e7ue pour garder vos v\u00eatements propres pendant le processus de coloration.<\/p>\n<p>La collection EVERLASTING.COLOUR convient \u00e0 tous les types de cheveux et assure que votre couleur de cheveux reste aussi vibrante et magnifique que le jour o\u00f9 vous avez quitt\u00e9 le salon.<\/p>\n","protected":false},"excerpt":{"rendered":"<p>MAINTENEZ LA VIVACIT\u00c9 DE VOTRE COULEUR DE CHEVEUX AVEC LA COLLECTION EVERLASTING.COLOUR<\/p>\n","protected":false},"featured_media":20488,"comment_status":"open","ping_status":"closed","template":"","meta":{"_glsr_average":0,"_glsr_ranking":0,"_glsr_reviews":0},"product_brand":[902],"product_cat":[83,611],"product_tag":[],"class_list":{"0":"post-20490","1":"product","2":"type-product","3":"status-publish","4":"has-post-thumbnail","6":"product_brand-kevin-murphy","7":"product_cat-soins-a-domicile","8":"product_cat-ensembles-cadeaux","9":"_wholesalex wsx-wholesalex-product","11":"first","12":"outofstock","13":"taxable","14":"shipping-taxable","15":"purchasable","16":"product-type-simple"},"jetpack_sharing_enabled":true,"_links":{"self":[{"href":"https:\/\/naturalook.shop\/fr\/wp-json\/wp\/v2\/product\/20490","targetHints":{"allow":["GET"]}}],"collection":[{"href":"https:\/\/naturalook.shop\/fr\/wp-json\/wp\/v2\/product"}],"about":[{"href":"https:\/\/naturalook.shop\/fr\/wp-json\/wp\/v2\/types\/product"}],"replies":[{"embeddable":true,"href":"https:\/\/naturalook.shop\/fr\/wp-json\/wp\/v2\/comments?post=20490"}],"version-history":[{"count":1,"href":"https:\/\/naturalook.shop\/fr\/wp-json\/wp\/v2\/product\/20490\/revisions"}],"predecessor-version":[{"id":34211,"href":"https:\/\/naturalook.shop\/fr\/wp-json\/wp\/v2\/product\/20490\/revisions\/34211"}],"wp:featuredmedia":[{"embeddable":true,"href":"https:\/\/naturalook.shop\/fr\/wp-json\/wp\/v2\/media\/20488"}],"wp:attachment":[{"href":"https:\/\/naturalook.shop\/fr\/wp-json\/wp\/v2\/media?parent=20490"}],"wp:term":[{"taxonomy":"product_brand","embeddable":true,"href":"https:\/\/naturalook.shop\/fr\/wp-json\/wp\/v2\/product_brand?post=20490"},{"taxonomy":"product_cat","embeddable":true,"href":"https:\/\/naturalook.shop\/fr\/wp-json\/wp\/v2\/product_cat?post=20490"},{"taxonomy":"product_tag","embeddable":true,"href":"https:\/\/naturalook.shop\/fr\/wp-json\/wp\/v2\/product_tag?post=20490"}],"curies":[{"name":"wp","href":"https:\/\/api.w.org\/{rel}","templated":true}]}}