{"id":20498,"date":"2023-02-09T23:21:34","date_gmt":"2023-02-10T04:21:34","guid":{"rendered":"https:\/\/naturalook.shop\/product\/kevin-murphy-tender-love-care-promo-kit\/"},"modified":"2025-10-23T22:21:26","modified_gmt":"2025-10-24T02:21:26","slug":"kevin-murphy-tender-love-care-promo-kit","status":"publish","type":"product","link":"https:\/\/naturalook.shop\/fr\/produit\/kevin-murphy-tender-love-care-promo-kit\/","title":{"rendered":"Kevin Murphy &#8211; T.L.C.-TENDER.LOVE.CARE &#8211; PROMO KIT"},"content":{"rendered":"<p>Le trio de produits Kevin.Murphy Plumping est le cadeau parfait pour ceux qui ont les cheveux fins ou clairsem\u00e9s. Ce trio comprend un shampooing Plumping Wash et un revitalisant Plumping Rinse pour ajouter du volume, de l&#8217;\u00e9paisseur et de la force \u00e0 vos cheveux. Le shampooing et le revitalisant travaillent ensemble pour cr\u00e9er un effet densifiant sur chaque m\u00e8che, vous offrant ainsi des cheveux plus volumineux avec une vitalit\u00e9 renouvel\u00e9e.<\/p>\n<p>En plus des produits capillaires, ce coffret cadeau comprend \u00e9galement une cr\u00e8me pour les mains Tender Love Care. Cette cr\u00e8me hydratante pour les mains de 100 ml est parfaite pour \u00eatre conserv\u00e9e dans votre tiroir de bureau ou sur votre table de chevet. La formule luxueuse apaise et hydrate les mains s\u00e8ches, les laissant douces et lisses.<\/p>\n<p>Pour l&#8217;utilisation, r\u00e9f\u00e9rez-vous aux instructions compl\u00e8tes et aux d\u00e9tails d&#8217;utilisation fournis sur l&#8217;emballage ou par le fournisseur. Le Plumping Wash et le Plumping Rinse doivent \u00eatre utilis\u00e9s ensemble pour de meilleurs r\u00e9sultats, et la cr\u00e8me pour les mains peut \u00eatre appliqu\u00e9e aussi souvent que n\u00e9cessaire pour garder vos mains hydrat\u00e9es et saines.<\/p>\n","protected":false},"excerpt":{"rendered":"<p>ENSEMBLE DE CADEAU PARFAIT POUR TOUTES LES PERSONNES AVEC DES CHEVEUX FINS OU CLAIRSEMAIENT<\/p>\n","protected":false},"featured_media":20496,"comment_status":"open","ping_status":"closed","template":"","meta":{"_glsr_average":0,"_glsr_ranking":0,"_glsr_reviews":0},"product_brand":[902],"product_cat":[83,611],"product_tag":[],"class_list":{"0":"post-20498","1":"product","2":"type-product","3":"status-publish","4":"has-post-thumbnail","6":"product_brand-kevin-murphy","7":"product_cat-soins-a-domicile","8":"product_cat-ensembles-cadeaux","9":"_wholesalex wsx-wholesalex-product","11":"first","12":"outofstock","13":"taxable","14":"shipping-taxable","15":"purchasable","16":"product-type-simple"},"jetpack_sharing_enabled":true,"_links":{"self":[{"href":"https:\/\/naturalook.shop\/fr\/wp-json\/wp\/v2\/product\/20498","targetHints":{"allow":["GET"]}}],"collection":[{"href":"https:\/\/naturalook.shop\/fr\/wp-json\/wp\/v2\/product"}],"about":[{"href":"https:\/\/naturalook.shop\/fr\/wp-json\/wp\/v2\/types\/product"}],"replies":[{"embeddable":true,"href":"https:\/\/naturalook.shop\/fr\/wp-json\/wp\/v2\/comments?post=20498"}],"version-history":[{"count":1,"href":"https:\/\/naturalook.shop\/fr\/wp-json\/wp\/v2\/product\/20498\/revisions"}],"predecessor-version":[{"id":34214,"href":"https:\/\/naturalook.shop\/fr\/wp-json\/wp\/v2\/product\/20498\/revisions\/34214"}],"wp:featuredmedia":[{"embeddable":true,"href":"https:\/\/naturalook.shop\/fr\/wp-json\/wp\/v2\/media\/20496"}],"wp:attachment":[{"href":"https:\/\/naturalook.shop\/fr\/wp-json\/wp\/v2\/media?parent=20498"}],"wp:term":[{"taxonomy":"product_brand","embeddable":true,"href":"https:\/\/naturalook.shop\/fr\/wp-json\/wp\/v2\/product_brand?post=20498"},{"taxonomy":"product_cat","embeddable":true,"href":"https:\/\/naturalook.shop\/fr\/wp-json\/wp\/v2\/product_cat?post=20498"},{"taxonomy":"product_tag","embeddable":true,"href":"https:\/\/naturalook.shop\/fr\/wp-json\/wp\/v2\/product_tag?post=20498"}],"curies":[{"name":"wp","href":"https:\/\/api.w.org\/{rel}","templated":true}]}}