{"id":20508,"date":"2023-02-09T23:21:20","date_gmt":"2023-02-10T04:21:20","guid":{"rendered":"https:\/\/naturalook.shop\/product\/kevin-murphy-spa-life-promo-kit\/"},"modified":"2025-10-23T22:21:27","modified_gmt":"2025-10-24T02:21:27","slug":"kevin-murphy-spa-life-promo-kit","status":"publish","type":"product","link":"https:\/\/naturalook.shop\/fr\/produit\/kevin-murphy-spa-life-promo-kit\/","title":{"rendered":"Kevin Murphy &#8211; SPA.LIFE &#8211; PROMO KIT"},"content":{"rendered":"<p>Le set <strong>Kevin Murphy SPA.LIFE<\/strong> est la solution ultime pour obtenir un cuir chevelu sain et des cheveux luxuriants. Le set comprend le Scalp Spa Scrub, le Scalp Spa Wash et un bandeau de serviette offert.<\/p>\n<p><strong>Scalp Spa Scrub :<\/strong><\/p>\n<p>Ce gommage exfoliant nettoie en douceur et \u00e9limine les impuret\u00e9s du cuir chevelu, tout en l&#8217;exfoliant et en le revitalisant. Il est con\u00e7u pour \u00e9quilibrer le cuir chevelu et le laisser rafra\u00eechi.<\/p>\n<p><strong>Scalp Spa Wash :<\/strong><\/p>\n<p>Ce shampooing est sp\u00e9cialement formul\u00e9 pour calmer et \u00e9quilibrer le cuir chevelu, tout en apaisant et nourrissant les cheveux. Il offre une exp\u00e9rience de nettoyage luxueuse et laisse vos cheveux doux et en bonne sant\u00e9.<\/p>\n<p><strong>Bandeau de serviette :<\/strong><\/p>\n<p>Le set est livr\u00e9 avec un bandeau de serviette gratuit pour rendre votre exp\u00e9rience de spa \u00e0 la maison encore plus relaxante et agr\u00e9able.<\/p>\n","protected":false},"excerpt":{"rendered":"<p>SCALP SAIN ET CHEVEUX LUXURIANTS<\/p>\n","protected":false},"featured_media":20506,"comment_status":"open","ping_status":"closed","template":"","meta":{"_glsr_average":0,"_glsr_ranking":0,"_glsr_reviews":0},"product_brand":[902],"product_cat":[83,611],"product_tag":[],"class_list":{"0":"post-20508","1":"product","2":"type-product","3":"status-publish","4":"has-post-thumbnail","6":"product_brand-kevin-murphy","7":"product_cat-soins-a-domicile","8":"product_cat-ensembles-cadeaux","9":"_wholesalex wsx-wholesalex-product","11":"first","12":"outofstock","13":"taxable","14":"shipping-taxable","15":"purchasable","16":"product-type-simple"},"jetpack_sharing_enabled":true,"_links":{"self":[{"href":"https:\/\/naturalook.shop\/fr\/wp-json\/wp\/v2\/product\/20508","targetHints":{"allow":["GET"]}}],"collection":[{"href":"https:\/\/naturalook.shop\/fr\/wp-json\/wp\/v2\/product"}],"about":[{"href":"https:\/\/naturalook.shop\/fr\/wp-json\/wp\/v2\/types\/product"}],"replies":[{"embeddable":true,"href":"https:\/\/naturalook.shop\/fr\/wp-json\/wp\/v2\/comments?post=20508"}],"version-history":[{"count":1,"href":"https:\/\/naturalook.shop\/fr\/wp-json\/wp\/v2\/product\/20508\/revisions"}],"predecessor-version":[{"id":34215,"href":"https:\/\/naturalook.shop\/fr\/wp-json\/wp\/v2\/product\/20508\/revisions\/34215"}],"wp:featuredmedia":[{"embeddable":true,"href":"https:\/\/naturalook.shop\/fr\/wp-json\/wp\/v2\/media\/20506"}],"wp:attachment":[{"href":"https:\/\/naturalook.shop\/fr\/wp-json\/wp\/v2\/media?parent=20508"}],"wp:term":[{"taxonomy":"product_brand","embeddable":true,"href":"https:\/\/naturalook.shop\/fr\/wp-json\/wp\/v2\/product_brand?post=20508"},{"taxonomy":"product_cat","embeddable":true,"href":"https:\/\/naturalook.shop\/fr\/wp-json\/wp\/v2\/product_cat?post=20508"},{"taxonomy":"product_tag","embeddable":true,"href":"https:\/\/naturalook.shop\/fr\/wp-json\/wp\/v2\/product_tag?post=20508"}],"curies":[{"name":"wp","href":"https:\/\/api.w.org\/{rel}","templated":true}]}}