{"id":20513,"date":"2023-02-09T23:21:19","date_gmt":"2023-02-10T04:21:19","guid":{"rendered":"https:\/\/naturalook.shop\/product\/kevin-murphy-go-higher-baby-promo-kit\/"},"modified":"2025-10-23T22:21:27","modified_gmt":"2025-10-24T02:21:27","slug":"kevin-murphy-go-higher-baby-promo-kit","status":"publish","type":"product","link":"https:\/\/naturalook.shop\/fr\/produit\/kevin-murphy-go-higher-baby-promo-kit\/","title":{"rendered":"Kevin Murphy &#8211; GO HIGHER BABY &#8211; PROMO KIT"},"content":{"rendered":"<p>Vous cherchez \u00e0 obtenir des cheveux plus volumineux ? Ne cherchez pas plus loin que le trio GO HIGHER BABY de Kevin Murphy. L&#8217;ensemble comprend trois produits con\u00e7us pour nourrir, regonfler et donner du corps aux cheveux fins, clairsem\u00e9s ou vieillissants.<\/p>\n<p>Commencez avec PLUMPING.WASH, un shampooing cr\u00e9\u00e9 pour nourrir et renforcer chaque m\u00e8che de la racine \u00e0 la pointe, transformant les cheveux fins et vieillissants en des cheveux plus forts et plus volumineux avec une vitalit\u00e9 renouvel\u00e9e. Suivez avec PLUMPING.RINSE, un luxueux revitalisant qui apporte une nutrition essentielle pour aider \u00e0 restaurer l&#8217;\u00e9paisseur et \u00e0 stimuler le volume, tout en donnant une brillance sublime et une texture soyeuse.<\/p>\n<p>Compl\u00e9tez l&#8217;ensemble avec EVER.BOUNCE, un traitement coiffant innovant qui s&#8217;active avec la chaleur de votre s\u00e8che-cheveux pour cr\u00e9er un corps lisse et rebondissant, tout en bloquant l&#8217;humidit\u00e9 pour une finition sans frisottis et durable.<\/p>\n<p>Inclus dans le trio sont Plumping Wash (250ml), Plumping Rinse (250ml) et un traitement Ever.Bounce gratuit (150ml). Prenez vos cheveux \u00e0 de nouveaux sommets avec le trio GO HIGHER BABY de Kevin Murphy.<\/p>\n","protected":false},"excerpt":{"rendered":"<p>NOURRISSEZ, GONFLEZ, ET DONNEZ DU CORPS AUX CHEVEUX FINS, CLAIRSEM\u00c9S OU VIEILLISSANTS<\/p>\n","protected":false},"featured_media":20511,"comment_status":"open","ping_status":"closed","template":"","meta":{"_glsr_average":0,"_glsr_ranking":0,"_glsr_reviews":0},"product_brand":[902],"product_cat":[83,611],"product_tag":[],"class_list":{"0":"post-20513","1":"product","2":"type-product","3":"status-publish","4":"has-post-thumbnail","6":"product_brand-kevin-murphy","7":"product_cat-soins-a-domicile","8":"product_cat-ensembles-cadeaux","9":"_wholesalex wsx-wholesalex-product","11":"first","12":"outofstock","13":"taxable","14":"shipping-taxable","15":"purchasable","16":"product-type-simple"},"jetpack_sharing_enabled":true,"_links":{"self":[{"href":"https:\/\/naturalook.shop\/fr\/wp-json\/wp\/v2\/product\/20513","targetHints":{"allow":["GET"]}}],"collection":[{"href":"https:\/\/naturalook.shop\/fr\/wp-json\/wp\/v2\/product"}],"about":[{"href":"https:\/\/naturalook.shop\/fr\/wp-json\/wp\/v2\/types\/product"}],"replies":[{"embeddable":true,"href":"https:\/\/naturalook.shop\/fr\/wp-json\/wp\/v2\/comments?post=20513"}],"version-history":[{"count":1,"href":"https:\/\/naturalook.shop\/fr\/wp-json\/wp\/v2\/product\/20513\/revisions"}],"predecessor-version":[{"id":34216,"href":"https:\/\/naturalook.shop\/fr\/wp-json\/wp\/v2\/product\/20513\/revisions\/34216"}],"wp:featuredmedia":[{"embeddable":true,"href":"https:\/\/naturalook.shop\/fr\/wp-json\/wp\/v2\/media\/20511"}],"wp:attachment":[{"href":"https:\/\/naturalook.shop\/fr\/wp-json\/wp\/v2\/media?parent=20513"}],"wp:term":[{"taxonomy":"product_brand","embeddable":true,"href":"https:\/\/naturalook.shop\/fr\/wp-json\/wp\/v2\/product_brand?post=20513"},{"taxonomy":"product_cat","embeddable":true,"href":"https:\/\/naturalook.shop\/fr\/wp-json\/wp\/v2\/product_cat?post=20513"},{"taxonomy":"product_tag","embeddable":true,"href":"https:\/\/naturalook.shop\/fr\/wp-json\/wp\/v2\/product_tag?post=20513"}],"curies":[{"name":"wp","href":"https:\/\/api.w.org\/{rel}","templated":true}]}}