{"id":20518,"date":"2023-02-09T23:09:40","date_gmt":"2023-02-10T04:09:40","guid":{"rendered":"https:\/\/naturalook.shop\/product\/protecteurs-doreille-en-silicone-1-paire\/"},"modified":"2025-02-13T09:16:06","modified_gmt":"2025-02-13T14:16:06","slug":"protecteurs-doreille-en-silicone-1-paire","status":"publish","type":"product","link":"https:\/\/naturalook.shop\/fr\/produit\/protecteurs-doreille-en-silicone-1-paire\/","title":{"rendered":"PROTECTEURS D&#8217;OREILLE EN SILICONE &#8211; 1 PAIRE"},"content":{"rendered":"<p>Les protecteurs d&#8217;oreilles en silicone sont essentiels pour les coiffeurs afin de prot\u00e9ger les oreilles de leurs clients des taches de coloration capillaire ou des produits capillaires lors du processus de coloration. Ils fournissent \u00e9galement une protection thermique pour \u00e9viter les inconforts ou les br\u00fblures caus\u00e9s par les outils de coiffage chauds, tels que les s\u00e8che-cheveux ou les lisseurs. En utilisant ces protecteurs d&#8217;oreilles, les coiffeurs peuvent garantir \u00e0 leurs clients une exp\u00e9rience confortable et agr\u00e9able sans aucun d\u00e9sordre ou dommage ind\u00e9sirable \u00e0 leurs oreilles.<\/p>\n","protected":false},"excerpt":{"rendered":"<p>PROTECTEURS D&#8217;OREILLE<\/p>\n","protected":false},"featured_media":20516,"comment_status":"open","ping_status":"closed","template":"","meta":{"_glsr_average":0,"_glsr_ranking":0,"_glsr_reviews":0},"product_brand":[],"product_cat":[621,622,623],"product_tag":[],"class_list":{"0":"post-20518","1":"product","2":"type-product","3":"status-publish","4":"has-post-thumbnail","6":"product_cat-outils","7":"product_cat-outils-pour-extensions-capillaires","8":"product_cat-outils-pour-traitement-capillaires","9":"_wholesalex wsx-wholesalex-product","11":"first","12":"instock","13":"taxable","14":"shipping-taxable","15":"purchasable","16":"product-type-simple"},"jetpack_sharing_enabled":true,"_links":{"self":[{"href":"https:\/\/naturalook.shop\/fr\/wp-json\/wp\/v2\/product\/20518","targetHints":{"allow":["GET"]}}],"collection":[{"href":"https:\/\/naturalook.shop\/fr\/wp-json\/wp\/v2\/product"}],"about":[{"href":"https:\/\/naturalook.shop\/fr\/wp-json\/wp\/v2\/types\/product"}],"replies":[{"embeddable":true,"href":"https:\/\/naturalook.shop\/fr\/wp-json\/wp\/v2\/comments?post=20518"}],"version-history":[{"count":0,"href":"https:\/\/naturalook.shop\/fr\/wp-json\/wp\/v2\/product\/20518\/revisions"}],"wp:featuredmedia":[{"embeddable":true,"href":"https:\/\/naturalook.shop\/fr\/wp-json\/wp\/v2\/media\/20516"}],"wp:attachment":[{"href":"https:\/\/naturalook.shop\/fr\/wp-json\/wp\/v2\/media?parent=20518"}],"wp:term":[{"taxonomy":"product_brand","embeddable":true,"href":"https:\/\/naturalook.shop\/fr\/wp-json\/wp\/v2\/product_brand?post=20518"},{"taxonomy":"product_cat","embeddable":true,"href":"https:\/\/naturalook.shop\/fr\/wp-json\/wp\/v2\/product_cat?post=20518"},{"taxonomy":"product_tag","embeddable":true,"href":"https:\/\/naturalook.shop\/fr\/wp-json\/wp\/v2\/product_tag?post=20518"}],"curies":[{"name":"wp","href":"https:\/\/api.w.org\/{rel}","templated":true}]}}