{"id":22701,"date":"2023-06-13T15:29:29","date_gmt":"2023-06-13T19:29:29","guid":{"rendered":"https:\/\/naturalook.shop\/?post_type=product&#038;p=22701"},"modified":"2026-02-16T16:40:01","modified_gmt":"2026-02-16T21:40:01","slug":"mq-pro-480-turbo-fer-plat-professionnel","status":"publish","type":"product","link":"https:\/\/naturalook.shop\/fr\/produit\/mq-pro-480-turbo-fer-plat-professionnel\/","title":{"rendered":"MQ PRO 480 TURBO Fer Plat Professionnel"},"content":{"rendered":"<h2><img loading=\"lazy\" decoding=\"async\" class=\"alignnone wp-image-35397 size-full\" src=\"https:\/\/naturalook.shop\/wp-content\/uploads\/2023\/06\/PRO-480-TURBO-2048x778-1.png\" alt=\"\" width=\"2048\" height=\"778\" srcset=\"https:\/\/naturalook.shop\/wp-content\/uploads\/2023\/06\/PRO-480-TURBO-2048x778-1.png 2048w, https:\/\/naturalook.shop\/wp-content\/uploads\/2023\/06\/PRO-480-TURBO-2048x778-1-400x152.png 400w, https:\/\/naturalook.shop\/wp-content\/uploads\/2023\/06\/PRO-480-TURBO-2048x778-1-1300x494.png 1300w, https:\/\/naturalook.shop\/wp-content\/uploads\/2023\/06\/PRO-480-TURBO-2048x778-1-768x292.png 768w, https:\/\/naturalook.shop\/wp-content\/uploads\/2023\/06\/PRO-480-TURBO-2048x778-1-1536x584.png 1536w, https:\/\/naturalook.shop\/wp-content\/uploads\/2023\/06\/PRO-480-TURBO-2048x778-1-430x163.png 430w, https:\/\/naturalook.shop\/wp-content\/uploads\/2023\/06\/PRO-480-TURBO-2048x778-1-900x342.png 900w, https:\/\/naturalook.shop\/wp-content\/uploads\/2023\/06\/PRO-480-TURBO-2048x778-1-150x57.png 150w\" sizes=\"auto, (max-width: 2048px) 100vw, 2048px\" \/><\/h2>\n<h2 id=\"professional-hair-straightener-pro-480-turbo--powe\" class=\"mb-2 mt-4 font-sans font-semimedium visRefresh2026Fonts:font-bold text-base first:mt-0 md:text-lg [hr+&amp;]:mt-4\">Fer plat professionnel Pro 480 Turbo \u2013 Amplifiez vos r\u00e9sultats de k\u00e9ratine br\u00e9silienne<\/h2>\n<p class=\"my-2 [&amp;+p]:mt-4 [&amp;_strong:has(+br)]:inline-block [&amp;_strong:has(+br)]:pb-2\">Boostez vos services de k\u00e9ratine br\u00e9silienne avec le <strong>fer plat professionnel MQ Pro 480 Turbo<\/strong>, con\u00e7u pour offrir des r\u00e9sultats plus rapides, plus lisses et plus durables pour les professionnels en salon.<\/p>\n<h2 id=\"cut-brazilian-keratin-straightening-time-in-half\" class=\"mb-2 mt-4 font-sans font-semimedium visRefresh2026Fonts:font-bold text-base first:mt-0 md:text-lg [hr+&amp;]:mt-4\">R\u00e9duisez de moiti\u00e9 le temps de lissage \u00e0 la k\u00e9ratine br\u00e9silienne<\/h2>\n<p class=\"my-2 [&amp;+p]:mt-4 [&amp;_strong:has(+br)]:inline-block [&amp;_strong:has(+br)]:pb-2\">Cessez de perdre du temps avec les fers plats traditionnels. Le Pro 480 Turbo atteint jusqu\u2019\u00e0 485 \u00b0F en mode Turbo, lissant m\u00eame les cheveux \u00e9pais, r\u00e9sistants et volumineux en un temps record. En seulement trois passages, vous obtenez la fameuse douceur de la k\u00e9ratine br\u00e9silienne, tout en maximisant le roulement au fauteuil et la rentabilit\u00e9 de votre salon.<\/p>\n<h2 id=\"designed-for-speed-safety-and-comfort\" class=\"mb-2 mt-4 font-sans font-semimedium visRefresh2026Fonts:font-bold text-base first:mt-0 md:text-lg [hr+&amp;]:mt-4\">Con\u00e7u pour la vitesse, la s\u00e9curit\u00e9 et le confort<\/h2>\n<p class=\"my-2 [&amp;+p]:mt-4 [&amp;_strong:has(+br)]:inline-block [&amp;_strong:has(+br)]:pb-2\">Ce fer avanc\u00e9 offre 5 des r\u00e9glages de temp\u00e9rature les plus utilis\u00e9s pour les lissages br\u00e9siliens, ce qui permet d\u2019adapter rapidement et facilement la chaleur aux diff\u00e9rents types de cheveux et services. Son design ergonomique exclusif avec appui-pouce aide \u00e0 vous prot\u00e9ger des mouvements r\u00e9p\u00e9titifs et des br\u00fblures accidentelles, afin que vous puissiez travailler plus longtemps avec moins de fatigue et plus de contr\u00f4le.<\/p>\n<h2 id=\"professional-grade-technology-approved-worldwide\" class=\"mb-2 mt-4 font-sans font-semimedium visRefresh2026Fonts:font-bold text-base first:mt-0 md:text-lg [hr+&amp;]:mt-4\">Technologie de grade professionnel, approuv\u00e9e \u00e0 l\u2019\u00e9chelle mondiale<\/h2>\n<p class=\"my-2 [&amp;+p]:mt-4 [&amp;_strong:has(+br)]:inline-block [&amp;_strong:has(+br)]:pb-2\">Test\u00e9 et approuv\u00e9 par des milliers de professionnels \u00e0 travers le monde, le MQ Pro 480 Turbo est \u00e9quip\u00e9 de composants japonais MCH haute performance pour un chauffage ultra rapide et une r\u00e9cup\u00e9ration instantan\u00e9e de la temp\u00e9rature. Ses plaques flottantes saisissent chaque m\u00e8che uniform\u00e9ment de la racine aux pointes, offrant une douceur constante sans pression excessive ni surchauffe.<\/p>\n<h2 id=\"made-in-brazil-for-brazilian-keratin-excellence\" class=\"mb-2 mt-4 font-sans font-semimedium visRefresh2026Fonts:font-bold text-base first:mt-0 md:text-lg [hr+&amp;]:mt-4\">Fabriqu\u00e9 au Br\u00e9sil pour l\u2019excellence en k\u00e9ratine br\u00e9silienne<\/h2>\n<p class=\"my-2 [&amp;+p]:mt-4 [&amp;_strong:has(+br)]:inline-block [&amp;_strong:has(+br)]:pb-2\">Fabriqu\u00e9 par MQ Professional, une marque avec plus de 10 ans d\u2019exp\u00e9rience dans l\u2019industrie beaut\u00e9 br\u00e9silienne, le Pro 480 Turbo a \u00e9t\u00e9 d\u00e9velopp\u00e9 sp\u00e9cifiquement pour des environnements de salon exigeants, tous types de cheveux et des normes \u00e9lectriques mondiales. Gr\u00e2ce \u00e0 sa fonction bi\u2011voltage automatique, vous pouvez apporter votre Pro 480 Turbo partout dans le monde et compter sur une performance puissante et stable pour chaque cliente.<\/p>\n<h2 id=\"key-benefits-of-the-mq-pro-480-turbo\" class=\"mb-2 mt-4 font-sans font-semimedium visRefresh2026Fonts:font-bold text-base first:mt-0 md:text-lg [hr+&amp;]:mt-4\">Principaux avantages du MQ Pro 480 Turbo<\/h2>\n<ul class=\"marker:text-quiet list-disc\">\n<li class=\"py-0 my-0 prose-p:pt-0 prose-p:mb-2 prose-p:my-0 [&amp;&gt;p]:pt-0 [&amp;&gt;p]:mb-2 [&amp;&gt;p]:my-0\">\n<p class=\"my-2 [&amp;+p]:mt-4 [&amp;_strong:has(+br)]:inline-block [&amp;_strong:has(+br)]:pb-2\">Atteint jusqu\u2019\u00e0 485 \u00b0F en mode Turbo pour lisser les cheveux les plus \u00e9pais et les plus r\u00e9sistants<\/p>\n<\/li>\n<li class=\"py-0 my-0 prose-p:pt-0 prose-p:mb-2 prose-p:my-0 [&amp;&gt;p]:pt-0 [&amp;&gt;p]:mb-2 [&amp;&gt;p]:my-0\">\n<p class=\"my-2 [&amp;+p]:mt-4 [&amp;_strong:has(+br)]:inline-block [&amp;_strong:has(+br)]:pb-2\">Offre la douceur de la k\u00e9ratine br\u00e9silienne en seulement trois passages<\/p>\n<\/li>\n<li class=\"py-0 my-0 prose-p:pt-0 prose-p:mb-2 prose-p:my-0 [&amp;&gt;p]:pt-0 [&amp;&gt;p]:mb-2 [&amp;&gt;p]:my-0\">\n<p class=\"my-2 [&amp;+p]:mt-4 [&amp;_strong:has(+br)]:inline-block [&amp;_strong:has(+br)]:pb-2\">Comprend 5 niveaux de temp\u00e9rature ajustables pour un usage versatile en salon<\/p>\n<\/li>\n<li class=\"py-0 my-0 prose-p:pt-0 prose-p:mb-2 prose-p:my-0 [&amp;&gt;p]:pt-0 [&amp;&gt;p]:mb-2 [&amp;&gt;p]:my-0\">\n<p class=\"my-2 [&amp;+p]:mt-4 [&amp;_strong:has(+br)]:inline-block [&amp;_strong:has(+br)]:pb-2\">Design ergonomique avec appui-pouce pour un coiffage plus s\u00e9curitaire et plus confortable<\/p>\n<\/li>\n<li class=\"py-0 my-0 prose-p:pt-0 prose-p:mb-2 prose-p:my-0 [&amp;&gt;p]:pt-0 [&amp;&gt;p]:mb-2 [&amp;&gt;p]:my-0\">\n<p class=\"my-2 [&amp;+p]:mt-4 [&amp;_strong:has(+br)]:inline-block [&amp;_strong:has(+br)]:pb-2\">Plaques flottantes assurant un contact uniforme et des r\u00e9sultats impeccables de la racine aux pointes<\/p>\n<\/li>\n<li class=\"py-0 my-0 prose-p:pt-0 prose-p:mb-2 prose-p:my-0 [&amp;&gt;p]:pt-0 [&amp;&gt;p]:mb-2 [&amp;&gt;p]:my-0\">\n<p class=\"my-2 [&amp;+p]:mt-4 [&amp;_strong:has(+br)]:inline-block [&amp;_strong:has(+br)]:pb-2\">Technologie japonaise MCH pour un chauffage ultra rapide et une r\u00e9cup\u00e9ration imm\u00e9diate de la temp\u00e9rature<\/p>\n<\/li>\n<li class=\"py-0 my-0 prose-p:pt-0 prose-p:mb-2 prose-p:my-0 [&amp;&gt;p]:pt-0 [&amp;&gt;p]:mb-2 [&amp;&gt;p]:my-0\">\n<p class=\"my-2 [&amp;+p]:mt-4 [&amp;_strong:has(+br)]:inline-block [&amp;_strong:has(+br)]:pb-2\">Bi\u2011voltage automatique pour une utilisation mondiale et des d\u00e9placements faciles<\/p>\n<\/li>\n<li class=\"py-0 my-0 prose-p:pt-0 prose-p:mb-2 prose-p:my-0 [&amp;&gt;p]:pt-0 [&amp;&gt;p]:mb-2 [&amp;&gt;p]:my-0\">\n<p class=\"my-2 [&amp;+p]:mt-4 [&amp;_strong:has(+br)]:inline-block [&amp;_strong:has(+br)]:pb-2\">Test\u00e9 et approuv\u00e9 par des professionnels partout dans le monde, fabriqu\u00e9 au Br\u00e9sil par MQ Professional<\/p>\n<\/li>\n<\/ul>\n<h2 id=\"elevate-your-salon-with-the-pro-480-turbo\" class=\"mb-2 mt-4 font-sans font-semimedium visRefresh2026Fonts:font-bold text-base first:mt-0 md:text-lg [hr+&amp;]:mt-4\">Faites passer votre salon au niveau sup\u00e9rieur avec le Pro 480 Turbo<\/h2>\n<p class=\"my-2 [&amp;+p]:mt-4 [&amp;_strong:has(+br)]:inline-block [&amp;_strong:has(+br)]:pb-2\">Si vous \u00eates sp\u00e9cialis\u00e9\u00b7e en lissage \u00e0 la k\u00e9ratine br\u00e9silienne et que vous voulez gagner du temps, augmenter votre productivit\u00e9 et impressionner vos clientes avec des r\u00e9sultats ultra lisses, le fer plat professionnel MQ Pro 480 Turbo est votre meilleur alli\u00e9 pour des cheveux parfaitement raides.<\/p>\n<table class=\"tabela-tecnica-table\">\n<thead>\n<tr>\n<th>Sp\u00e9cifications techniques :<\/th>\n<th>FER PLAT MQ PRO 480 TURBO<\/th>\n<\/tr>\n<\/thead>\n<tbody>\n<tr>\n<td>Mat\u00e9riau des plaques :<\/td>\n<td>Titane<\/td>\n<\/tr>\n<tr>\n<td>Temp\u00e9rature minimale :<\/td>\n<td>370 \u00b0F \/ 190 \u00b0C<\/td>\n<\/tr>\n<tr>\n<td>Temp\u00e9rature maximale :<\/td>\n<td>485 \u00b0F \/ 252 \u00b0C<\/td>\n<\/tr>\n<tr>\n<td>R\u00e9glages de temp\u00e9rature :<\/td>\n<td>Oui \u2013 5 niveaux<\/td>\n<\/tr>\n<tr>\n<td>MCH :<\/td>\n<td>Oui \u2013 r\u00e9cup\u00e9ration imm\u00e9diate de la temp\u00e9rature<\/td>\n<\/tr>\n<tr>\n<td>Plaques flottantes :<\/td>\n<td>Oui \u2013 r\u00e9duit la tension sur le poignet et la main<\/td>\n<\/tr>\n<tr>\n<td>Ions :<\/td>\n<td>Plaques ionis\u00e9es<\/td>\n<\/tr>\n<tr>\n<td>Compatible avec progressives :<\/td>\n<td>Oui<\/td>\n<\/tr>\n<tr>\n<td>Affichage num\u00e9rique :<\/td>\n<td>Non \u2013 \u00e9cran DEL<\/td>\n<\/tr>\n<tr>\n<td>Taille des plaques :<\/td>\n<td>32 mm<\/td>\n<\/tr>\n<tr>\n<td>Embout thermique :<\/td>\n<td>Oui<\/td>\n<\/tr>\n<tr>\n<td>Puissance :<\/td>\n<td>45W<\/td>\n<\/tr>\n<tr>\n<td>Type de c\u00e2ble :<\/td>\n<td>Rotatif<\/td>\n<\/tr>\n<tr>\n<td>Longueur du c\u00e2ble :<\/td>\n<td>3 m<\/td>\n<\/tr>\n<tr>\n<td>Tension :<\/td>\n<td>Bi\u2011voltage automatique<\/td>\n<\/tr>\n<tr>\n<td>Design :<\/td>\n<td>Ergonomique<\/td>\n<\/tr>\n<tr>\n<td>Couleur :<\/td>\n<td>Noir avec d\u00e9tails argent\u00e9s<\/td>\n<\/tr>\n<tr>\n<td>Fini :<\/td>\n<td>Lustr\u00e9<\/td>\n<\/tr>\n<tr>\n<td>Dimensions du produit :<\/td>\n<td>30 \u00d7 7 \u00d7 4<\/td>\n<\/tr>\n<tr>\n<td>Poids du produit :<\/td>\n<td>262 g<\/td>\n<\/tr>\n<tr>\n<td>Poids du c\u00e2ble :<\/td>\n<td>205 g<\/td>\n<\/tr>\n<tr>\n<td>Dimensions de l\u2019emballage :<\/td>\n<td>34,3 \u00d7 12 \u00d7 6<\/td>\n<\/tr>\n<tr>\n<td>Poids brut avec emballage :<\/td>\n<td>0,68 kg<\/td>\n<\/tr>\n<tr>\n<td>EAN :<\/td>\n<td>7908422601597<\/td>\n<\/tr>\n<tr>\n<td>Garantie :<\/td>\n<td>6 mois<\/td>\n<\/tr>\n<tr>\n<td>Contenu de l\u2019emballage :<\/td>\n<td>1 fer MQ PRO 480 Turbo, 1 manuel et 1 liste de centres autoris\u00e9s<\/td>\n<\/tr>\n<tr>\n<td>Code produit :<\/td>\n<td>2.01.10.001.03<\/td>\n<\/tr>\n<tr>\n<td>Fr\u00e9quence :<\/td>\n<td>50\/60Hz<\/td>\n<\/tr>\n<tr>\n<td>DUN-14 :<\/td>\n<td>17908422601594<\/td>\n<\/tr>\n<tr>\n<td>Mat\u00e9riau du bo\u00eetier :<\/td>\n<td>PA<\/td>\n<\/tr>\n<tr>\n<td>NCM :<\/td>\n<td>8516.32.00<\/td>\n<\/tr>\n<tr>\n<td>CEST :<\/td>\n<td>21.103.00<\/td>\n<\/tr>\n<\/tbody>\n<\/table>\n","protected":false},"excerpt":{"rendered":"<p>Le MQ Pro 480 Turbo est un fer plat professionnel en titane atteignant jusqu\u2019\u00e0 485 \u00b0F, con\u00e7u pour offrir un lissage \u00e0 la k\u00e9ratine br\u00e9silienne ultra rapide en quelques passages seulement, avec un confort ergonomique et s\u00e9curitaire pour une utilisation en salon toute la journ\u00e9e.<\/p>\n","protected":false},"featured_media":35391,"comment_status":"open","ping_status":"closed","template":"","meta":{"_glsr_average":0,"_glsr_ranking":0,"_glsr_reviews":0},"product_brand":[903],"product_cat":[621,623],"product_tag":[],"class_list":{"0":"post-22701","1":"product","2":"type-product","3":"status-publish","4":"has-post-thumbnail","6":"product_brand-mq","7":"product_cat-outils","8":"product_cat-outils-pour-traitement-capillaires","9":"_wholesalex wsx-wholesalex-product","11":"first","12":"instock","13":"taxable","14":"shipping-taxable","15":"purchasable","16":"product-type-simple"},"jetpack_sharing_enabled":true,"_links":{"self":[{"href":"https:\/\/naturalook.shop\/fr\/wp-json\/wp\/v2\/product\/22701","targetHints":{"allow":["GET"]}}],"collection":[{"href":"https:\/\/naturalook.shop\/fr\/wp-json\/wp\/v2\/product"}],"about":[{"href":"https:\/\/naturalook.shop\/fr\/wp-json\/wp\/v2\/types\/product"}],"replies":[{"embeddable":true,"href":"https:\/\/naturalook.shop\/fr\/wp-json\/wp\/v2\/comments?post=22701"}],"version-history":[{"count":2,"href":"https:\/\/naturalook.shop\/fr\/wp-json\/wp\/v2\/product\/22701\/revisions"}],"predecessor-version":[{"id":35400,"href":"https:\/\/naturalook.shop\/fr\/wp-json\/wp\/v2\/product\/22701\/revisions\/35400"}],"wp:featuredmedia":[{"embeddable":true,"href":"https:\/\/naturalook.shop\/fr\/wp-json\/wp\/v2\/media\/35391"}],"wp:attachment":[{"href":"https:\/\/naturalook.shop\/fr\/wp-json\/wp\/v2\/media?parent=22701"}],"wp:term":[{"taxonomy":"product_brand","embeddable":true,"href":"https:\/\/naturalook.shop\/fr\/wp-json\/wp\/v2\/product_brand?post=22701"},{"taxonomy":"product_cat","embeddable":true,"href":"https:\/\/naturalook.shop\/fr\/wp-json\/wp\/v2\/product_cat?post=22701"},{"taxonomy":"product_tag","embeddable":true,"href":"https:\/\/naturalook.shop\/fr\/wp-json\/wp\/v2\/product_tag?post=22701"}],"curies":[{"name":"wp","href":"https:\/\/api.w.org\/{rel}","templated":true}]}}