{"id":22764,"date":"2023-06-15T16:58:54","date_gmt":"2023-06-15T20:58:54","guid":{"rendered":"https:\/\/naturalook.shop\/?post_type=product&#038;p=22764"},"modified":"2025-10-23T22:21:21","modified_gmt":"2025-10-24T02:21:21","slug":"kevin-murphy-killer-curls-wash-shampoo-250ml","status":"publish","type":"product","link":"https:\/\/naturalook.shop\/fr\/produit\/kevin-murphy-killer-curls-wash-shampoo-250ml\/","title":{"rendered":"Kevin Murphy &#8211; KILLER.CURLS WASH &#8211; Shampoo 250ml"},"content":{"rendered":"<p>D\u00e9couvrez notre nouvelle gamme r\u00e9volutionnaire de produits KILLER, sp\u00e9cialement con\u00e7us pour d\u00e9finir, am\u00e9liorer et affiner vos cheveux naturellement textur\u00e9s ou permanent\u00e9s comme jamais auparavant ! Vivez une transformation ultime avec notre shampooing nourrissant au lait d&#8217;avoine, formul\u00e9 avec soin pour nettoyer d\u00e9licatement vos cheveux tout en offrant une protection optimale pour la cuticule.<\/p>\n<p>Enrichi d&#8217;un m\u00e9lange puissant d&#8217;ingr\u00e9dients, notre shampooing au lait d&#8217;avoine regorge d&#8217;acides gras essentiels qui travaillent sans rel\u00e2che pour pr\u00e9server la force de vos cheveux. Dites adieu aux m\u00e8ches cassantes et bonjour aux cheveux r\u00e9silients ! \u00c0 chaque utilisation, notre shampooing aide \u00e0 retenir l&#8217;humidit\u00e9, assurant ainsi une hydratation constante et une chevelure en bonne sant\u00e9.<\/p>\n<p>Mais ce n&#8217;est pas tout &#8211; notre shampooing au lait d&#8217;avoine va au-del\u00e0 des bases. Il est sp\u00e9cialement con\u00e7u pour am\u00e9liorer la texture de vos cheveux, leur conf\u00e9rant une nouvelle vitalit\u00e9 et un \u00e9clat brillant. Savourez la beaut\u00e9 de vos cheveux alors qu&#8217;ils deviennent plus sains, plus forts et plus radieux \u00e0 chaque lavage.<\/p>\n<p>Lib\u00e9rez tout le potentiel de vos cheveux naturellement textur\u00e9s ou permanent\u00e9s avec nos nouveaux produits KILLER. Adoptez la confiance qui accompagne une chevelure d\u00e9finie, am\u00e9lior\u00e9e et affin\u00e9e \u00e0 la perfection. Vivez la diff\u00e9rence d\u00e8s aujourd&#8217;hui!<\/p>\n","protected":false},"excerpt":{"rendered":"<p>AM\u00c9LIOREZ VOS BOUCLES : SHAMPOING NOURRISSANT AU LAIT D&#8217;AVOINE<\/p>\n","protected":false},"featured_media":22758,"comment_status":"open","ping_status":"closed","template":"","meta":{"_glsr_average":0,"_glsr_ranking":0,"_glsr_reviews":0},"product_brand":[902],"product_cat":[614],"product_tag":[677],"class_list":{"0":"post-22764","1":"product","2":"type-product","3":"status-publish","4":"has-post-thumbnail","6":"product_brand-kevin-murphy","7":"product_cat-shampooing","8":"product_tag-kevin-murphy-fr","9":"_wholesalex wsx-wholesalex-product","11":"first","12":"outofstock","13":"taxable","14":"shipping-taxable","15":"purchasable","16":"product-type-simple"},"jetpack_sharing_enabled":true,"_links":{"self":[{"href":"https:\/\/naturalook.shop\/fr\/wp-json\/wp\/v2\/product\/22764","targetHints":{"allow":["GET"]}}],"collection":[{"href":"https:\/\/naturalook.shop\/fr\/wp-json\/wp\/v2\/product"}],"about":[{"href":"https:\/\/naturalook.shop\/fr\/wp-json\/wp\/v2\/types\/product"}],"replies":[{"embeddable":true,"href":"https:\/\/naturalook.shop\/fr\/wp-json\/wp\/v2\/comments?post=22764"}],"version-history":[{"count":1,"href":"https:\/\/naturalook.shop\/fr\/wp-json\/wp\/v2\/product\/22764\/revisions"}],"predecessor-version":[{"id":34197,"href":"https:\/\/naturalook.shop\/fr\/wp-json\/wp\/v2\/product\/22764\/revisions\/34197"}],"wp:featuredmedia":[{"embeddable":true,"href":"https:\/\/naturalook.shop\/fr\/wp-json\/wp\/v2\/media\/22758"}],"wp:attachment":[{"href":"https:\/\/naturalook.shop\/fr\/wp-json\/wp\/v2\/media?parent=22764"}],"wp:term":[{"taxonomy":"product_brand","embeddable":true,"href":"https:\/\/naturalook.shop\/fr\/wp-json\/wp\/v2\/product_brand?post=22764"},{"taxonomy":"product_cat","embeddable":true,"href":"https:\/\/naturalook.shop\/fr\/wp-json\/wp\/v2\/product_cat?post=22764"},{"taxonomy":"product_tag","embeddable":true,"href":"https:\/\/naturalook.shop\/fr\/wp-json\/wp\/v2\/product_tag?post=22764"}],"curies":[{"name":"wp","href":"https:\/\/api.w.org\/{rel}","templated":true}]}}