{"id":22958,"date":"2023-08-22T10:42:07","date_gmt":"2023-08-22T14:42:07","guid":{"rendered":"https:\/\/naturalook.shop\/?post_type=product&#038;p=22958"},"modified":"2025-10-23T22:21:21","modified_gmt":"2025-10-24T02:21:21","slug":"kevin-murphy-killer-twirls-leave-in-150ml","status":"publish","type":"product","link":"https:\/\/naturalook.shop\/fr\/produit\/kevin-murphy-killer-twirls-leave-in-150ml\/","title":{"rendered":"Kevin Murphy &#8211; KILLER.TWIRLS &#8211; Leave-In 150ml"},"content":{"rendered":"<p>Pr\u00e9sentation de notre derni\u00e8re innovation : \u00c9levez et sublimez vos boucles naturelles ou permanent\u00e9es avec notre exceptionnelle nouvelle ligne de soins capillaires !<\/p>\n<p>Vivez une transformation capillaire : Notre produit coiffant sans rin\u00e7age est con\u00e7u pour enrichir la texture naturelle de vos cheveux, offrant une d\u00e9finition tout en veillant \u00e0 ce qu&#8217;ils restent hydrat\u00e9s et prot\u00e9g\u00e9s contre l&#8217;humidit\u00e9, tout en apportant une brillance \u00e9clatante. Il vous suffit de les tourbillonner et de saisir la journ\u00e9e !<\/p>\n<p><strong>Avantages :<\/strong><\/p>\n<ol>\n<li><strong>Hydratation et Nutrition :<\/strong> Infuse vos cheveux d&#8217;une hydratation essentielle, les laissant nourris et revitalis\u00e9s.<\/li>\n<li><strong>Affinement de la Texture :<\/strong> \u00c9l\u00e8ve et affine la texture naturelle de vos cheveux, leur donnant une apparence magnifiquement d\u00e9finie.<\/li>\n<li><strong>Brillance am\u00e9lior\u00e9e :<\/strong> Ajoute une brillance \u00e9clatante qui fait vraiment ressortir vos m\u00e8ches.<\/li>\n<li><strong>Polyvalent pour tous les types de cheveux :<\/strong> Parfaitement adapt\u00e9 aux cheveux naturellement boucl\u00e9s et permanent\u00e9s, r\u00e9pondant \u00e0 une large gamme de textures.<\/li>\n<li><strong>Mise en valeur et d\u00e9finition des boucles :<\/strong> Fait des merveilles pour mettre en valeur et d\u00e9finir vos boucles, les faisant ressortir avec confiance.<\/li>\n<li><strong>Contr\u00f4le des frisottis :<\/strong> Apprivoise et lisse les boucles indisciplin\u00e9es, vous aidant \u00e0 obtenir un look soign\u00e9 et poli.<\/li>\n<li><strong>Booster de force :<\/strong> Renforce vos cheveux de la racine \u00e0 la pointe, favorisant la sant\u00e9 capillaire globale.<\/li>\n<li><strong>Convient aux cheveux color\u00e9s :<\/strong> Convient \u00e0 une utilisation sur les cheveux color\u00e9s, assurant que vos teintes vibrantes restent intactes.<\/li>\n<li><strong>Convivialit\u00e9 v\u00e9g\u00e9talienne :<\/strong> Formul\u00e9 avec soin, sans cruaut\u00e9 et v\u00e9g\u00e9talien, car nous aimons vos cheveux et la plan\u00e8te.<\/li>\n<\/ol>\n","protected":false},"excerpt":{"rendered":"<p>CR\u00c8ME POUR L&#8217;AIR S\u00c9CHAGE POUR DES BOUCLES SUBLIM\u00c9ES ET NOURRIES<\/p>\n","protected":false},"featured_media":22960,"comment_status":"open","ping_status":"closed","template":"","meta":{"_glsr_average":0,"_glsr_ranking":0,"_glsr_reviews":0},"product_brand":[902],"product_cat":[612],"product_tag":[677],"class_list":{"0":"post-22958","1":"product","2":"type-product","3":"status-publish","4":"has-post-thumbnail","6":"product_brand-kevin-murphy","7":"product_cat-leave-in-fr","8":"product_tag-kevin-murphy-fr","9":"_wholesalex wsx-wholesalex-product","11":"first","12":"outofstock","13":"taxable","14":"shipping-taxable","15":"purchasable","16":"product-type-simple"},"jetpack_sharing_enabled":true,"_links":{"self":[{"href":"https:\/\/naturalook.shop\/fr\/wp-json\/wp\/v2\/product\/22958","targetHints":{"allow":["GET"]}}],"collection":[{"href":"https:\/\/naturalook.shop\/fr\/wp-json\/wp\/v2\/product"}],"about":[{"href":"https:\/\/naturalook.shop\/fr\/wp-json\/wp\/v2\/types\/product"}],"replies":[{"embeddable":true,"href":"https:\/\/naturalook.shop\/fr\/wp-json\/wp\/v2\/comments?post=22958"}],"version-history":[{"count":1,"href":"https:\/\/naturalook.shop\/fr\/wp-json\/wp\/v2\/product\/22958\/revisions"}],"predecessor-version":[{"id":34196,"href":"https:\/\/naturalook.shop\/fr\/wp-json\/wp\/v2\/product\/22958\/revisions\/34196"}],"wp:featuredmedia":[{"embeddable":true,"href":"https:\/\/naturalook.shop\/fr\/wp-json\/wp\/v2\/media\/22960"}],"wp:attachment":[{"href":"https:\/\/naturalook.shop\/fr\/wp-json\/wp\/v2\/media?parent=22958"}],"wp:term":[{"taxonomy":"product_brand","embeddable":true,"href":"https:\/\/naturalook.shop\/fr\/wp-json\/wp\/v2\/product_brand?post=22958"},{"taxonomy":"product_cat","embeddable":true,"href":"https:\/\/naturalook.shop\/fr\/wp-json\/wp\/v2\/product_cat?post=22958"},{"taxonomy":"product_tag","embeddable":true,"href":"https:\/\/naturalook.shop\/fr\/wp-json\/wp\/v2\/product_tag?post=22958"}],"curies":[{"name":"wp","href":"https:\/\/api.w.org\/{rel}","templated":true}]}}