{"id":22965,"date":"2023-08-22T12:12:47","date_gmt":"2023-08-22T16:12:47","guid":{"rendered":"https:\/\/naturalook.shop\/?post_type=product&#038;p=22965"},"modified":"2026-02-19T14:41:45","modified_gmt":"2026-02-19T19:41:45","slug":"felps-tablier-de-coiffeur","status":"publish","type":"product","link":"https:\/\/naturalook.shop\/fr\/produit\/felps-tablier-de-coiffeur\/","title":{"rendered":"Felps &#8211; TABLIER DE COIFFEUR"},"content":{"rendered":"<h2 id=\"professional-stylish-salon-apron\" class=\"mb-2 mt-4 [.has-inline-images_&amp;]:clear-end font-sans visRefresh2026AnswerSerif:font-editorial font-semimedium visRefresh2026Fonts:font-bold text-base visRefresh2026Fonts:text-lg first:mt-0 md:text-lg [hr+&amp;]:mt-4\">Tablier de salon professionnel et styl\u00e9<\/h2>\n<p class=\"my-2 [&amp;+p]:mt-4 [&amp;_strong:has(+br)]:inline-block [&amp;_strong:has(+br)]:pb-2\">Le <strong>tablier de coiffeur Felps<\/strong> est con\u00e7u pour les coiffeurs et stylistes modernes qui souhaitent avoir une allure soign\u00e9e tout en restant prot\u00e9g\u00e9s au travail. Son design \u00e9pur\u00e9 renforce votre image professionnelle en salon tout en offrant une fonctionnalit\u00e9 pratique pour les services de tous les jours.<\/p>\n<h2 id=\"water-resistant-and-durable-material\" class=\"mb-2 mt-4 [.has-inline-images_&amp;]:clear-end font-sans visRefresh2026AnswerSerif:font-editorial font-semimedium visRefresh2026Fonts:font-bold text-base visRefresh2026Fonts:text-lg first:mt-0 md:text-lg [hr+&amp;]:mt-4\">Tissu durable et r\u00e9sistant \u00e0 l\u2019eau<\/h2>\n<ul class=\"marker:text-quiet list-disc\">\n<li class=\"py-0 my-0 prose-p:pt-0 prose-p:mb-2 prose-p:my-0 [&amp;&gt;p]:pt-0 [&amp;&gt;p]:mb-2 [&amp;&gt;p]:my-0\">\n<p class=\"my-2 [&amp;+p]:mt-4 [&amp;_strong:has(+br)]:inline-block [&amp;_strong:has(+br)]:pb-2\">Fabriqu\u00e9 en <strong>tissu de haute qualit\u00e9, r\u00e9sistant \u00e0 l\u2019eau<\/strong> pour aider \u00e0 prot\u00e9ger vos v\u00eatements de l\u2019eau, des produits capillaires et des \u00e9claboussures de couleur.<\/p>\n<\/li>\n<li class=\"py-0 my-0 prose-p:pt-0 prose-p:mb-2 prose-p:my-0 [&amp;&gt;p]:pt-0 [&amp;&gt;p]:mb-2 [&amp;&gt;p]:my-0\">\n<p class=\"my-2 [&amp;+p]:mt-4 [&amp;_strong:has(+br)]:inline-block [&amp;_strong:has(+br)]:pb-2\">Facile \u00e0 nettoyer et \u00e0 entretenir, ce qui le rend id\u00e9al pour les environnements de salon tr\u00e8s achaland\u00e9s.<\/p>\n<\/li>\n<\/ul>\n<h2 id=\"practical-pockets-for-tools\" class=\"mb-2 mt-4 [.has-inline-images_&amp;]:clear-end font-sans visRefresh2026AnswerSerif:font-editorial font-semimedium visRefresh2026Fonts:font-bold text-base visRefresh2026Fonts:text-lg first:mt-0 md:text-lg [hr+&amp;]:mt-4\">Poches pratiques pour les outils<\/h2>\n<ul class=\"marker:text-quiet list-disc\">\n<li class=\"py-0 my-0 prose-p:pt-0 prose-p:mb-2 prose-p:my-0 [&amp;&gt;p]:pt-0 [&amp;&gt;p]:mb-2 [&amp;&gt;p]:my-0\">\n<p class=\"my-2 [&amp;+p]:mt-4 [&amp;_strong:has(+br)]:inline-block [&amp;_strong:has(+br)]:pb-2\">Dot\u00e9 de <strong>poches frontales pratiques<\/strong> pour garder \u00e0 port\u00e9e de main vos essentiels comme les peignes, pinces, brosses et accessoires.<\/p>\n<\/li>\n<li class=\"py-0 my-0 prose-p:pt-0 prose-p:mb-2 prose-p:my-0 [&amp;&gt;p]:pt-0 [&amp;&gt;p]:mb-2 [&amp;&gt;p]:my-0\">\n<p class=\"my-2 [&amp;+p]:mt-4 [&amp;_strong:has(+br)]:inline-block [&amp;_strong:has(+br)]:pb-2\">Aide \u00e0 garder votre poste de travail organis\u00e9 et vos outils facilement accessibles pendant chaque service.<\/p>\n<\/li>\n<\/ul>\n<h2 id=\"comfortable-adjustable-fit\" class=\"mb-2 mt-4 [.has-inline-images_&amp;]:clear-end font-sans visRefresh2026AnswerSerif:font-editorial font-semimedium visRefresh2026Fonts:font-bold text-base visRefresh2026Fonts:text-lg first:mt-0 md:text-lg [hr+&amp;]:mt-4\">Ajustement confortable et r\u00e9glable<\/h2>\n<ul class=\"marker:text-quiet list-disc\">\n<li class=\"py-0 my-0 prose-p:pt-0 prose-p:mb-2 prose-p:my-0 [&amp;&gt;p]:pt-0 [&amp;&gt;p]:mb-2 [&amp;&gt;p]:my-0\">\n<p class=\"my-2 [&amp;+p]:mt-4 [&amp;_strong:has(+br)]:inline-block [&amp;_strong:has(+br)]:pb-2\">Con\u00e7u avec des <strong>bretelles ajustables<\/strong> pour convenir \u00e0 diff\u00e9rentes silhouettes et assurer un ajustement confortable et s\u00e9curitaire durant les longues journ\u00e9es en salon.<\/p>\n<\/li>\n<li class=\"py-0 my-0 prose-p:pt-0 prose-p:mb-2 prose-p:my-0 [&amp;&gt;p]:pt-0 [&amp;&gt;p]:mb-2 [&amp;&gt;p]:my-0\">\n<p class=\"my-2 [&amp;+p]:mt-4 [&amp;_strong:has(+br)]:inline-block [&amp;_strong:has(+br)]:pb-2\">Sa conception l\u00e9g\u00e8re permet une grande libert\u00e9 de mouvement pendant la coupe, la coloration et le coiffage.<\/p>\n<\/li>\n<\/ul>\n<p class=\"my-2 [&amp;+p]:mt-4 [&amp;_strong:has(+br)]:inline-block [&amp;_strong:has(+br)]:pb-2\">Choisissez le <strong>tablier de coiffeur Felps<\/strong> pour allier style, confort et praticit\u00e9 \u2014 id\u00e9al pour les professionnels du salon qui veulent une protection fiable et une apparence soign\u00e9e et professionnelle.<\/p>\n","protected":false},"excerpt":{"rendered":"<p>Le tablier de coiffeur Felps est un tablier de salon styl\u00e9, r\u00e9sistant \u00e0 l\u2019eau, avec des poches pratiques pour les outils et une coupe ajustable, con\u00e7u pour garder les coiffeurs prot\u00e9g\u00e9s, organis\u00e9s et professionnels durant chaque service.<\/p>\n","protected":false},"featured_media":35918,"comment_status":"open","ping_status":"closed","template":"","meta":{"_glsr_average":0,"_glsr_ranking":0,"_glsr_reviews":0},"product_brand":[900],"product_cat":[621,622,623],"product_tag":[],"class_list":{"0":"post-22965","1":"product","2":"type-product","3":"status-publish","4":"has-post-thumbnail","6":"product_brand-felps","7":"product_cat-outils","8":"product_cat-outils-pour-extensions-capillaires","9":"product_cat-outils-pour-traitement-capillaires","10":"_wholesalex wsx-wholesalex-product","12":"first","13":"instock","14":"taxable","15":"shipping-taxable","16":"purchasable","17":"product-type-simple"},"jetpack_sharing_enabled":true,"_links":{"self":[{"href":"https:\/\/naturalook.shop\/fr\/wp-json\/wp\/v2\/product\/22965","targetHints":{"allow":["GET"]}}],"collection":[{"href":"https:\/\/naturalook.shop\/fr\/wp-json\/wp\/v2\/product"}],"about":[{"href":"https:\/\/naturalook.shop\/fr\/wp-json\/wp\/v2\/types\/product"}],"replies":[{"embeddable":true,"href":"https:\/\/naturalook.shop\/fr\/wp-json\/wp\/v2\/comments?post=22965"}],"version-history":[{"count":2,"href":"https:\/\/naturalook.shop\/fr\/wp-json\/wp\/v2\/product\/22965\/revisions"}],"predecessor-version":[{"id":35923,"href":"https:\/\/naturalook.shop\/fr\/wp-json\/wp\/v2\/product\/22965\/revisions\/35923"}],"wp:featuredmedia":[{"embeddable":true,"href":"https:\/\/naturalook.shop\/fr\/wp-json\/wp\/v2\/media\/35918"}],"wp:attachment":[{"href":"https:\/\/naturalook.shop\/fr\/wp-json\/wp\/v2\/media?parent=22965"}],"wp:term":[{"taxonomy":"product_brand","embeddable":true,"href":"https:\/\/naturalook.shop\/fr\/wp-json\/wp\/v2\/product_brand?post=22965"},{"taxonomy":"product_cat","embeddable":true,"href":"https:\/\/naturalook.shop\/fr\/wp-json\/wp\/v2\/product_cat?post=22965"},{"taxonomy":"product_tag","embeddable":true,"href":"https:\/\/naturalook.shop\/fr\/wp-json\/wp\/v2\/product_tag?post=22965"}],"curies":[{"name":"wp","href":"https:\/\/api.w.org\/{rel}","templated":true}]}}