{"id":23014,"date":"2023-08-31T11:40:19","date_gmt":"2023-08-31T15:40:19","guid":{"rendered":"https:\/\/naturalook.shop\/?post_type=product&#038;p=23014"},"modified":"2026-03-27T20:40:03","modified_gmt":"2026-03-28T00:40:03","slug":"poudre-de-colle-a-la-keratine","status":"publish","type":"product","link":"https:\/\/naturalook.shop\/fr\/produit\/poudre-de-colle-a-la-keratine\/","title":{"rendered":"POUDRE DE COLLE \u00c0 LA K\u00c9RATINE &#8211; 10g"},"content":{"rendered":"<p><strong>Am\u00e9liorez votre routine capillaire d\u00e8s aujourd&#8217;hui !<\/strong> Plus facile et plus rapide que les graines de k\u00e9ratine traditionnelles. R\u00e9utilisez vos m\u00e8ches \u00e0 la k\u00e9ratine ou cr\u00e9ez-en de nouvelles avec notre <strong>poudre de colle \u00e0 la k\u00e9ratine<\/strong> de 25g. Formul\u00e9e avec la m\u00eame qualit\u00e9 que la k\u00e9ratine des extensions Naturalook. Environ 200 m\u00e8ches par pot.<\/p>\n","protected":false},"excerpt":{"rendered":"<p>POUDRE DE K\u00c9RATINE DE HAUTE QUALIT\u00c9<\/p>\n","protected":false},"featured_media":23020,"comment_status":"open","ping_status":"closed","template":"","meta":{"_glsr_average":0,"_glsr_ranking":0,"_glsr_reviews":0},"product_brand":[],"product_cat":[621,622],"product_tag":[],"class_list":{"0":"post-23014","1":"product","2":"type-product","3":"status-publish","4":"has-post-thumbnail","6":"product_cat-outils","7":"product_cat-outils-pour-extensions-capillaires","8":"_wholesalex wsx-wholesalex-product","10":"first","11":"instock","12":"taxable","13":"shipping-taxable","14":"purchasable","15":"product-type-variable"},"jetpack_sharing_enabled":true,"_links":{"self":[{"href":"https:\/\/naturalook.shop\/fr\/wp-json\/wp\/v2\/product\/23014","targetHints":{"allow":["GET"]}}],"collection":[{"href":"https:\/\/naturalook.shop\/fr\/wp-json\/wp\/v2\/product"}],"about":[{"href":"https:\/\/naturalook.shop\/fr\/wp-json\/wp\/v2\/types\/product"}],"replies":[{"embeddable":true,"href":"https:\/\/naturalook.shop\/fr\/wp-json\/wp\/v2\/comments?post=23014"}],"version-history":[{"count":1,"href":"https:\/\/naturalook.shop\/fr\/wp-json\/wp\/v2\/product\/23014\/revisions"}],"predecessor-version":[{"id":35889,"href":"https:\/\/naturalook.shop\/fr\/wp-json\/wp\/v2\/product\/23014\/revisions\/35889"}],"wp:featuredmedia":[{"embeddable":true,"href":"https:\/\/naturalook.shop\/fr\/wp-json\/wp\/v2\/media\/23020"}],"wp:attachment":[{"href":"https:\/\/naturalook.shop\/fr\/wp-json\/wp\/v2\/media?parent=23014"}],"wp:term":[{"taxonomy":"product_brand","embeddable":true,"href":"https:\/\/naturalook.shop\/fr\/wp-json\/wp\/v2\/product_brand?post=23014"},{"taxonomy":"product_cat","embeddable":true,"href":"https:\/\/naturalook.shop\/fr\/wp-json\/wp\/v2\/product_cat?post=23014"},{"taxonomy":"product_tag","embeddable":true,"href":"https:\/\/naturalook.shop\/fr\/wp-json\/wp\/v2\/product_tag?post=23014"}],"curies":[{"name":"wp","href":"https:\/\/api.w.org\/{rel}","templated":true}]}}