{"id":23190,"date":"2023-10-08T14:54:37","date_gmt":"2023-10-08T18:54:37","guid":{"rendered":"https:\/\/naturalook.shop\/?post_type=product&#038;p=23190"},"modified":"2026-04-02T14:29:15","modified_gmt":"2026-04-02T18:29:15","slug":"felps-omega-zero-nanoplastia-resistance-500ml","status":"publish","type":"product","link":"https:\/\/naturalook.shop\/fr\/produit\/felps-omega-zero-nanoplastia-resistance-500ml\/","title":{"rendered":"Felps &#8211; OMEGA ZERO NANOPLASTIA RESISTANCE 500ml"},"content":{"rendered":"<p><strong>Vous cherchez un traitement lissant qui n&#8217;endommagera pas vos cheveux?<\/strong> Ne cherchez pas plus loin que Omega Zero Resistance Nanoplastia, qui offre une r\u00e9duction de volume, un alignement des cheveux et un lissage \u00e0 100% sans formald\u00e9hyde. Notre formule puissante donne de la brillance et de la douceur tout en gardant vos cheveux naturels, et convient \u00e0 tous les types de cheveux.<\/p>\n<p><strong>Alors, qu&#8217;est-ce que la Nanoplastia, exactement?<\/strong> C&#8217;est un traitement capillaire qui r\u00e9organise la structure de vos cheveux de l&#8217;int\u00e9rieur vers l&#8217;ext\u00e9rieur. Nos produits scellent les cuticules, restaurent les lipides naturels et laissent vos cheveux plus hydrat\u00e9s, plus doux et plus brillants. Cette technique contr\u00f4le \u00e9galement le niveau de pH, emp\u00eachant l&#8217;alcalinit\u00e9 et la perte de vitamines et de nutriments. Elle \u00e9limine la porosit\u00e9 et r\u00e9duit la s\u00e9cheresse, surtout pour les cheveux avec des m\u00e8ches et des reflets. Le r\u00e9sultat ? Des cheveux lisses, droits et naturels, qui ont l&#8217;air en bonne sant\u00e9.<\/p>\n<p>Notre ingr\u00e9dient actif est l&#8217;acide tannique, un puissant antioxydant extrait des raisins. Ce polyph\u00e9nol agit sur le cortex capillaire, en brisant les ponts de connexion de l&#8217;int\u00e9rieur vers l&#8217;ext\u00e9rieur, permettant aux cheveux d&#8217;\u00eatre model\u00e9s par la chaleur. En cons\u00e9quence, la cuticule se referme, laissant vos cheveux lisses et droits.<\/p>\n<p><strong>Pr\u00eat \u00e0 essayer Nanoplastia? Voici comment l&#8217;utiliser:<\/strong><\/p>\n<ul>\n<li><strong>\u00c9tape 1 :<\/strong> Lavez les cheveux 1 \u00e0 2 fois avec un shampooing clarifiant pour \u00e9liminer les r\u00e9sidus et pr\u00e9parer les cheveux au traitement.<\/li>\n<li><strong>\u00c9tape 2 :<\/strong> S\u00e9chez les cheveux compl\u00e8tement ou presque compl\u00e8tement \u00e0 l&#8217;aide d&#8217;un s\u00e8che-cheveux.<\/li>\n<li><strong>\u00c9tape 3 :<\/strong> Appliquez la Nanoplastie uniform\u00e9ment, en assurant une couverture compl\u00e8te de chaque m\u00e8che tout en \u00e9vitant les racines.<\/li>\n<li><strong>\u00c9tape 4 :<\/strong> Laissez le produit agir pendant 1 \u00e0 2 heures pour qu&#8217;il p\u00e9n\u00e8tre la structure capillaire. Le temps d\u00e9pend de la porosit\u00e9 et de la texture des cheveux.<\/li>\n<li><strong>\u00c9tape 5 :<\/strong> Rincez soigneusement pour enlever tout le produit.<\/li>\n<li><strong>\u00c9tape 6 :<\/strong> Appliquez le protecteur thermique Felps pour prot\u00e9ger les cheveux durant le processus de scellage.<\/li>\n<li><strong>\u00c9tape 7 :<\/strong> S\u00e9chez les cheveux \u00e0 100 % pour qu&#8217;ils soient compl\u00e8tement secs.<\/li>\n<li><strong>\u00c9tape 8 :<\/strong> Scellez le traitement \u00e0 l&#8217;aide d&#8217;un fer \u00e0 lisser, en ajustant la temp\u00e9rature selon le niveau de dommages des cheveux.<\/li>\n<\/ul>\n\t\t<div data-elementor-type=\"wp-post\" data-elementor-id=\"21671\" class=\"elementor elementor-21671 elementor-21667\" data-elementor-settings=\"{&quot;ha_cmc_init_switcher&quot;:&quot;no&quot;}\">\n\t\t\t\t\t\t<section class=\"wd-negative-gap elementor-section elementor-top-section elementor-element elementor-element-299907a elementor-section-boxed elementor-section-height-default elementor-section-height-default\" data-id=\"299907a\" data-element_type=\"section\" data-settings=\"{&quot;_ha_eqh_enable&quot;:false}\">\n\t\t\t\t\t\t<div class=\"elementor-container elementor-column-gap-default\">\n\t\t\t\t\t<div class=\"elementor-column elementor-col-100 elementor-top-column elementor-element elementor-element-83f7bd2\" data-id=\"83f7bd2\" data-element_type=\"column\">\n\t\t\t<div class=\"elementor-widget-wrap elementor-element-populated\">\n\t\t\t\t\t\t<div class=\"elementor-element elementor-element-22c4fc7 elementor-widget elementor-widget-wd_image_or_svg\" data-id=\"22c4fc7\" data-element_type=\"widget\" data-widget_type=\"wd_image_or_svg.default\">\n\t\t\t\t<div class=\"elementor-widget-container\">\n\t\t\t\t\t\n\t\t<div class=\"wd-image text-left\">\n\t\t\t\t\t\t\t\t<img loading=\"lazy\" decoding=\"async\" width=\"1234\" height=\"537\" src=\"https:\/\/naturalook.shop\/wp-content\/uploads\/2023\/04\/keratin-nano-fr.png\" class=\"attachment-full size-full\" alt=\"\" srcset=\"https:\/\/naturalook.shop\/wp-content\/uploads\/2023\/04\/keratin-nano-fr.png 1234w, https:\/\/naturalook.shop\/wp-content\/uploads\/2023\/04\/keratin-nano-fr-430x187.png 430w, https:\/\/naturalook.shop\/wp-content\/uploads\/2023\/04\/keratin-nano-fr-150x65.png 150w, https:\/\/naturalook.shop\/wp-content\/uploads\/2023\/04\/keratin-nano-fr-900x392.png 900w, https:\/\/naturalook.shop\/wp-content\/uploads\/2023\/04\/keratin-nano-fr-400x174.png 400w, https:\/\/naturalook.shop\/wp-content\/uploads\/2023\/04\/keratin-nano-fr-768x334.png 768w, https:\/\/naturalook.shop\/wp-content\/uploads\/2023\/04\/keratin-nano-fr-860x374.png 860w\" sizes=\"auto, (max-width: 1234px) 100vw, 1234px\" \/>\t\t\t\t\t<\/div>\n\n\t\t\t\t\t\t<\/div>\n\t\t\t\t<\/div>\n\t\t\t\t\t<\/div>\n\t\t<\/div>\n\t\t\t\t\t<\/div>\n\t\t<\/section>\n\t\t\t\t<section class=\"wd-negative-gap elementor-section elementor-top-section elementor-element elementor-element-922392a elementor-section-boxed elementor-section-height-default elementor-section-height-default\" data-id=\"922392a\" data-element_type=\"section\" data-settings=\"{&quot;_ha_eqh_enable&quot;:false}\">\n\t\t\t\t\t\t<div class=\"elementor-container elementor-column-gap-default\">\n\t\t\t\t\t<div class=\"elementor-column elementor-col-100 elementor-top-column elementor-element elementor-element-57cd046\" data-id=\"57cd046\" data-element_type=\"column\">\n\t\t\t<div class=\"elementor-widget-wrap elementor-element-populated\">\n\t\t\t\t\t\t<div class=\"elementor-element elementor-element-4ea3078 elementor-widget elementor-widget-wd_image_or_svg\" data-id=\"4ea3078\" data-element_type=\"widget\" data-widget_type=\"wd_image_or_svg.default\">\n\t\t\t\t<div class=\"elementor-widget-container\">\n\t\t\t\t\t\n\t\t<div class=\"wd-image text-left\">\n\t\t\t\t\t\t\t\t<img loading=\"lazy\" decoding=\"async\" width=\"1974\" height=\"2560\" src=\"https:\/\/naturalook.shop\/wp-content\/uploads\/2025\/02\/FELPS-keratin-nano-FR-scaled.jpg\" class=\"attachment-full size-full\" alt=\"\" srcset=\"https:\/\/naturalook.shop\/wp-content\/uploads\/2025\/02\/FELPS-keratin-nano-FR-scaled.jpg 1974w, https:\/\/naturalook.shop\/wp-content\/uploads\/2025\/02\/FELPS-keratin-nano-FR-scaled-430x558.jpg 430w, https:\/\/naturalook.shop\/wp-content\/uploads\/2025\/02\/FELPS-keratin-nano-FR-scaled-150x195.jpg 150w, https:\/\/naturalook.shop\/wp-content\/uploads\/2025\/02\/FELPS-keratin-nano-FR-scaled-900x1167.jpg 900w, https:\/\/naturalook.shop\/wp-content\/uploads\/2025\/02\/FELPS-keratin-nano-FR-231x300.jpg 231w, https:\/\/naturalook.shop\/wp-content\/uploads\/2025\/02\/FELPS-keratin-nano-FR-617x800.jpg 617w, https:\/\/naturalook.shop\/wp-content\/uploads\/2025\/02\/FELPS-keratin-nano-FR-768x996.jpg 768w, https:\/\/naturalook.shop\/wp-content\/uploads\/2025\/02\/FELPS-keratin-nano-FR-1184x1536.jpg 1184w, https:\/\/naturalook.shop\/wp-content\/uploads\/2025\/02\/FELPS-keratin-nano-FR-1579x2048.jpg 1579w, https:\/\/naturalook.shop\/wp-content\/uploads\/2025\/02\/FELPS-keratin-nano-FR-1320x1712.jpg 1320w\" sizes=\"auto, (max-width: 1974px) 100vw, 1974px\" \/>\t\t\t\t\t<\/div>\n\n\t\t\t\t\t\t<\/div>\n\t\t\t\t<\/div>\n\t\t\t\t\t<\/div>\n\t\t<\/div>\n\t\t\t\t\t<\/div>\n\t\t<\/section>\n\t\t\t\t<\/div>\n\t\t\n","protected":false},"excerpt":{"rendered":"<p>R\u00c9DUCTION DE VOLUME, ALIGNEMENT DES CHEVEUX, LISSAGE SANS FORMALD\u00c9HYDE \u00c0 100%<\/p>\n","protected":false},"featured_media":33086,"comment_status":"open","ping_status":"closed","template":"","meta":{"_glsr_average":0,"_glsr_ranking":0,"_glsr_reviews":0},"product_brand":[900],"product_cat":[80],"product_tag":[],"class_list":{"0":"post-23190","1":"product","2":"type-product","3":"status-publish","4":"has-post-thumbnail","6":"product_brand-felps","7":"product_cat-nanoplastie","8":"_wholesalex wsx-wholesalex-product","10":"first","11":"instock","12":"taxable","13":"shipping-taxable","14":"product-type-simple"},"jetpack_sharing_enabled":true,"_links":{"self":[{"href":"https:\/\/naturalook.shop\/fr\/wp-json\/wp\/v2\/product\/23190","targetHints":{"allow":["GET"]}}],"collection":[{"href":"https:\/\/naturalook.shop\/fr\/wp-json\/wp\/v2\/product"}],"about":[{"href":"https:\/\/naturalook.shop\/fr\/wp-json\/wp\/v2\/types\/product"}],"replies":[{"embeddable":true,"href":"https:\/\/naturalook.shop\/fr\/wp-json\/wp\/v2\/comments?post=23190"}],"version-history":[{"count":1,"href":"https:\/\/naturalook.shop\/fr\/wp-json\/wp\/v2\/product\/23190\/revisions"}],"predecessor-version":[{"id":34136,"href":"https:\/\/naturalook.shop\/fr\/wp-json\/wp\/v2\/product\/23190\/revisions\/34136"}],"wp:featuredmedia":[{"embeddable":true,"href":"https:\/\/naturalook.shop\/fr\/wp-json\/wp\/v2\/media\/33086"}],"wp:attachment":[{"href":"https:\/\/naturalook.shop\/fr\/wp-json\/wp\/v2\/media?parent=23190"}],"wp:term":[{"taxonomy":"product_brand","embeddable":true,"href":"https:\/\/naturalook.shop\/fr\/wp-json\/wp\/v2\/product_brand?post=23190"},{"taxonomy":"product_cat","embeddable":true,"href":"https:\/\/naturalook.shop\/fr\/wp-json\/wp\/v2\/product_cat?post=23190"},{"taxonomy":"product_tag","embeddable":true,"href":"https:\/\/naturalook.shop\/fr\/wp-json\/wp\/v2\/product_tag?post=23190"}],"curies":[{"name":"wp","href":"https:\/\/api.w.org\/{rel}","templated":true}]}}