{"id":23205,"date":"2023-10-10T11:51:07","date_gmt":"2023-10-10T15:51:07","guid":{"rendered":"https:\/\/naturalook.shop\/?post_type=product&#038;p=23205"},"modified":"2026-04-02T11:30:36","modified_gmt":"2026-04-02T15:30:36","slug":"mq-pro-digital-2400w-sechoir-professionnel-pour-cheveux","status":"publish","type":"product","link":"https:\/\/naturalook.shop\/fr\/produit\/mq-pro-digital-2400w-sechoir-professionnel-pour-cheveux\/","title":{"rendered":"MQ PRO DIGITAL 2400W S\u00e9choir Professionnel pour Cheveux"},"content":{"rendered":"<h2><img loading=\"lazy\" decoding=\"async\" class=\"aligncenter wp-image-35420 size-full\" src=\"https:\/\/naturalook.shop\/wp-content\/uploads\/2023\/10\/PRO-DIGITAL-2048x778-1.png\" alt=\"\" width=\"2048\" height=\"778\" srcset=\"https:\/\/naturalook.shop\/wp-content\/uploads\/2023\/10\/PRO-DIGITAL-2048x778-1.png 2048w, https:\/\/naturalook.shop\/wp-content\/uploads\/2023\/10\/PRO-DIGITAL-2048x778-1-400x152.png 400w, https:\/\/naturalook.shop\/wp-content\/uploads\/2023\/10\/PRO-DIGITAL-2048x778-1-1300x494.png 1300w, https:\/\/naturalook.shop\/wp-content\/uploads\/2023\/10\/PRO-DIGITAL-2048x778-1-768x292.png 768w, https:\/\/naturalook.shop\/wp-content\/uploads\/2023\/10\/PRO-DIGITAL-2048x778-1-1536x584.png 1536w, https:\/\/naturalook.shop\/wp-content\/uploads\/2023\/10\/PRO-DIGITAL-2048x778-1-430x163.png 430w, https:\/\/naturalook.shop\/wp-content\/uploads\/2023\/10\/PRO-DIGITAL-2048x778-1-900x342.png 900w, https:\/\/naturalook.shop\/wp-content\/uploads\/2023\/10\/PRO-DIGITAL-2048x778-1-150x57.png 150w\" sizes=\"auto, (max-width: 2048px) 100vw, 2048px\" \/><\/h2>\n<h1 id=\"mq-pro-digital-ion-2600w--next-generation-professi\" class=\"font-sans first:mt-xs mb-2 mt-4 font-semimedium visRefresh2026Fonts:font-bold text-lg leading-[1.5em] lg:text-xl\">S\u00c9CHOIR PROFESSIONNEL MQ PRO DIGITAL ION 2400W \u2013 Nouvelle g\u00e9n\u00e9ration de s\u00e9choirs de salon<\/h1>\n<h2 id=\"digital-mq-motor-power-speed-and-low-noise\" class=\"mb-2 mt-4 font-sans font-semimedium visRefresh2026Fonts:font-bold text-base visRefresh2026Fonts:text-lg first:mt-0 md:text-lg [hr+&amp;]:mt-4\">Moteur DIGITAL-MQ : puissance, vitesse et faible niveau sonore<\/h2>\n<p class=\"my-2 [&amp;+p]:mt-4 [&amp;_strong:has(+br)]:inline-block [&amp;_strong:has(+br)]:pb-2\">Le <strong>s\u00e9choir MQ Pro Digital Ion<\/strong> utilise le r\u00e9volutionnaire <strong>moteur DIGITAL-MQ<\/strong>, offrant <strong>2400W \u00e0 127V<\/strong> pour un flux d\u2019air chaud puissant qui <strong>r\u00e9duit le temps de s\u00e9chage jusqu\u2019\u00e0 de moiti\u00e9<\/strong> par rapport aux s\u00e9choirs classiques. Ce moteur num\u00e9rique avanc\u00e9 fonctionne avec un <strong>niveau de bruit r\u00e9duit<\/strong>, cr\u00e9ant une ambiance plus calme pour les stylistes comme pour la client\u00e8le.<\/p>\n<h2 id=\"ultra-light-450-g-design-for-healthier-working\" class=\"mb-2 mt-4 font-sans font-semimedium visRefresh2026Fonts:font-bold text-base visRefresh2026Fonts:text-lg first:mt-0 md:text-lg [hr+&amp;]:mt-4\">Design ultral\u00e9ger de 450 g pour un travail plus sain<\/h2>\n<p class=\"my-2 [&amp;+p]:mt-4 [&amp;_strong:has(+br)]:inline-block [&amp;_strong:has(+br)]:pb-2\">Avec seulement <strong>450 g<\/strong>, le Pro Digital est nettement plus l\u00e9ger que les s\u00e9choirs \u00e0 moteur AC traditionnels, aidant \u00e0 r\u00e9duire les blessures de stress r\u00e9p\u00e9titif, la tension aux \u00e9paules et la fatigue en fin de journ\u00e9e. Son format compact et bien \u00e9quilibr\u00e9 est id\u00e9al pour les traitements \u00e0 la k\u00e9ratine, les brushings et les finitions o\u00f9 vous avez besoin de beaucoup de puissance sans perdre en confort.<\/p>\n<h2 id=\"5-more-durable-than-conventional-ac-motors\" class=\"mb-2 mt-4 font-sans font-semimedium visRefresh2026Fonts:font-bold text-base visRefresh2026Fonts:text-lg first:mt-0 md:text-lg [hr+&amp;]:mt-4\">Dur\u00e9e de vie 5\u00d7 sup\u00e9rieure aux moteurs AC conventionnels<\/h2>\n<p class=\"my-2 [&amp;+p]:mt-4 [&amp;_strong:has(+br)]:inline-block [&amp;_strong:has(+br)]:pb-2\">Le moteur DIGITAL-MQ offre <strong>jusqu\u2019\u00e0 5\u00d7 plus de durabilit\u00e9 que les moteurs AC standards<\/strong>, ce qui signifie moins de remplacements et plus de fiabilit\u00e9 dans les salons \u00e0 haut volume. Son haut rendement contribue aussi \u00e0 r\u00e9duire la consommation d\u2019\u00e9nergie tout en maintenant un flux d\u2019air intense pour des r\u00e9sultats de s\u00e9chage rapides et professionnels.<\/p>\n<h2 id=\"ion-technology-3-m-cord-and-pro-features\" class=\"mb-2 mt-4 font-sans font-semimedium visRefresh2026Fonts:font-bold text-base visRefresh2026Fonts:text-lg first:mt-0 md:text-lg [hr+&amp;]:mt-4\">Technologie ionique, cordon de 3 m et caract\u00e9ristiques pro<\/h2>\n<ul class=\"marker:text-quiet list-disc\">\n<li class=\"py-0 my-0 prose-p:pt-0 prose-p:mb-2 prose-p:my-0 [&amp;&gt;p]:pt-0 [&amp;&gt;p]:mb-2 [&amp;&gt;p]:my-0\">\n<p class=\"my-2 [&amp;+p]:mt-4 [&amp;_strong:has(+br)]:inline-block [&amp;_strong:has(+br)]:pb-2\">La <strong>technologie ionique<\/strong> laisse les cheveux plus doux, plus brillants et avec moins de frisottis \u2014 parfaite pour des finis polis et satin\u00e9s.<\/p>\n<\/li>\n<li class=\"py-0 my-0 prose-p:pt-0 prose-p:mb-2 prose-p:my-0 [&amp;&gt;p]:pt-0 [&amp;&gt;p]:mb-2 [&amp;&gt;p]:my-0\">\n<p class=\"my-2 [&amp;+p]:mt-4 [&amp;_strong:has(+br)]:inline-block [&amp;_strong:has(+br)]:pb-2\">Le <strong>cordon professionnel de 3 m\u00e8tres<\/strong> offre une mobilit\u00e9 maximale autour de la chaise et de la zone de traitement.<\/p>\n<\/li>\n<li class=\"py-0 my-0 prose-p:pt-0 prose-p:mb-2 prose-p:my-0 [&amp;&gt;p]:pt-0 [&amp;&gt;p]:mb-2 [&amp;&gt;p]:my-0\">\n<p class=\"my-2 [&amp;+p]:mt-4 [&amp;_strong:has(+br)]:inline-block [&amp;_strong:has(+br)]:pb-2\">Plusieurs <strong>r\u00e9glages de temp\u00e9rature et de vitesse<\/strong>, un <strong>bouton d\u2019air froid<\/strong>, un <strong>filtre d\u2019air amovible<\/strong> et <strong>deux embouts directionnels (large et \u00e9troit)<\/strong> vous donnent un contr\u00f4le complet selon les types de cheveux et les techniques.<\/p>\n<\/li>\n<\/ul>\n<h2 id=\"why-choose-mq-pro-digital-for-your-salon\" class=\"mb-2 mt-4 font-sans font-semimedium visRefresh2026Fonts:font-bold text-base visRefresh2026Fonts:text-lg first:mt-0 md:text-lg [hr+&amp;]:mt-4\">Pourquoi choisir le MQ Pro Digital pour votre salon?<\/h2>\n<ul class=\"marker:text-quiet list-disc\">\n<li class=\"py-0 my-0 prose-p:pt-0 prose-p:mb-2 prose-p:my-0 [&amp;&gt;p]:pt-0 [&amp;&gt;p]:mb-2 [&amp;&gt;p]:my-0\">\n<p class=\"my-2 [&amp;+p]:mt-4 [&amp;_strong:has(+br)]:inline-block [&amp;_strong:has(+br)]:pb-2\">R\u00e9duit le temps de s\u00e9chage de moiti\u00e9 gr\u00e2ce \u00e0 un moteur num\u00e9rique puissant (2400W)<\/p>\n<\/li>\n<li class=\"py-0 my-0 prose-p:pt-0 prose-p:mb-2 prose-p:my-0 [&amp;&gt;p]:pt-0 [&amp;&gt;p]:mb-2 [&amp;&gt;p]:my-0\">\n<p class=\"my-2 [&amp;+p]:mt-4 [&amp;_strong:has(+br)]:inline-block [&amp;_strong:has(+br)]:pb-2\">Ne p\u00e8se que 450 g, pr\u00e9servant votre sant\u00e9 et votre confort au quotidien<\/p>\n<\/li>\n<li class=\"py-0 my-0 prose-p:pt-0 prose-p:mb-2 prose-p:my-0 [&amp;&gt;p]:pt-0 [&amp;&gt;p]:mb-2 [&amp;&gt;p]:my-0\">\n<p class=\"my-2 [&amp;+p]:mt-4 [&amp;_strong:has(+br)]:inline-block [&amp;_strong:has(+br)]:pb-2\">Fonctionnement silencieux pour r\u00e9duire le stress et cr\u00e9er une atmosph\u00e8re plus agr\u00e9able en salon<\/p>\n<\/li>\n<li class=\"py-0 my-0 prose-p:pt-0 prose-p:mb-2 prose-p:my-0 [&amp;&gt;p]:pt-0 [&amp;&gt;p]:mb-2 [&amp;&gt;p]:my-0\">\n<p class=\"my-2 [&amp;+p]:mt-4 [&amp;_strong:has(+br)]:inline-block [&amp;_strong:has(+br)]:pb-2\">Offre une durabilit\u00e9 5\u00d7 sup\u00e9rieure aux moteurs AC conventionnels pour une fiabilit\u00e9 \u00e0 long terme<\/p>\n<\/li>\n<li class=\"py-0 my-0 prose-p:pt-0 prose-p:mb-2 prose-p:my-0 [&amp;&gt;p]:pt-0 [&amp;&gt;p]:mb-2 [&amp;&gt;p]:my-0\">\n<p class=\"my-2 [&amp;+p]:mt-4 [&amp;_strong:has(+br)]:inline-block [&amp;_strong:has(+br)]:pb-2\">La technologie ionique assure des r\u00e9sultats doux, brillants et contr\u00f4l\u00e9s au niveau des frisottis<\/p>\n<\/li>\n<li class=\"py-0 my-0 prose-p:pt-0 prose-p:mb-2 prose-p:my-0 [&amp;&gt;p]:pt-0 [&amp;&gt;p]:mb-2 [&amp;&gt;p]:my-0\">\n<p class=\"my-2 [&amp;+p]:mt-4 [&amp;_strong:has(+br)]:inline-block [&amp;_strong:has(+br)]:pb-2\">Le cordon de 3 m garantit une mobilit\u00e9 sup\u00e9rieure pour un usage professionnel intensif<\/p>\n<\/li>\n<li class=\"py-0 my-0 prose-p:pt-0 prose-p:mb-2 prose-p:my-0 [&amp;&gt;p]:pt-0 [&amp;&gt;p]:mb-2 [&amp;&gt;p]:my-0\">\n<p class=\"my-2 [&amp;+p]:mt-4 [&amp;_strong:has(+br)]:inline-block [&amp;_strong:has(+br)]:pb-2\">Produit fabriqu\u00e9 au Br\u00e9sil par MQ Professional, pionniers des s\u00e9choirs \u00e0 moteur num\u00e9rique sur le march\u00e9 br\u00e9silien<\/p>\n<\/li>\n<\/ul>\n<p class=\"my-2 [&amp;+p]:mt-4 [&amp;_strong:has(+br)]:inline-block [&amp;_strong:has(+br)]:pb-2\">Faites entrer votre salon dans l\u2019\u00e8re nouvelle avec le <strong>MQ Pro Digital Ion 2400W<\/strong> et profitez de plus de puissance, plus de confort et plus de rentabilit\u00e9 \u00e0 chaque service.<\/p>\n<table class=\"tabela-tecnica-table\">\n<thead>\n<tr>\n<th>Sp\u00e9cifications techniques :<\/th>\n<th>S\u00c9CHOIR MQ PRO DIGITAL ION 2400W<\/th>\n<\/tr>\n<\/thead>\n<tbody>\n<tr>\n<td>Puissance :<\/td>\n<td>2400W<\/td>\n<\/tr>\n<tr>\n<td>R\u00e9glages de temp\u00e9rature :<\/td>\n<td>Oui<\/td>\n<\/tr>\n<tr>\n<td>R\u00e9glages de vitesse :<\/td>\n<td>Oui<\/td>\n<\/tr>\n<tr>\n<td>Longueur du cordon :<\/td>\n<td>3 m\u00e8tres<\/td>\n<\/tr>\n<tr>\n<td>Amp\u00e9rage du cordon :<\/td>\n<td>20A 127V<\/td>\n<\/tr>\n<tr>\n<td>Type de moteur :<\/td>\n<td>Digital MQ 22 000 RPM<\/td>\n<\/tr>\n<tr>\n<td>Ions :<\/td>\n<td>Oui<\/td>\n<\/tr>\n<tr>\n<td>Bouton air froid :<\/td>\n<td>Oui<\/td>\n<\/tr>\n<tr>\n<td>Embouts :<\/td>\n<td>2 embouts directionnels (large et \u00e9troit)<\/td>\n<\/tr>\n<tr>\n<td>Filtre d\u2019air :<\/td>\n<td>Oui \u2013 amovible<\/td>\n<\/tr>\n<tr>\n<td>Tension :<\/td>\n<td>127V<\/td>\n<\/tr>\n<tr>\n<td>Design :<\/td>\n<td>Classique<\/td>\n<\/tr>\n<tr>\n<td>Couleur :<\/td>\n<td>Gris<\/td>\n<\/tr>\n<tr>\n<td>Type de fini :<\/td>\n<td>Lustr\u00e9<\/td>\n<\/tr>\n<tr>\n<td>Dimensions du produit :<\/td>\n<td>21 \u00d7 21 \u00d7 6,5 cm<\/td>\n<\/tr>\n<tr>\n<td>Poids du cordon :<\/td>\n<td>450 g<\/td>\n<\/tr>\n<tr>\n<td>Dimensions de l\u2019emballage :<\/td>\n<td>220 g<\/td>\n<\/tr>\n<tr>\n<td>Poids de l\u2019emballage :<\/td>\n<td>800 g<\/td>\n<\/tr>\n<tr>\n<td>EAN :<\/td>\n<td>7908422601641<\/td>\n<\/tr>\n<tr>\n<td>Garantie :<\/td>\n<td>6 mois<\/td>\n<\/tr>\n<tr>\n<td>Contenu de l\u2019emballage :<\/td>\n<td>1 s\u00e9choir MQ PRO DIGITAL ION, 2 embouts directionnels, 1 manuel et 1 liste de centres de service autoris\u00e9s<\/td>\n<\/tr>\n<tr>\n<td>Code produit :<\/td>\n<td>2.02.10.010.01<\/td>\n<\/tr>\n<tr>\n<td>Fr\u00e9quence :<\/td>\n<td>60Hz<\/td>\n<\/tr>\n<tr>\n<td>DUN-14 :<\/td>\n<td>17908422601648<\/td>\n<\/tr>\n<tr>\n<td>Mat\u00e9riau du bo\u00eetier :<\/td>\n<td>PA<\/td>\n<\/tr>\n<tr>\n<td>Mat\u00e9riau des embouts :<\/td>\n<td>PA<\/td>\n<\/tr>\n<tr>\n<td>Dimensions de la caisse :<\/td>\n<td>65 \u00d7 26,5 \u00d7 56<\/td>\n<\/tr>\n<tr>\n<td>NCM :<\/td>\n<td>8516.31.00<\/td>\n<\/tr>\n<tr>\n<td>CEST :<\/td>\n<td>21.102.00<\/td>\n<\/tr>\n<\/tbody>\n<\/table>\n","protected":false},"excerpt":{"rendered":"<div class=\"prose dark:prose-invert inline leading-relaxed break-words min-w-0 [word-break:break-word] prose-strong:font-medium visRefresh2026Fonts:prose-strong:font-bold [&amp;_&gt;*:first-child]:mt-0\">\n<p class=\"my-2 [&amp;+p]:mt-4 [&amp;_strong:has(+br)]:inline-block [&amp;_strong:has(+br)]:pb-2\">S\u00e8che-cheveux professionnel \u00e0 moteur num\u00e9rique ultral\u00e9ger (450 g) de 2400W avec technologie ionique, faible niveau sonore et dur\u00e9e de vie 5X plus longue, pour r\u00e9duire le temps de s\u00e9chage de moiti\u00e9 et am\u00e9liorer le confort en salon.<\/p>\n<\/div>\n","protected":false},"featured_media":35378,"comment_status":"open","ping_status":"closed","template":"","meta":{"_glsr_average":0,"_glsr_ranking":0,"_glsr_reviews":0},"product_brand":[903],"product_cat":[621,622,623],"product_tag":[],"class_list":{"0":"post-23205","1":"product","2":"type-product","3":"status-publish","4":"has-post-thumbnail","6":"product_brand-mq","7":"product_cat-outils","8":"product_cat-outils-pour-extensions-capillaires","9":"product_cat-outils-pour-traitement-capillaires","10":"_wholesalex wsx-wholesalex-product","12":"first","13":"instock","14":"featured","15":"taxable","16":"shipping-taxable","17":"purchasable","18":"product-type-simple"},"jetpack_sharing_enabled":true,"_links":{"self":[{"href":"https:\/\/naturalook.shop\/fr\/wp-json\/wp\/v2\/product\/23205","targetHints":{"allow":["GET"]}}],"collection":[{"href":"https:\/\/naturalook.shop\/fr\/wp-json\/wp\/v2\/product"}],"about":[{"href":"https:\/\/naturalook.shop\/fr\/wp-json\/wp\/v2\/types\/product"}],"replies":[{"embeddable":true,"href":"https:\/\/naturalook.shop\/fr\/wp-json\/wp\/v2\/comments?post=23205"}],"version-history":[{"count":4,"href":"https:\/\/naturalook.shop\/fr\/wp-json\/wp\/v2\/product\/23205\/revisions"}],"predecessor-version":[{"id":36151,"href":"https:\/\/naturalook.shop\/fr\/wp-json\/wp\/v2\/product\/23205\/revisions\/36151"}],"wp:featuredmedia":[{"embeddable":true,"href":"https:\/\/naturalook.shop\/fr\/wp-json\/wp\/v2\/media\/35378"}],"wp:attachment":[{"href":"https:\/\/naturalook.shop\/fr\/wp-json\/wp\/v2\/media?parent=23205"}],"wp:term":[{"taxonomy":"product_brand","embeddable":true,"href":"https:\/\/naturalook.shop\/fr\/wp-json\/wp\/v2\/product_brand?post=23205"},{"taxonomy":"product_cat","embeddable":true,"href":"https:\/\/naturalook.shop\/fr\/wp-json\/wp\/v2\/product_cat?post=23205"},{"taxonomy":"product_tag","embeddable":true,"href":"https:\/\/naturalook.shop\/fr\/wp-json\/wp\/v2\/product_tag?post=23205"}],"curies":[{"name":"wp","href":"https:\/\/api.w.org\/{rel}","templated":true}]}}