{"id":26216,"date":"2024-04-12T11:14:58","date_gmt":"2024-04-12T15:14:58","guid":{"rendered":"https:\/\/naturalook.shop\/product\/kit-dextensions-de-cheveux-v-light\/"},"modified":"2025-06-07T13:43:13","modified_gmt":"2025-06-07T17:43:13","slug":"kit-dextensions-de-cheveux-v-light","status":"publish","type":"product","link":"https:\/\/naturalook.shop\/fr\/produit\/kit-dextensions-de-cheveux-v-light\/","title":{"rendered":"KIT D&#8217;EXTENSIONS DE CHEVEUX V-LIGHT"},"content":{"rendered":"\t\t<div data-elementor-type=\"wp-post\" data-elementor-id=\"26216\" class=\"elementor elementor-26216 elementor-26189\" data-elementor-settings=\"{&quot;ha_cmc_init_switcher&quot;:&quot;no&quot;}\">\n\t\t\t\t\t\t<section class=\"wd-negative-gap elementor-section elementor-top-section elementor-element elementor-element-1bf5a35e elementor-section-boxed elementor-section-height-default elementor-section-height-default\" data-id=\"1bf5a35e\" data-element_type=\"section\" data-settings=\"{&quot;_ha_eqh_enable&quot;:false}\">\n\t\t\t\t\t\t<div class=\"elementor-container elementor-column-gap-default\">\n\t\t\t\t\t<div class=\"elementor-column elementor-col-100 elementor-top-column elementor-element elementor-element-2c66c0e8\" data-id=\"2c66c0e8\" data-element_type=\"column\">\n\t\t\t<div class=\"elementor-widget-wrap elementor-element-populated\">\n\t\t\t\t\t\t<div class=\"elementor-element elementor-element-43482914 color-scheme-inherit text-left elementor-widget elementor-widget-text-editor\" data-id=\"43482914\" data-element_type=\"widget\" data-widget_type=\"text-editor.default\">\n\t\t\t\t<div class=\"elementor-widget-container\">\n\t\t\t\t\t\t\t\t\t<h2>R\u00e9volutionnez votre look avec le kit d&#8217;extensions de cheveux V-Light (VLIGHT)<\/h2><h3><strong>Le kit complet comprend :<\/strong><\/h3><ul><li><strong>1 appareil V-Light Premium :<\/strong>\u00a0Technologie de pointe pour des extensions sans couture.<\/li><li><strong>1 peignes V-Light :<\/strong>\u00a0Pour une manipulation facile et un placement pr\u00e9cis.<\/li><li><strong>1 colle \u00e0 cheveux transparente V-Light :<\/strong>\u00a0Sp\u00e9cialement formul\u00e9e pour des liens forts et invisibles.<\/li><li><strong>1 Liquide de retrait V-Light<\/strong><\/li><li><strong>1 an de garantie :<\/strong>\u00a0Votre investissement est prot\u00e9g\u00e9.<\/li><\/ul><h3><strong>Disponible \u00e0 l&#8217;achat s\u00e9par\u00e9 :<\/strong><\/h3><ul><li><strong>Colle \u00e0 cheveux noire V-Light<\/strong><\/li><\/ul><h3><strong>Compatibilit\u00e9 capillaire polyvalente<\/strong><\/h3><ul><li>Compatible avec tous les types de cheveux naturels, y compris les rubans, les liens de k\u00e9ratine et les cheveux en trame.<\/li><\/ul><h3><strong>Innovant et efficace<\/strong><\/h3><ul><li>L&#8217;appareil V-Light, associ\u00e9 \u00e0 notre colle exclusive V-Light, offre des r\u00e9sultats exceptionnellement naturels rapidement et efficacement. Vivez un processus de pose d&#8217;extensions transformateur qui r\u00e9duit consid\u00e9rablement le temps habituellement n\u00e9cessaire.<\/li><\/ul><h3><strong>Principaux avantages :<\/strong><\/h3><ul><li><strong>Application rapide :<\/strong> Obtenez des r\u00e9sultats parfaits en quelques secondes avec une colle \u00e0 prise rapide.<\/li><li><strong>Invisible et l\u00e9ger :<\/strong> Des extensions si naturelles que vous oublierez leur pr\u00e9sence.<\/li><li><strong>Exposition imm\u00e9diate \u00e0 l&#8217;eau :<\/strong> Pas de temps d&#8217;attente n\u00e9cessaire avant de mouiller vos extensions.<\/li><li><strong>Sans entretien :<\/strong> Aucun soin sp\u00e9cial ni temps d&#8217;arr\u00eat requis.<\/li><li><strong>Longue dur\u00e9e :<\/strong> Profitez de belles extensions qui durent jusqu&#8217;\u00e0 2 mois.<\/li><\/ul><h3><strong>Processus d&#8217;application simple :<\/strong><\/h3><ol><li>Appliquez une goutte de colle sur les cheveux.<\/li><li>Positionnez l&#8217;extension.<\/li><li>Travaillez la colle dans la liaison.<\/li><li>Durcissez la colle avec l&#8217;appareil V-Light.<\/li><\/ol><h3><strong>Une solution pour chaque besoin<\/strong><\/h3><ul><li>Obtenez de meilleurs cheveux, d&#8217;apparence plus naturelle, sans effort. Nos extensions V-Light peuvent \u00eatre retir\u00e9es doucement et rapidement, sans laisser de r\u00e9sidus, en utilisant la solution et l&#8217;outil de retrait V-Light.<\/li><\/ul><h3><strong>D\u00e9couvrez l&#8217;avenir des extensions de cheveux avec le kit V-Light \u2014 o\u00f9 le style rencontre la commodit\u00e9 et la qualit\u00e9.<\/strong><\/h3><p><strong><a href=\"https:\/\/naturalook.shop\/fr\/formation-sur-les-extensions-capillaires-v-light\/\">Formation exclusive sur les extensions de cheveux V-Light.<\/a><\/strong><\/p>\t\t\t\t\t\t\t\t<\/div>\n\t\t\t\t<\/div>\n\t\t\t\t\t<\/div>\n\t\t<\/div>\n\t\t\t\t\t<\/div>\n\t\t<\/section>\n\t\t\t\t<section class=\"wd-negative-gap elementor-section elementor-top-section elementor-element elementor-element-d0b5279 elementor-section-boxed elementor-section-height-default elementor-section-height-default\" data-id=\"d0b5279\" data-element_type=\"section\" data-settings=\"{&quot;_ha_eqh_enable&quot;:false}\">\n\t\t\t\t\t\t<div class=\"elementor-container elementor-column-gap-default\">\n\t\t\t\t\t<div class=\"elementor-column elementor-col-100 elementor-top-column elementor-element elementor-element-17c4a8d\" data-id=\"17c4a8d\" data-element_type=\"column\">\n\t\t\t<div class=\"elementor-widget-wrap elementor-element-populated\">\n\t\t\t\t\t\t<div class=\"elementor-element elementor-element-2289cc9 elementor-widget elementor-widget-spacer\" data-id=\"2289cc9\" data-element_type=\"widget\" data-widget_type=\"spacer.default\">\n\t\t\t\t<div class=\"elementor-widget-container\">\n\t\t\t\t\t\t\t<div class=\"elementor-spacer\">\n\t\t\t<div class=\"elementor-spacer-inner\"><\/div>\n\t\t<\/div>\n\t\t\t\t\t\t<\/div>\n\t\t\t\t<\/div>\n\t\t\t\t<div class=\"elementor-element elementor-element-0fc9318 elementor-widget elementor-widget-ha-carousel happy-addon ha-carousel\" data-id=\"0fc9318\" data-element_type=\"widget\" data-settings=\"{&quot;slides_to_show&quot;:&quot;3&quot;,&quot;navigation&quot;:&quot;none&quot;,&quot;animation_speed&quot;:300,&quot;autoplay&quot;:&quot;yes&quot;,&quot;autoplay_speed&quot;:3000,&quot;loop&quot;:&quot;yes&quot;,&quot;slides_to_show_tablet&quot;:3,&quot;slides_to_show_mobile&quot;:2}\" data-widget_type=\"ha-carousel.default\">\n\t\t\t\t<div class=\"elementor-widget-container\">\n\t\t\t\t\t\n\t\t<div data-ha_rcc_uid=\"\" class=\"hajs-slick ha-slick ha-slick--carousel\">\n\n\t\t\t\n\t\t\t\t<div class=\"ha-slick-slide slick-slide\">\n\t\t\t\t\t<div class=\"ha-slick-item\">\n\t\t\t\t\t\t\t\t\t\t\t\t\t<img decoding=\"async\" class=\"ha-slick-img\" src=\"https:\/\/naturalook.shop\/wp-content\/uploads\/2024\/04\/IMG_5775-768x768.jpg\" alt=\"\">\n\t\t\t\t\t\t\n\t\t\t\t\t\t\t\t\t\t\t<\/div>\n\t\t\t\t<\/div>\n\n\t\t\t\n\t\t\t\t<div class=\"ha-slick-slide slick-slide\">\n\t\t\t\t\t<div class=\"ha-slick-item\">\n\t\t\t\t\t\t\t\t\t\t\t\t\t<img decoding=\"async\" class=\"ha-slick-img\" src=\"https:\/\/naturalook.shop\/wp-content\/uploads\/2024\/04\/IMG_5785.jpg\" alt=\"\">\n\t\t\t\t\t\t\n\t\t\t\t\t\t\t\t\t\t\t<\/div>\n\t\t\t\t<\/div>\n\n\t\t\t\n\t\t\t\t<div class=\"ha-slick-slide slick-slide\">\n\t\t\t\t\t<div class=\"ha-slick-item\">\n\t\t\t\t\t\t\t\t\t\t\t\t\t<img decoding=\"async\" class=\"ha-slick-img\" src=\"https:\/\/naturalook.shop\/wp-content\/uploads\/2024\/04\/IMG_5792-768x768.jpg\" alt=\"\">\n\t\t\t\t\t\t\n\t\t\t\t\t\t\t\t\t\t\t<\/div>\n\t\t\t\t<\/div>\n\n\t\t\t\n\t\t<\/div>\n\n\t\t\n\t\t\n\t\t\t\t\t\t<\/div>\n\t\t\t\t<\/div>\n\t\t\t\t\t<\/div>\n\t\t<\/div>\n\t\t\t\t\t<\/div>\n\t\t<\/section>\n\t\t\t\t<\/div>\n\t\t","protected":false},"excerpt":{"rendered":"<p>R\u00c9VOLUTIONNEZ VOTRE LOOK AVEC LES EXTENSIONS DE CHEVEUX V-LIGHT<\/p>\n","protected":false},"featured_media":26202,"comment_status":"open","ping_status":"closed","template":"","meta":{"_glsr_average":0,"_glsr_ranking":0,"_glsr_reviews":0},"product_brand":[],"product_cat":[622],"product_tag":[],"class_list":{"0":"post-26216","1":"product","2":"type-product","3":"status-publish","4":"has-post-thumbnail","6":"product_cat-outils-pour-extensions-capillaires","7":"_wholesalex wsx-wholesalex-product","9":"first","10":"instock","11":"sale","12":"featured","13":"taxable","14":"shipping-taxable","15":"purchasable","16":"product-type-simple"},"jetpack_sharing_enabled":true,"_links":{"self":[{"href":"https:\/\/naturalook.shop\/fr\/wp-json\/wp\/v2\/product\/26216","targetHints":{"allow":["GET"]}}],"collection":[{"href":"https:\/\/naturalook.shop\/fr\/wp-json\/wp\/v2\/product"}],"about":[{"href":"https:\/\/naturalook.shop\/fr\/wp-json\/wp\/v2\/types\/product"}],"replies":[{"embeddable":true,"href":"https:\/\/naturalook.shop\/fr\/wp-json\/wp\/v2\/comments?post=26216"}],"version-history":[{"count":0,"href":"https:\/\/naturalook.shop\/fr\/wp-json\/wp\/v2\/product\/26216\/revisions"}],"wp:featuredmedia":[{"embeddable":true,"href":"https:\/\/naturalook.shop\/fr\/wp-json\/wp\/v2\/media\/26202"}],"wp:attachment":[{"href":"https:\/\/naturalook.shop\/fr\/wp-json\/wp\/v2\/media?parent=26216"}],"wp:term":[{"taxonomy":"product_brand","embeddable":true,"href":"https:\/\/naturalook.shop\/fr\/wp-json\/wp\/v2\/product_brand?post=26216"},{"taxonomy":"product_cat","embeddable":true,"href":"https:\/\/naturalook.shop\/fr\/wp-json\/wp\/v2\/product_cat?post=26216"},{"taxonomy":"product_tag","embeddable":true,"href":"https:\/\/naturalook.shop\/fr\/wp-json\/wp\/v2\/product_tag?post=26216"}],"curies":[{"name":"wp","href":"https:\/\/api.w.org\/{rel}","templated":true}]}}