{"id":26373,"date":"2024-04-26T11:11:26","date_gmt":"2024-04-26T15:11:26","guid":{"rendered":"https:\/\/naturalook.shop\/?post_type=product&#038;p=26373"},"modified":"2025-10-23T22:21:21","modified_gmt":"2025-10-24T02:21:21","slug":"kevin-murphy-session-spray-flex-hairspray-100ml","status":"publish","type":"product","link":"https:\/\/naturalook.shop\/fr\/produit\/kevin-murphy-session-spray-flex-hairspray-100ml\/","title":{"rendered":"Kevin Murphy &#8211; SESSION.SPRAY FLEX &#8211; Hairspray &#8211; 100ml"},"content":{"rendered":"<p>Recherchez-vous une laque de finition offrant une tenue l\u00e9g\u00e8re avec une flexibilit\u00e9 suppl\u00e9mentaire? Ne cherchez pas plus loin que SESSION.SPRAY FLEX. Notre formule l\u00e9g\u00e8re et \u00e0 s\u00e9chage rapide contient des r\u00e9sines de moulage flexibles qui offrent une tenue naturelle et travaill\u00e9e, avec les m\u00eames propri\u00e9t\u00e9s de r\u00e9sistance \u00e0 l&#8217;humidit\u00e9 et sans flocons que notre SESSION.SPRAY ador\u00e9e. Infus\u00e9 avec notre m\u00e9lange d&#8217;\u00e9lasticit\u00e9 sp\u00e9cial compos\u00e9 d&#8217;extraits naturels, cette laque aide \u00e0 donner \u00e0 vos cheveux l&#8217;hydratation, la force et la douceur n\u00e9cessaires.<\/p>\n","protected":false},"excerpt":{"rendered":"<p>UN SPRAY DE FINITION L\u00c9GER ET FLEXIBLE<\/p>\n","protected":false},"featured_media":26632,"comment_status":"open","ping_status":"closed","template":"","meta":{"_glsr_average":0,"_glsr_ranking":0,"_glsr_reviews":0},"product_brand":[902],"product_cat":[615],"product_tag":[677],"class_list":{"0":"post-26373","1":"product","2":"type-product","3":"status-publish","4":"has-post-thumbnail","6":"product_brand-kevin-murphy","7":"product_cat-stylisant","8":"product_tag-kevin-murphy-fr","9":"_wholesalex wsx-wholesalex-product","11":"first","12":"outofstock","13":"taxable","14":"shipping-taxable","15":"purchasable","16":"product-type-simple"},"jetpack_sharing_enabled":true,"_links":{"self":[{"href":"https:\/\/naturalook.shop\/fr\/wp-json\/wp\/v2\/product\/26373","targetHints":{"allow":["GET"]}}],"collection":[{"href":"https:\/\/naturalook.shop\/fr\/wp-json\/wp\/v2\/product"}],"about":[{"href":"https:\/\/naturalook.shop\/fr\/wp-json\/wp\/v2\/types\/product"}],"replies":[{"embeddable":true,"href":"https:\/\/naturalook.shop\/fr\/wp-json\/wp\/v2\/comments?post=26373"}],"version-history":[{"count":1,"href":"https:\/\/naturalook.shop\/fr\/wp-json\/wp\/v2\/product\/26373\/revisions"}],"predecessor-version":[{"id":34195,"href":"https:\/\/naturalook.shop\/fr\/wp-json\/wp\/v2\/product\/26373\/revisions\/34195"}],"wp:featuredmedia":[{"embeddable":true,"href":"https:\/\/naturalook.shop\/fr\/wp-json\/wp\/v2\/media\/26632"}],"wp:attachment":[{"href":"https:\/\/naturalook.shop\/fr\/wp-json\/wp\/v2\/media?parent=26373"}],"wp:term":[{"taxonomy":"product_brand","embeddable":true,"href":"https:\/\/naturalook.shop\/fr\/wp-json\/wp\/v2\/product_brand?post=26373"},{"taxonomy":"product_cat","embeddable":true,"href":"https:\/\/naturalook.shop\/fr\/wp-json\/wp\/v2\/product_cat?post=26373"},{"taxonomy":"product_tag","embeddable":true,"href":"https:\/\/naturalook.shop\/fr\/wp-json\/wp\/v2\/product_tag?post=26373"}],"curies":[{"name":"wp","href":"https:\/\/api.w.org\/{rel}","templated":true}]}}