{"id":26416,"date":"2024-05-01T13:44:28","date_gmt":"2024-05-01T17:44:28","guid":{"rendered":"https:\/\/naturalook.shop\/product\/solution-de-retrait-de-colle-v-light-30ml\/"},"modified":"2026-03-27T20:39:42","modified_gmt":"2026-03-28T00:39:42","slug":"solution-de-retrait-de-colle-v-light-30ml","status":"publish","type":"product","link":"https:\/\/naturalook.shop\/fr\/produit\/solution-de-retrait-de-colle-v-light-30ml\/","title":{"rendered":"Solution de Retrait de Colle V-Light &#8211; 30ml"},"content":{"rendered":"<p><strong>La Solution de Retrait V-Light<\/strong> est un composant essentiel du kit d&#8217;extensions de cheveux V-Light, con\u00e7ue pour dissoudre doucement et efficacement les liens form\u00e9s par la Colle pour Cheveux V-Light.<\/p>\n<p>Cette solution sp\u00e9cialis\u00e9e assure un retrait des extensions de cheveux sans tracas, ne laissant aucun r\u00e9sidu et pr\u00e9servant l&#8217;int\u00e9grit\u00e9 des cheveux naturels. Elle agit rapidement pour d\u00e9composer l&#8217;adh\u00e9sif, permettant un d\u00e9tachement facile et s\u00fbr des extensions sans endommager les cheveux.<\/p>\n<p>Id\u00e9ale pour \u00eatre utilis\u00e9e avec le Fer \u00e0 Retirer V-Light, ce liquide de retrait est un outil crucial pour quiconque souhaite changer fr\u00e9quemment de coiffure facilement et en toute s\u00e9curit\u00e9, en garantissant que les cheveux naturels restent sains et intacts tout au long du processus.<\/p>\n","protected":false},"excerpt":{"rendered":"<p>RETRAIT SANS TRACAS DES EXTENSIONS V-LIGHT<\/p>\n","protected":false},"featured_media":26406,"comment_status":"open","ping_status":"closed","template":"","meta":{"_glsr_average":0,"_glsr_ranking":0,"_glsr_reviews":0},"product_brand":[],"product_cat":[622],"product_tag":[],"class_list":{"0":"post-26416","1":"product","2":"type-product","3":"status-publish","4":"has-post-thumbnail","6":"product_cat-outils-pour-extensions-capillaires","7":"_wholesalex wsx-wholesalex-product","9":"first","10":"instock","11":"sale","12":"taxable","13":"shipping-taxable","14":"purchasable","15":"product-type-simple"},"jetpack_sharing_enabled":true,"_links":{"self":[{"href":"https:\/\/naturalook.shop\/fr\/wp-json\/wp\/v2\/product\/26416","targetHints":{"allow":["GET"]}}],"collection":[{"href":"https:\/\/naturalook.shop\/fr\/wp-json\/wp\/v2\/product"}],"about":[{"href":"https:\/\/naturalook.shop\/fr\/wp-json\/wp\/v2\/types\/product"}],"replies":[{"embeddable":true,"href":"https:\/\/naturalook.shop\/fr\/wp-json\/wp\/v2\/comments?post=26416"}],"version-history":[{"count":0,"href":"https:\/\/naturalook.shop\/fr\/wp-json\/wp\/v2\/product\/26416\/revisions"}],"wp:featuredmedia":[{"embeddable":true,"href":"https:\/\/naturalook.shop\/fr\/wp-json\/wp\/v2\/media\/26406"}],"wp:attachment":[{"href":"https:\/\/naturalook.shop\/fr\/wp-json\/wp\/v2\/media?parent=26416"}],"wp:term":[{"taxonomy":"product_brand","embeddable":true,"href":"https:\/\/naturalook.shop\/fr\/wp-json\/wp\/v2\/product_brand?post=26416"},{"taxonomy":"product_cat","embeddable":true,"href":"https:\/\/naturalook.shop\/fr\/wp-json\/wp\/v2\/product_cat?post=26416"},{"taxonomy":"product_tag","embeddable":true,"href":"https:\/\/naturalook.shop\/fr\/wp-json\/wp\/v2\/product_tag?post=26416"}],"curies":[{"name":"wp","href":"https:\/\/api.w.org\/{rel}","templated":true}]}}