{"id":26634,"date":"2024-06-26T10:15:27","date_gmt":"2024-06-26T14:15:27","guid":{"rendered":"https:\/\/naturalook.shop\/?post_type=product&#038;p=26634"},"modified":"2025-10-23T22:21:20","modified_gmt":"2025-10-24T02:21:20","slug":"kevin-murphy-session-spray-hairspray-100ml","status":"publish","type":"product","link":"https:\/\/naturalook.shop\/fr\/produit\/kevin-murphy-session-spray-hairspray-100ml\/","title":{"rendered":"Kevin Murphy &#8211; SESSION.SPRAY &#8211; Hairspray &#8211; 100ml"},"content":{"rendered":"<p>L&#8217;outil essentiel du styliste pour maintenir chaque coiffure parfaitement en place. SESSION.SPRAY offre une tenue ferme, l\u00e9g\u00e8re et durable, garantissant que tout look fini reste impeccable. Ce spray offre une tenue intense et une m\u00e9moire exceptionnelle, avec une excellente r\u00e9sistance \u00e0 l&#8217;humidit\u00e9. Il se brosse facilement sans laisser la moindre trace de flocons.<\/p>\n","protected":false},"excerpt":{"rendered":"<p>SPRAY DE FINITION TENUE FORTE<\/p>\n","protected":false},"featured_media":26637,"comment_status":"open","ping_status":"closed","template":"","meta":{"_glsr_average":0,"_glsr_ranking":0,"_glsr_reviews":0},"product_brand":[902],"product_cat":[615],"product_tag":[677],"class_list":{"0":"post-26634","1":"product","2":"type-product","3":"status-publish","4":"has-post-thumbnail","6":"product_brand-kevin-murphy","7":"product_cat-stylisant","8":"product_tag-kevin-murphy-fr","9":"_wholesalex wsx-wholesalex-product","11":"first","12":"outofstock","13":"taxable","14":"shipping-taxable","15":"purchasable","16":"product-type-simple"},"jetpack_sharing_enabled":true,"_links":{"self":[{"href":"https:\/\/naturalook.shop\/fr\/wp-json\/wp\/v2\/product\/26634","targetHints":{"allow":["GET"]}}],"collection":[{"href":"https:\/\/naturalook.shop\/fr\/wp-json\/wp\/v2\/product"}],"about":[{"href":"https:\/\/naturalook.shop\/fr\/wp-json\/wp\/v2\/types\/product"}],"replies":[{"embeddable":true,"href":"https:\/\/naturalook.shop\/fr\/wp-json\/wp\/v2\/comments?post=26634"}],"version-history":[{"count":1,"href":"https:\/\/naturalook.shop\/fr\/wp-json\/wp\/v2\/product\/26634\/revisions"}],"predecessor-version":[{"id":34194,"href":"https:\/\/naturalook.shop\/fr\/wp-json\/wp\/v2\/product\/26634\/revisions\/34194"}],"wp:featuredmedia":[{"embeddable":true,"href":"https:\/\/naturalook.shop\/fr\/wp-json\/wp\/v2\/media\/26637"}],"wp:attachment":[{"href":"https:\/\/naturalook.shop\/fr\/wp-json\/wp\/v2\/media?parent=26634"}],"wp:term":[{"taxonomy":"product_brand","embeddable":true,"href":"https:\/\/naturalook.shop\/fr\/wp-json\/wp\/v2\/product_brand?post=26634"},{"taxonomy":"product_cat","embeddable":true,"href":"https:\/\/naturalook.shop\/fr\/wp-json\/wp\/v2\/product_cat?post=26634"},{"taxonomy":"product_tag","embeddable":true,"href":"https:\/\/naturalook.shop\/fr\/wp-json\/wp\/v2\/product_tag?post=26634"}],"curies":[{"name":"wp","href":"https:\/\/api.w.org\/{rel}","templated":true}]}}