{"id":26643,"date":"2024-06-26T10:30:58","date_gmt":"2024-06-26T14:30:58","guid":{"rendered":"https:\/\/naturalook.shop\/?post_type=product&#038;p=26643"},"modified":"2025-10-23T22:21:20","modified_gmt":"2025-10-24T02:21:20","slug":"kevin-murphy-blow-dry-wash-shampoo-250ml","status":"publish","type":"product","link":"https:\/\/naturalook.shop\/fr\/produit\/kevin-murphy-blow-dry-wash-shampoo-250ml\/","title":{"rendered":"Kevin Murphy \u2013 BLOW.DRY WASH \u2013 Shampoo 250ml"},"content":{"rendered":"<p>Les prot\u00e9ines de pois hydrolys\u00e9es et notre complexe \u00e0 base d&#8217;\u00e9corce de bois travaillent ensemble pour renforcer et prot\u00e9ger les cheveux contre la casse, offrant une protection suppl\u00e9mentaire contre les dommages caus\u00e9s par la chaleur*. Ce shampooing sans sulfate hydrate tout en r\u00e9parant et nourrissant les cheveux. *Lorsqu&#8217;il est utilis\u00e9 dans le cadre du BLOW.DRY REGIMEN.<\/p>\n","protected":false},"excerpt":{"rendered":"<p>SHAMPOOING NOURRISSANT ET R\u00c9PARATEUR<\/p>\n","protected":false},"featured_media":26645,"comment_status":"open","ping_status":"closed","template":"","meta":{"_glsr_average":0,"_glsr_ranking":0,"_glsr_reviews":0},"product_brand":[902],"product_cat":[614],"product_tag":[677],"class_list":{"0":"post-26643","1":"product","2":"type-product","3":"status-publish","4":"has-post-thumbnail","6":"product_brand-kevin-murphy","7":"product_cat-shampooing","8":"product_tag-kevin-murphy-fr","9":"_wholesalex wsx-wholesalex-product","11":"first","12":"outofstock","13":"taxable","14":"shipping-taxable","15":"purchasable","16":"product-type-simple"},"jetpack_sharing_enabled":true,"_links":{"self":[{"href":"https:\/\/naturalook.shop\/fr\/wp-json\/wp\/v2\/product\/26643","targetHints":{"allow":["GET"]}}],"collection":[{"href":"https:\/\/naturalook.shop\/fr\/wp-json\/wp\/v2\/product"}],"about":[{"href":"https:\/\/naturalook.shop\/fr\/wp-json\/wp\/v2\/types\/product"}],"replies":[{"embeddable":true,"href":"https:\/\/naturalook.shop\/fr\/wp-json\/wp\/v2\/comments?post=26643"}],"version-history":[{"count":1,"href":"https:\/\/naturalook.shop\/fr\/wp-json\/wp\/v2\/product\/26643\/revisions"}],"predecessor-version":[{"id":34193,"href":"https:\/\/naturalook.shop\/fr\/wp-json\/wp\/v2\/product\/26643\/revisions\/34193"}],"wp:featuredmedia":[{"embeddable":true,"href":"https:\/\/naturalook.shop\/fr\/wp-json\/wp\/v2\/media\/26645"}],"wp:attachment":[{"href":"https:\/\/naturalook.shop\/fr\/wp-json\/wp\/v2\/media?parent=26643"}],"wp:term":[{"taxonomy":"product_brand","embeddable":true,"href":"https:\/\/naturalook.shop\/fr\/wp-json\/wp\/v2\/product_brand?post=26643"},{"taxonomy":"product_cat","embeddable":true,"href":"https:\/\/naturalook.shop\/fr\/wp-json\/wp\/v2\/product_cat?post=26643"},{"taxonomy":"product_tag","embeddable":true,"href":"https:\/\/naturalook.shop\/fr\/wp-json\/wp\/v2\/product_tag?post=26643"}],"curies":[{"name":"wp","href":"https:\/\/api.w.org\/{rel}","templated":true}]}}