{"id":26650,"date":"2024-06-26T10:37:30","date_gmt":"2024-06-26T14:37:30","guid":{"rendered":"https:\/\/naturalook.shop\/?post_type=product&#038;p=26650"},"modified":"2025-10-23T22:21:20","modified_gmt":"2025-10-24T02:21:20","slug":"kevin-murphy-blow-dry-rinse-conditioner-250ml","status":"publish","type":"product","link":"https:\/\/naturalook.shop\/fr\/produit\/kevin-murphy-blow-dry-rinse-conditioner-250ml\/","title":{"rendered":"Kevin Murphy \u2013 BLOW.DRY RINSE \u2013 CONDITIONER 250ml"},"content":{"rendered":"<p>Notre technologie anti-casse nourrit et prot\u00e8ge les cheveux tout en offrant une d\u00e9fense suppl\u00e9mentaire contre les dommages caus\u00e9s par la chaleur*. Ce revitalisant r\u00e9parateur et nourrissant forme une couche protectrice pour pr\u00e9venir la perte de couleur et les agressions environnementales. *Lorsqu&#8217;il est utilis\u00e9 dans le cadre du BLOW.DRY REGIMEN.<\/p>\n","protected":false},"excerpt":{"rendered":"<p>APR\u00c8S-SHAMPOING NOURRISSANT ET R\u00c9PARATEUR<\/p>\n","protected":false},"featured_media":26652,"comment_status":"open","ping_status":"closed","template":"","meta":{"_glsr_average":0,"_glsr_ranking":0,"_glsr_reviews":0},"product_brand":[902],"product_cat":[610],"product_tag":[677],"class_list":{"0":"post-26650","1":"product","2":"type-product","3":"status-publish","4":"has-post-thumbnail","6":"product_brand-kevin-murphy","7":"product_cat-revitalisant","8":"product_tag-kevin-murphy-fr","9":"_wholesalex wsx-wholesalex-product","11":"first","12":"instock","13":"taxable","14":"shipping-taxable","15":"purchasable","16":"product-type-simple"},"jetpack_sharing_enabled":true,"_links":{"self":[{"href":"https:\/\/naturalook.shop\/fr\/wp-json\/wp\/v2\/product\/26650","targetHints":{"allow":["GET"]}}],"collection":[{"href":"https:\/\/naturalook.shop\/fr\/wp-json\/wp\/v2\/product"}],"about":[{"href":"https:\/\/naturalook.shop\/fr\/wp-json\/wp\/v2\/types\/product"}],"replies":[{"embeddable":true,"href":"https:\/\/naturalook.shop\/fr\/wp-json\/wp\/v2\/comments?post=26650"}],"version-history":[{"count":1,"href":"https:\/\/naturalook.shop\/fr\/wp-json\/wp\/v2\/product\/26650\/revisions"}],"predecessor-version":[{"id":34192,"href":"https:\/\/naturalook.shop\/fr\/wp-json\/wp\/v2\/product\/26650\/revisions\/34192"}],"wp:featuredmedia":[{"embeddable":true,"href":"https:\/\/naturalook.shop\/fr\/wp-json\/wp\/v2\/media\/26652"}],"wp:attachment":[{"href":"https:\/\/naturalook.shop\/fr\/wp-json\/wp\/v2\/media?parent=26650"}],"wp:term":[{"taxonomy":"product_brand","embeddable":true,"href":"https:\/\/naturalook.shop\/fr\/wp-json\/wp\/v2\/product_brand?post=26650"},{"taxonomy":"product_cat","embeddable":true,"href":"https:\/\/naturalook.shop\/fr\/wp-json\/wp\/v2\/product_cat?post=26650"},{"taxonomy":"product_tag","embeddable":true,"href":"https:\/\/naturalook.shop\/fr\/wp-json\/wp\/v2\/product_tag?post=26650"}],"curies":[{"name":"wp","href":"https:\/\/api.w.org\/{rel}","templated":true}]}}