{"id":27055,"date":"2024-09-23T11:32:22","date_gmt":"2024-09-23T15:32:22","guid":{"rendered":"https:\/\/naturalook.shop\/?post_type=product&#038;p=27055"},"modified":"2025-10-23T22:23:47","modified_gmt":"2025-10-24T02:23:47","slug":"honma-coffee-premium-collagen-300-ml-etape-2","status":"publish","type":"product","link":"https:\/\/naturalook.shop\/fr\/produit\/honma-coffee-premium-collagen-300-ml-etape-2\/","title":{"rendered":"Honma &#8211; COFFEE PREMIUM COLLAGEN 300 ml &#8211; \u00c9tape 2"},"content":{"rendered":"<p><strong>Le Coffee Premium Collagen<\/strong> est un traitement lissant innovant d\u00e9velopp\u00e9 par Honma Tokyo, qui exploite les puissants bienfaits de l&#8217;extrait de grains de caf\u00e9 Arabica, du s\u00e9rum de collag\u00e8ne, des vitamines, des prot\u00e9ines de bl\u00e9, des acides amin\u00e9s et des huiles naturelles pour offrir des r\u00e9sultats exceptionnels en mati\u00e8re de soins capillaires.<\/p>\n<p><strong>La ligne Coffee Premium Collagen<\/strong> non seulement lisse les cheveux, mais favorise \u00e9galement la collag\u00e9nation, la r\u00e9g\u00e9n\u00e9ration et la nutrition des m\u00e8ches ab\u00eem\u00e9es, tout en garantissant hydratation, brillance et \u00e9lasticit\u00e9 am\u00e9lior\u00e9e. Gr\u00e2ce \u00e0 sa rapide absorption et ses effets visibles imm\u00e9diats, ce produit exclusif de Honma Tokyo propose une solution transformante pour le soin des cheveux.<\/p>\n<p><strong>Inclus:<\/strong><\/p>\n<ul>\n<li>\u00c9tape 2 (GEL DE R\u00c9G\u00c9N\u00c9RATION CAPILLAIRE) &#8211; 300 ml<\/li>\n<\/ul>\n<p><em><span style=\"color: #ff0000;\">Veuillez noter que l'emballage de ce produit peut varier en raison de changements r\u00e9cents, mais soyez assur\u00e9 que le produit \u00e0 l'int\u00e9rieur reste le m\u00eame.<\/span><\/em><\/p>\n\n\t\t<div data-elementor-type=\"wp-post\" data-elementor-id=\"21671\" class=\"elementor elementor-21671 elementor-21667\" data-elementor-settings=\"{&quot;ha_cmc_init_switcher&quot;:&quot;no&quot;}\">\n\t\t\t\t\t\t<section class=\"wd-negative-gap elementor-section elementor-top-section elementor-element elementor-element-299907a elementor-section-boxed elementor-section-height-default elementor-section-height-default\" data-id=\"299907a\" data-element_type=\"section\" data-settings=\"{&quot;_ha_eqh_enable&quot;:false}\">\n\t\t\t\t\t\t<div class=\"elementor-container elementor-column-gap-default\">\n\t\t\t\t\t<div class=\"elementor-column elementor-col-100 elementor-top-column elementor-element elementor-element-83f7bd2\" data-id=\"83f7bd2\" data-element_type=\"column\">\n\t\t\t<div class=\"elementor-widget-wrap elementor-element-populated\">\n\t\t\t\t\t\t<div class=\"elementor-element elementor-element-22c4fc7 elementor-widget elementor-widget-wd_image_or_svg\" data-id=\"22c4fc7\" data-element_type=\"widget\" data-widget_type=\"wd_image_or_svg.default\">\n\t\t\t\t<div class=\"elementor-widget-container\">\n\t\t\t\t\t\n\t\t<div class=\"wd-image text-left\">\n\t\t\t\t\t\t\t\t<img loading=\"lazy\" decoding=\"async\" width=\"1234\" height=\"537\" src=\"https:\/\/naturalook.shop\/wp-content\/uploads\/2023\/04\/keratin-nano-fr.png\" class=\"attachment-full size-full\" alt=\"\" srcset=\"https:\/\/naturalook.shop\/wp-content\/uploads\/2023\/04\/keratin-nano-fr.png 1234w, https:\/\/naturalook.shop\/wp-content\/uploads\/2023\/04\/keratin-nano-fr-430x187.png 430w, https:\/\/naturalook.shop\/wp-content\/uploads\/2023\/04\/keratin-nano-fr-150x65.png 150w, https:\/\/naturalook.shop\/wp-content\/uploads\/2023\/04\/keratin-nano-fr-900x392.png 900w, https:\/\/naturalook.shop\/wp-content\/uploads\/2023\/04\/keratin-nano-fr-400x174.png 400w, https:\/\/naturalook.shop\/wp-content\/uploads\/2023\/04\/keratin-nano-fr-768x334.png 768w, https:\/\/naturalook.shop\/wp-content\/uploads\/2023\/04\/keratin-nano-fr-860x374.png 860w\" sizes=\"auto, (max-width: 1234px) 100vw, 1234px\" \/>\t\t\t\t\t<\/div>\n\n\t\t\t\t\t\t<\/div>\n\t\t\t\t<\/div>\n\t\t\t\t\t<\/div>\n\t\t<\/div>\n\t\t\t\t\t<\/div>\n\t\t<\/section>\n\t\t\t\t<section class=\"wd-negative-gap elementor-section elementor-top-section elementor-element elementor-element-922392a elementor-section-boxed elementor-section-height-default elementor-section-height-default\" data-id=\"922392a\" data-element_type=\"section\" data-settings=\"{&quot;_ha_eqh_enable&quot;:false}\">\n\t\t\t\t\t\t<div class=\"elementor-container elementor-column-gap-default\">\n\t\t\t\t\t<div class=\"elementor-column elementor-col-100 elementor-top-column elementor-element elementor-element-57cd046\" data-id=\"57cd046\" data-element_type=\"column\">\n\t\t\t<div class=\"elementor-widget-wrap elementor-element-populated\">\n\t\t\t\t\t\t<div class=\"elementor-element elementor-element-4ea3078 elementor-widget elementor-widget-wd_image_or_svg\" data-id=\"4ea3078\" data-element_type=\"widget\" data-widget_type=\"wd_image_or_svg.default\">\n\t\t\t\t<div class=\"elementor-widget-container\">\n\t\t\t\t\t\n\t\t<div class=\"wd-image text-left\">\n\t\t\t\t\t\t\t\t<img loading=\"lazy\" decoding=\"async\" width=\"1974\" height=\"2560\" src=\"https:\/\/naturalook.shop\/wp-content\/uploads\/2025\/02\/FELPS-keratin-nano-FR-scaled.jpg\" class=\"attachment-full size-full\" alt=\"\" srcset=\"https:\/\/naturalook.shop\/wp-content\/uploads\/2025\/02\/FELPS-keratin-nano-FR-scaled.jpg 1974w, https:\/\/naturalook.shop\/wp-content\/uploads\/2025\/02\/FELPS-keratin-nano-FR-scaled-430x558.jpg 430w, https:\/\/naturalook.shop\/wp-content\/uploads\/2025\/02\/FELPS-keratin-nano-FR-scaled-150x195.jpg 150w, https:\/\/naturalook.shop\/wp-content\/uploads\/2025\/02\/FELPS-keratin-nano-FR-scaled-900x1167.jpg 900w, https:\/\/naturalook.shop\/wp-content\/uploads\/2025\/02\/FELPS-keratin-nano-FR-231x300.jpg 231w, https:\/\/naturalook.shop\/wp-content\/uploads\/2025\/02\/FELPS-keratin-nano-FR-617x800.jpg 617w, https:\/\/naturalook.shop\/wp-content\/uploads\/2025\/02\/FELPS-keratin-nano-FR-768x996.jpg 768w, https:\/\/naturalook.shop\/wp-content\/uploads\/2025\/02\/FELPS-keratin-nano-FR-1184x1536.jpg 1184w, https:\/\/naturalook.shop\/wp-content\/uploads\/2025\/02\/FELPS-keratin-nano-FR-1579x2048.jpg 1579w, https:\/\/naturalook.shop\/wp-content\/uploads\/2025\/02\/FELPS-keratin-nano-FR-1320x1712.jpg 1320w\" sizes=\"auto, (max-width: 1974px) 100vw, 1974px\" \/>\t\t\t\t\t<\/div>\n\n\t\t\t\t\t\t<\/div>\n\t\t\t\t<\/div>\n\t\t\t\t\t<\/div>\n\t\t<\/div>\n\t\t\t\t\t<\/div>\n\t\t<\/section>\n\t\t\t\t<\/div>\n\t\t\n","protected":false},"excerpt":{"rendered":"<p>OFFRE UN LISSAGE DES CHEVEUX, UNE INFUSION DE COLLAG\u00c8NE ET UNE NUTRITION DES M\u00c8CHES AB\u00ceM\u00c9ES<\/p>\n","protected":false},"featured_media":27057,"comment_status":"open","ping_status":"closed","template":"","meta":{"_glsr_average":0,"_glsr_ranking":0,"_glsr_reviews":0},"product_brand":[901],"product_cat":[81],"product_tag":[],"class_list":{"0":"post-27055","1":"product","2":"type-product","3":"status-publish","4":"has-post-thumbnail","6":"product_brand-honma-tokyo","7":"product_cat-traitement-a-la-keratine","8":"_wholesalex wsx-wholesalex-product","10":"first","11":"outofstock","12":"sale","13":"taxable","14":"shipping-taxable","15":"purchasable","16":"product-type-simple"},"jetpack_sharing_enabled":true,"_links":{"self":[{"href":"https:\/\/naturalook.shop\/fr\/wp-json\/wp\/v2\/product\/27055","targetHints":{"allow":["GET"]}}],"collection":[{"href":"https:\/\/naturalook.shop\/fr\/wp-json\/wp\/v2\/product"}],"about":[{"href":"https:\/\/naturalook.shop\/fr\/wp-json\/wp\/v2\/types\/product"}],"replies":[{"embeddable":true,"href":"https:\/\/naturalook.shop\/fr\/wp-json\/wp\/v2\/comments?post=27055"}],"version-history":[{"count":1,"href":"https:\/\/naturalook.shop\/fr\/wp-json\/wp\/v2\/product\/27055\/revisions"}],"predecessor-version":[{"id":34362,"href":"https:\/\/naturalook.shop\/fr\/wp-json\/wp\/v2\/product\/27055\/revisions\/34362"}],"wp:featuredmedia":[{"embeddable":true,"href":"https:\/\/naturalook.shop\/fr\/wp-json\/wp\/v2\/media\/27057"}],"wp:attachment":[{"href":"https:\/\/naturalook.shop\/fr\/wp-json\/wp\/v2\/media?parent=27055"}],"wp:term":[{"taxonomy":"product_brand","embeddable":true,"href":"https:\/\/naturalook.shop\/fr\/wp-json\/wp\/v2\/product_brand?post=27055"},{"taxonomy":"product_cat","embeddable":true,"href":"https:\/\/naturalook.shop\/fr\/wp-json\/wp\/v2\/product_cat?post=27055"},{"taxonomy":"product_tag","embeddable":true,"href":"https:\/\/naturalook.shop\/fr\/wp-json\/wp\/v2\/product_tag?post=27055"}],"curies":[{"name":"wp","href":"https:\/\/api.w.org\/{rel}","templated":true}]}}