{"id":30733,"date":"2025-03-04T16:12:31","date_gmt":"2025-03-04T21:12:31","guid":{"rendered":"https:\/\/naturalook.shop\/product\/ponytail-hair-extensions-20\/"},"modified":"2026-02-16T16:59:32","modified_gmt":"2026-02-16T21:59:32","slug":"extensions-queue-de-cheval-20","status":"publish","type":"product","link":"https:\/\/naturalook.shop\/fr\/produit\/extensions-queue-de-cheval-20\/","title":{"rendered":"EXTENSIONS DE QUEUE DE CHEVAL &#8211; 20&#8243;"},"content":{"rendered":"<h3>Boostez instantan\u00e9ment votre look avec les Extensions de Queue de Cheval Naturalook \u2013 100 % Cheveux Humains\u202f!<\/h3>\n<p data-start=\"93\" data-end=\"444\">Vous cherchez une solution rapide et sans dommages pour ajouter du volume et de la longueur \u00e0 votre queue de cheval ? Les <strong data-start=\"248\" data-end=\"292\">Extensions de Queue de Cheval Naturalook<\/strong> sont la solution id\u00e9ale ! Que vous ayez les cheveux courts ou longs, nos extensions de haute qualit\u00e9 offrent une <strong data-start=\"406\" data-end=\"436\">transformation instantan\u00e9e<\/strong> pour une queue de cheval <strong data-start=\"462\" data-end=\"514\">plus volumineuse et \u00e9l\u00e9gante en quelques minutes<\/strong>, gr\u00e2ce \u00e0 une application simple et rapide.<\/p>\n<p>\u2728 <strong data-start=\"563\" data-end=\"630\">Pourquoi choisir les Extensions de Queue de Cheval Naturalook ?<\/strong><\/p>\n<ul>\n<li data-start=\"446\" data-end=\"874\"><strong data-start=\"635\" data-end=\"681\">100% Cheveux Humains de Qualit\u00e9 Sup\u00e9rieure<\/strong> \u2013 Aucun fibre synth\u00e9tique, juste des cheveux naturels et non trait\u00e9s pour un rendu parfait.<\/li>\n<li data-start=\"446\" data-end=\"874\"><strong data-start=\"778\" data-end=\"824\">Compatibles avec la Chaleur et le Coiffage<\/strong> \u2013 Vous pouvez les boucler, lisser, couper ou s\u00e9cher comme vos propres cheveux.<\/li>\n<li data-start=\"446\" data-end=\"874\"><strong data-start=\"908\" data-end=\"942\">Design \u00e0 Clip &amp; Attache Facile<\/strong> \u2013 Application rapide et s\u00e9curis\u00e9e pour un rendu naturel et impeccable.<\/li>\n<li data-start=\"446\" data-end=\"874\"><strong data-start=\"1018\" data-end=\"1045\">Large Choix de Couleurs<\/strong> \u2013 Trouvez la teinte parfaite pour s\u2019harmoniser avec votre chevelure.<\/li>\n<\/ul>\n<p data-start=\"876\" data-end=\"1036\">Fini les mauvais jours capillaires ! <strong data-start=\"1155\" data-end=\"1197\">Sublimez instantan\u00e9ment votre coiffure<\/strong> avec les Extensions de Queue de Cheval Naturalook \u2013 la solution facile pour un r\u00e9sultat digne d\u2019un salon, directement chez vous.<\/p>\n<p data-start=\"1038\" data-end=\"1082\" data-is-last-node=\"\" data-is-only-node=\"\"><strong>Transformez votre look en un clin d&#8217;\u0153il !<\/strong><\/p>\n<p>&nbsp;<\/p>\n<p><span style=\"color: #ff0000;\"><em>**Les couleurs peuvent varier en raison des r\u00e9glages de l&#8217;\u00e9cran, et les nuances peuvent appara\u00eetre diff\u00e9remment \u00e0 l&#8217;\u00e9cran par rapport \u00e0 la r\u00e9alit\u00e9.<\/em><\/span><\/p>\n","protected":false},"excerpt":{"rendered":"<p>DITES BONJOUR \u00c0 UNE \u00c9L\u00c9GANCE INSTANTAN\u00c9E<\/p>\n","protected":false},"featured_media":16730,"comment_status":"open","ping_status":"closed","template":"","meta":{"_glsr_average":0,"_glsr_ranking":0,"_glsr_reviews":0},"product_brand":[905],"product_cat":[605,715],"product_tag":[],"class_list":{"0":"post-30733","1":"product","2":"type-product","3":"status-publish","4":"has-post-thumbnail","6":"product_brand-naturalook-extensions","7":"product_cat-extensions-capillaires","8":"product_cat-queue-de-cheval","9":"_wholesalex wsx-wholesalex-product","11":"first","12":"instock","13":"taxable","14":"shipping-taxable","15":"purchasable","16":"product-type-variable","17":"has-default-attributes"},"jetpack_sharing_enabled":true,"_links":{"self":[{"href":"https:\/\/naturalook.shop\/fr\/wp-json\/wp\/v2\/product\/30733","targetHints":{"allow":["GET"]}}],"collection":[{"href":"https:\/\/naturalook.shop\/fr\/wp-json\/wp\/v2\/product"}],"about":[{"href":"https:\/\/naturalook.shop\/fr\/wp-json\/wp\/v2\/types\/product"}],"replies":[{"embeddable":true,"href":"https:\/\/naturalook.shop\/fr\/wp-json\/wp\/v2\/comments?post=30733"}],"version-history":[{"count":1,"href":"https:\/\/naturalook.shop\/fr\/wp-json\/wp\/v2\/product\/30733\/revisions"}],"predecessor-version":[{"id":34353,"href":"https:\/\/naturalook.shop\/fr\/wp-json\/wp\/v2\/product\/30733\/revisions\/34353"}],"wp:featuredmedia":[{"embeddable":true,"href":"https:\/\/naturalook.shop\/fr\/wp-json\/wp\/v2\/media\/16730"}],"wp:attachment":[{"href":"https:\/\/naturalook.shop\/fr\/wp-json\/wp\/v2\/media?parent=30733"}],"wp:term":[{"taxonomy":"product_brand","embeddable":true,"href":"https:\/\/naturalook.shop\/fr\/wp-json\/wp\/v2\/product_brand?post=30733"},{"taxonomy":"product_cat","embeddable":true,"href":"https:\/\/naturalook.shop\/fr\/wp-json\/wp\/v2\/product_cat?post=30733"},{"taxonomy":"product_tag","embeddable":true,"href":"https:\/\/naturalook.shop\/fr\/wp-json\/wp\/v2\/product_tag?post=30733"}],"curies":[{"name":"wp","href":"https:\/\/api.w.org\/{rel}","templated":true}]}}