{"id":30919,"date":"2025-05-12T11:21:34","date_gmt":"2025-05-12T15:21:34","guid":{"rendered":"https:\/\/naturalook.shop\/product\/amika-shampooing-reparateur-the-kure-275-ml\/"},"modified":"2025-10-23T22:21:43","modified_gmt":"2025-10-24T02:21:43","slug":"amika-shampooing-reparateur-the-kure-275-ml","status":"publish","type":"product","link":"https:\/\/naturalook.shop\/fr\/produit\/amika-shampooing-reparateur-the-kure-275-ml\/","title":{"rendered":"AMIKA &#8211; Shampooing R\u00e9parateur The Kure &#8211; 275 ml"},"content":{"rendered":"<h2>Shampooing R\u00e9parateur The Kure par amika<\/h2>\n<p><strong>Nettoyez en douceur. R\u00e9parez en profondeur. Fortifiez vos cheveux \u00e0 chaque lavage.<\/strong><\/p>\n<p><strong>Le shampooing r\u00e9parateur The Kure<\/strong> est un shampooing luxueux qui renforce les liens capillaires, cliniquement prouv\u00e9 pour renforcer les m\u00e8ches ab\u00eem\u00e9es et r\u00e9duire la casse d\u00e8s la premi\u00e8re utilisation.* Cette formule douce et moussante convient \u00e0 tous les types de cheveux (1A \u00e0 4C), en particulier aux cheveux tr\u00e8s poreux ou trait\u00e9s chimiquement qui ont besoin d\u2019\u00eatre restaur\u00e9s.<\/p>\n<h3>Pourquoi vous allez l\u2019adorer<\/h3>\n<ul>\n<li><strong>Cheveux 2x plus forts :<\/strong> R\u00e9sultats cliniques d\u00e8s la premi\u00e8re utilisation*<\/li>\n<li><strong>55 % de casse en moins :<\/strong> Des cheveux visiblement renforc\u00e9s*<\/li>\n<li><strong>Technologie de renforcement des liens :<\/strong> Cible les zones les plus fragiles de la fibre capillaire<\/li>\n<li><strong>Beurres v\u00e9g\u00e9taux + prot\u00e9ines v\u00e9ganes :<\/strong> Riche en nutriments pour nourrir en profondeur<\/li>\n<li><strong>Baie d\u2019argousier :<\/strong> Superfruit riche en om\u00e9gas pour plus de brillance et de douceur<\/li>\n<li><strong>Formule sans danger pour les cheveux color\u00e9s :<\/strong> Test\u00e9e cliniquement**<\/li>\n<li><strong>Convient \u00e0 tous les types de cheveux :<\/strong> Id\u00e9al pour les cheveux secs, ab\u00eem\u00e9s ou sensibilis\u00e9s<\/li>\n<\/ul>\n<h3>Mode d\u2019emploi<\/h3>\n<ol>\n<li>Appliquer une noisette sur cheveux mouill\u00e9s, en insistant sur les racines.<\/li>\n<li>Masser et rincer abondamment. R\u00e9p\u00e9ter pour activer tous les bienfaits r\u00e9parateurs.<\/li>\n<li>Poursuivre avec <strong>l\u2019Apr\u00e8s-shampooing The Kure<\/strong> pour des r\u00e9sultats optimaux.<\/li>\n<\/ol>\n<p>\u00c0 utiliser r\u00e9guli\u00e8rement dans votre routine de soins r\u00e9parateurs.<\/p>\n<h3>Ingr\u00e9dients Cl\u00e9s<\/h3>\n<ul>\n<li><strong>Technologie de renforcement des liens :<\/strong> Renforce la structure interne du cheveu<\/li>\n<li><strong>Beurres v\u00e9g\u00e9taux &amp; prot\u00e9ines v\u00e9ganes :<\/strong> Apportent des bienfaits similaires \u00e0 la k\u00e9ratine<\/li>\n<li><strong>Argousier :<\/strong> Nourrit les cheveux et le cuir chevelu, am\u00e9liore la brillance et la souplesse<\/li>\n<\/ul>\n<h3>Liste compl\u00e8te des ingr\u00e9dients<\/h3>\n<p>Water (Aqua\/Eau), Sodium C14-16 Olefin Sulfonate, Cocamidopropyl Betaine, Glycerin, Huile d\u2019argousier, Huile de bourrache, Huile d\u2019avocat, Beurre de mangue, Beurre de karit\u00e9, Extraits de lavande, romarin, quinoa hydrolys\u00e9, et plus. <em>(Veuillez consulter l\u2019emballage du produit pour la liste compl\u00e8te et \u00e0 jour.)<\/em><\/p>\n<h3>Informations de s\u00e9curit\u00e9<\/h3>\n<p>\u00c9viter le contact avec les yeux. Usage externe uniquement.<\/p>\n<p><em>*R\u00e9sultats cliniques obtenus lorsqu\u2019utilis\u00e9 avec l\u2019apr\u00e8s-shampooing The Kure. **Test\u00e9 cliniquement sur cheveux color\u00e9s.<\/em><\/p>\n","protected":false},"excerpt":{"rendered":"<p>Renforcez. R\u00e9parez. Reconstruisez.<\/p>\n","protected":false},"featured_media":30872,"comment_status":"open","ping_status":"closed","template":"","meta":{"_glsr_average":0,"_glsr_ranking":0,"_glsr_reviews":0},"product_brand":[899],"product_cat":[83,614],"product_tag":[],"class_list":{"0":"post-30919","1":"product","2":"type-product","3":"status-publish","4":"has-post-thumbnail","6":"product_brand-amika","7":"product_cat-soins-a-domicile","8":"product_cat-shampooing","9":"_wholesalex wsx-wholesalex-product","11":"first","12":"instock","13":"taxable","14":"shipping-taxable","15":"purchasable","16":"product-type-simple"},"jetpack_sharing_enabled":true,"_links":{"self":[{"href":"https:\/\/naturalook.shop\/fr\/wp-json\/wp\/v2\/product\/30919","targetHints":{"allow":["GET"]}}],"collection":[{"href":"https:\/\/naturalook.shop\/fr\/wp-json\/wp\/v2\/product"}],"about":[{"href":"https:\/\/naturalook.shop\/fr\/wp-json\/wp\/v2\/types\/product"}],"replies":[{"embeddable":true,"href":"https:\/\/naturalook.shop\/fr\/wp-json\/wp\/v2\/comments?post=30919"}],"version-history":[{"count":1,"href":"https:\/\/naturalook.shop\/fr\/wp-json\/wp\/v2\/product\/30919\/revisions"}],"predecessor-version":[{"id":34311,"href":"https:\/\/naturalook.shop\/fr\/wp-json\/wp\/v2\/product\/30919\/revisions\/34311"}],"wp:featuredmedia":[{"embeddable":true,"href":"https:\/\/naturalook.shop\/fr\/wp-json\/wp\/v2\/media\/30872"}],"wp:attachment":[{"href":"https:\/\/naturalook.shop\/fr\/wp-json\/wp\/v2\/media?parent=30919"}],"wp:term":[{"taxonomy":"product_brand","embeddable":true,"href":"https:\/\/naturalook.shop\/fr\/wp-json\/wp\/v2\/product_brand?post=30919"},{"taxonomy":"product_cat","embeddable":true,"href":"https:\/\/naturalook.shop\/fr\/wp-json\/wp\/v2\/product_cat?post=30919"},{"taxonomy":"product_tag","embeddable":true,"href":"https:\/\/naturalook.shop\/fr\/wp-json\/wp\/v2\/product_tag?post=30919"}],"curies":[{"name":"wp","href":"https:\/\/api.w.org\/{rel}","templated":true}]}}