{"id":30925,"date":"2025-05-12T12:16:50","date_gmt":"2025-05-12T16:16:50","guid":{"rendered":"https:\/\/naturalook.shop\/?post_type=product&#038;p=30925"},"modified":"2025-10-23T22:21:43","modified_gmt":"2025-10-24T02:21:43","slug":"amika-masque-reparateur-intense-the-kure-250-ml","status":"publish","type":"product","link":"https:\/\/naturalook.shop\/fr\/produit\/amika-masque-reparateur-intense-the-kure-250-ml\/","title":{"rendered":"AMIKA &#8211; Masque R\u00e9parateur Intense The Kure &#8211; 250 ml"},"content":{"rendered":"<h2>Masque R\u00e9parateur Intense The Kure par amika<\/h2>\n<p><strong>R\u00e9paration profonde. Hydratation intense. Des cheveux plus forts et plus sains en quelques minutes.<\/strong><\/p>\n<p><strong>Le Masque R\u00e9parateur Intense The Kure<\/strong> est un soin ultra-riche hebdomadaire, cliniquement prouv\u00e9 pour transformer les cheveux secs et ab\u00eem\u00e9s. Il offre une hydratation intense tout en ciblant les zones fragilis\u00e9es de la fibre capillaire \u2014 pour des cheveux 3,2x plus forts, 69 % de casse en moins et 8x plus hydrat\u00e9s apr\u00e8s une seule utilisation.*<\/p>\n<p>Id\u00e9al pour tous les types de cheveux en manque de force et d\u2019hydratation, notamment les cheveux secs, cassants ou trait\u00e9s chimiquement.<\/p>\n<h3>Pourquoi vous allez l\u2019aimer<\/h3>\n<ul>\n<li><strong>Cheveux 3,2x plus forts*<\/strong><\/li>\n<li><strong>69 % de casse en moins*<\/strong><\/li>\n<li><strong>Cheveux 8x plus hydrat\u00e9s*<\/strong><\/li>\n<li><strong>Hydratation ultra-riche :<\/strong> nourrit et adoucit m\u00eame les m\u00e8ches les plus dess\u00e9ch\u00e9es<\/li>\n<li><strong>Renforce les cheveux ab\u00eem\u00e9s :<\/strong> redonne vitalit\u00e9 et souplesse<\/li>\n<li><strong>Un vrai moment de soin :<\/strong> le rituel hebdomadaire qu\u2019attendent vos cheveux<\/li>\n<li><strong>S\u00fbr pour les cheveux color\u00e9s :<\/strong> test\u00e9 cliniquement**<\/li>\n<\/ul>\n<h3>Mode d\u2019emploi<\/h3>\n<ol>\n<li>Apr\u00e8s avoir lav\u00e9 les cheveux avec le <strong>Shampooing R\u00e9parateur The Kure<\/strong>, appliquez le masque sur cheveux mouill\u00e9s.<\/li>\n<li>R\u00e9partissez uniform\u00e9ment et laissez poser 10 minutes.<\/li>\n<li>Rincez abondamment. Utilisez une fois par semaine ou au besoin.<\/li>\n<\/ol>\n<h3>Ingr\u00e9dients cl\u00e9s<\/h3>\n<ul>\n<li><strong>Technologie de renforcement des liaisons :<\/strong> renforce les zones affaiblies de la fibre capillaire<\/li>\n<li><strong>Huile de bourrache :<\/strong> riche en acides gras om\u00e9ga-6 nourrissants<\/li>\n<li><strong>Beurre de karit\u00e9 :<\/strong> hydrate en profondeur, riche en vitamines et min\u00e9raux<\/li>\n<li><strong>Beurre de mangue :<\/strong> riche en om\u00e9gas et vitamines A, C et E<\/li>\n<li><strong>Argousier :<\/strong> superfruit riche en om\u00e9gas qui am\u00e9liore la brillance, la douceur et la r\u00e9sistance<\/li>\n<\/ul>\n<h3>Liste compl\u00e8te des ingr\u00e9dients<\/h3>\n<p>Water (Aqua\/Eau), Cetearyl Alcohol, Behentrimonium Chloride, Beurre de Karit\u00e9, Extrait d\u2019Argousier, Beurre de Mangue, Huile de Bourrache, Parfum (Fragrance), Glyc\u00e9rine, et plus. <em>(Veuillez consulter l\u2019emballage pour la liste la plus \u00e0 jour.)<\/em><\/p>\n<h3>Informations de s\u00e9curit\u00e9<\/h3>\n<p>\u00c9viter le contact avec les yeux. Usage externe uniquement.<\/p>\n<p><em>*R\u00e9sultats cliniquement prouv\u00e9s apr\u00e8s une seule utilisation. **Test\u00e9 cliniquement sur cheveux color\u00e9s.<\/em><\/p>\n","protected":false},"excerpt":{"rendered":"<p>R\u00e9paration profonde. Hydratation intense. Des cheveux plus forts et plus sains.<\/p>\n","protected":false},"featured_media":30868,"comment_status":"open","ping_status":"closed","template":"","meta":{"_glsr_average":0,"_glsr_ranking":0,"_glsr_reviews":0},"product_brand":[899],"product_cat":[83,613],"product_tag":[],"class_list":{"0":"post-30925","1":"product","2":"type-product","3":"status-publish","4":"has-post-thumbnail","6":"product_brand-amika","7":"product_cat-soins-a-domicile","8":"product_cat-masque","9":"_wholesalex wsx-wholesalex-product","11":"first","12":"instock","13":"taxable","14":"shipping-taxable","15":"purchasable","16":"product-type-simple"},"jetpack_sharing_enabled":true,"_links":{"self":[{"href":"https:\/\/naturalook.shop\/fr\/wp-json\/wp\/v2\/product\/30925","targetHints":{"allow":["GET"]}}],"collection":[{"href":"https:\/\/naturalook.shop\/fr\/wp-json\/wp\/v2\/product"}],"about":[{"href":"https:\/\/naturalook.shop\/fr\/wp-json\/wp\/v2\/types\/product"}],"replies":[{"embeddable":true,"href":"https:\/\/naturalook.shop\/fr\/wp-json\/wp\/v2\/comments?post=30925"}],"version-history":[{"count":1,"href":"https:\/\/naturalook.shop\/fr\/wp-json\/wp\/v2\/product\/30925\/revisions"}],"predecessor-version":[{"id":34307,"href":"https:\/\/naturalook.shop\/fr\/wp-json\/wp\/v2\/product\/30925\/revisions\/34307"}],"wp:featuredmedia":[{"embeddable":true,"href":"https:\/\/naturalook.shop\/fr\/wp-json\/wp\/v2\/media\/30868"}],"wp:attachment":[{"href":"https:\/\/naturalook.shop\/fr\/wp-json\/wp\/v2\/media?parent=30925"}],"wp:term":[{"taxonomy":"product_brand","embeddable":true,"href":"https:\/\/naturalook.shop\/fr\/wp-json\/wp\/v2\/product_brand?post=30925"},{"taxonomy":"product_cat","embeddable":true,"href":"https:\/\/naturalook.shop\/fr\/wp-json\/wp\/v2\/product_cat?post=30925"},{"taxonomy":"product_tag","embeddable":true,"href":"https:\/\/naturalook.shop\/fr\/wp-json\/wp\/v2\/product_tag?post=30925"}],"curies":[{"name":"wp","href":"https:\/\/api.w.org\/{rel}","templated":true}]}}