{"id":30938,"date":"2025-05-12T13:20:44","date_gmt":"2025-05-12T17:20:44","guid":{"rendered":"https:\/\/naturalook.shop\/?post_type=product&#038;p=30938"},"modified":"2025-10-23T22:21:42","modified_gmt":"2025-10-24T02:21:42","slug":"amika-the-closer-creme-scellante-instantanee-pour-pointes-fourchues-50-ml","status":"publish","type":"product","link":"https:\/\/naturalook.shop\/fr\/produit\/amika-the-closer-creme-scellante-instantanee-pour-pointes-fourchues-50-ml\/","title":{"rendered":"AMIKA &#8211; The Closer \u2013 Cr\u00e8me Scellante Instantan\u00e9e pour Pointes Fourchues &#8211; 50 ml"},"content":{"rendered":"<h2>The Closer \u2013 Cr\u00e8me Scellante Instantan\u00e9e pour Pointes Fourchues par amika<\/h2>\n<p><strong>Un effet coupe fra\u00eeche \u2014 sans les ciseaux.<\/strong><\/p>\n<p><strong>The Closer<\/strong> est un soin capillaire l\u00e9ger 2-en-1, \u00e0 la fois traitement sans rin\u00e7age et cr\u00e8me coiffante, qui scelle instantan\u00e9ment les pointes fourchues, dompte les frisottis et adoucit les cheveux. Parfait pour recr\u00e9er l\u2019effet d\u2019une coupe fra\u00eeche entre deux rendez-vous au salon.<\/p>\n<p>Cliniquement prouv\u00e9 : il scelle <strong>96 % des pointes fourchues d\u00e8s la premi\u00e8re utilisation*<\/strong>. Ce soin multit\u00e2che renforce \u00e9galement la fibre capillaire et prot\u00e8ge contre les agressions quotidiennes, la chaleur et les traitements chimiques \u2014 un indispensable pour une chevelure en pleine sant\u00e9.<\/p>\n<h3>Pourquoi vous allez l\u2019adorer<\/h3>\n<ul>\n<li><strong>Scelle 96 % des pointes fourchues apr\u00e8s une seule utilisation*<\/strong><\/li>\n<li><strong>Formule 2-en-1 :<\/strong> soin sans rin\u00e7age + cr\u00e8me coiffante<\/li>\n<li><strong>Adoucit, lisse et r\u00e9duit les frisottis<\/strong><\/li>\n<li><strong>Renforce les cheveux :<\/strong> limite la casse et les dommages futurs<\/li>\n<li><strong>Id\u00e9al entre deux coupes :<\/strong> effet \u201cretour du salon\u201d instantan\u00e9<\/li>\n<li><strong>S\u00fbr pour les cheveux color\u00e9s :<\/strong> test\u00e9 cliniquement**<\/li>\n<\/ul>\n<h3>Mode d\u2019emploi<\/h3>\n<p><strong>Effet faux rafra\u00eechissement :<\/strong> appliquez une noisette sur cheveux humides ou secs, des mi-longueurs jusqu\u2019aux pointes. Ajustez la quantit\u00e9 selon l\u2019\u00e9paisseur et la longueur des cheveux.<\/p>\n<p><strong>Astuce pro 1 :<\/strong> appliquez un protecteur thermique apr\u00e8s The Closer et avant l\u2019utilisation d\u2019outils chauffants.<\/p>\n<p><strong>Astuce pro 2 :<\/strong> pour raviver les coiffures du 2\u1d49 jour, utilisez un shampooing sec aux racines et appliquez The Closer sur les pointes pour restaurer l\u2019hydratation et la brillance.<\/p>\n<p><strong>Astuce pro 3 :<\/strong> enroulez-le dans les pointes, la frange ou les m\u00e8ches pour les d\u00e9finir.<\/p>\n<h3>Ingr\u00e9dients cl\u00e9s<\/h3>\n<ul>\n<li><strong>Technologie de renforcement des liaisons :<\/strong> cible les zones fragiles de la fibre capillaire<\/li>\n<li><strong>Prot\u00e9ines v\u00e9ganes :<\/strong> issues du quinoa et du riz pour des bienfaits similaires \u00e0 la k\u00e9ratine<\/li>\n<li><strong>Argousier :<\/strong> superfruit riche en om\u00e9gas pour renforcer, hydrater et faire briller<\/li>\n<li><strong>Beurres de karit\u00e9 + mangue :<\/strong> nourrissent et lissent les pointes s\u00e8ches<\/li>\n<li><strong>Extraits de th\u00e9 vert + lavande :<\/strong> riches en antioxydants pour des cheveux en pleine sant\u00e9<\/li>\n<\/ul>\n<h3>Liste compl\u00e8te des ingr\u00e9dients<\/h3>\n<p>Eau (Aqua), Jus d\u2019Aloe Vera, Dim\u00e9thicone, Huile d\u2019Argousier, Beurre de Karit\u00e9, Beurre de Mangue, Prot\u00e9ines de Quinoa, Prot\u00e9ines de Riz, Prot\u00e9ines de Baobab, Extrait de Th\u00e9 Vert, Extrait de Lavande, et plus. <em>(Veuillez consulter l\u2019\u00e9tiquette pour la liste la plus \u00e0 jour.)<\/em><\/p>\n<h3>Informations de s\u00e9curit\u00e9<\/h3>\n<p>\u00c9viter tout contact avec les yeux. Usage externe uniquement.<\/p>\n<p><em>*Test\u00e9 cliniquement apr\u00e8s une utilisation. **Test\u00e9 cliniquement sur cheveux color\u00e9s.<\/em><\/p>\n","protected":false},"excerpt":{"rendered":"<p>Un effet coupe fra\u00eeche \u2014 sans les ciseaux.<\/p>\n","protected":false},"featured_media":30864,"comment_status":"open","ping_status":"closed","template":"","meta":{"_glsr_average":0,"_glsr_ranking":0,"_glsr_reviews":0},"product_brand":[899],"product_cat":[83,612],"product_tag":[],"class_list":{"0":"post-30938","1":"product","2":"type-product","3":"status-publish","4":"has-post-thumbnail","6":"product_brand-amika","7":"product_cat-soins-a-domicile","8":"product_cat-leave-in-fr","9":"_wholesalex wsx-wholesalex-product","11":"first","12":"instock","13":"taxable","14":"shipping-taxable","15":"purchasable","16":"product-type-simple"},"jetpack_sharing_enabled":true,"_links":{"self":[{"href":"https:\/\/naturalook.shop\/fr\/wp-json\/wp\/v2\/product\/30938","targetHints":{"allow":["GET"]}}],"collection":[{"href":"https:\/\/naturalook.shop\/fr\/wp-json\/wp\/v2\/product"}],"about":[{"href":"https:\/\/naturalook.shop\/fr\/wp-json\/wp\/v2\/types\/product"}],"replies":[{"embeddable":true,"href":"https:\/\/naturalook.shop\/fr\/wp-json\/wp\/v2\/comments?post=30938"}],"version-history":[{"count":1,"href":"https:\/\/naturalook.shop\/fr\/wp-json\/wp\/v2\/product\/30938\/revisions"}],"predecessor-version":[{"id":34303,"href":"https:\/\/naturalook.shop\/fr\/wp-json\/wp\/v2\/product\/30938\/revisions\/34303"}],"wp:featuredmedia":[{"embeddable":true,"href":"https:\/\/naturalook.shop\/fr\/wp-json\/wp\/v2\/media\/30864"}],"wp:attachment":[{"href":"https:\/\/naturalook.shop\/fr\/wp-json\/wp\/v2\/media?parent=30938"}],"wp:term":[{"taxonomy":"product_brand","embeddable":true,"href":"https:\/\/naturalook.shop\/fr\/wp-json\/wp\/v2\/product_brand?post=30938"},{"taxonomy":"product_cat","embeddable":true,"href":"https:\/\/naturalook.shop\/fr\/wp-json\/wp\/v2\/product_cat?post=30938"},{"taxonomy":"product_tag","embeddable":true,"href":"https:\/\/naturalook.shop\/fr\/wp-json\/wp\/v2\/product_tag?post=30938"}],"curies":[{"name":"wp","href":"https:\/\/api.w.org\/{rel}","templated":true}]}}