{"id":30970,"date":"2025-05-12T14:12:03","date_gmt":"2025-05-12T18:12:03","guid":{"rendered":"https:\/\/naturalook.shop\/?post_type=product&#038;p=30970"},"modified":"2025-10-23T22:21:42","modified_gmt":"2025-10-24T02:21:42","slug":"amika-hydro-rush-apres-shampooing-hydratation-intense-pour-cheveux-secs-275-ml","status":"publish","type":"product","link":"https:\/\/naturalook.shop\/fr\/produit\/amika-hydro-rush-apres-shampooing-hydratation-intense-pour-cheveux-secs-275-ml\/","title":{"rendered":"AMIKA &#8211; Hydro Rush \u2013 Apr\u00e8s-Shampooing Hydratation Intense pour Cheveux Secs &#8211; 275 ml"},"content":{"rendered":"<h2>Hydro Rush \u2013 Apr\u00e8s-Shampooing Hydratation Intense pour Cheveux Secs par amika<\/h2>\n<p><strong>Offrez \u00e0 vos cheveux 3x plus d\u2019hydratation et 72 heures de douceur* avec cet apr\u00e8s-shampooing sans silicone ultra-nourrissant.<\/strong><\/p>\n<p><strong>L\u2019Apr\u00e8s-Shampooing Hydro Rush Hydratation Intense<\/strong> est un soin riche, profond\u00e9ment hydratant, formul\u00e9 avec de l\u2019acide hyaluronique et du squalane pour d\u00e9salt\u00e9rer les cheveux secs, textur\u00e9s ou \u00e9pais (types 2A \u00e0 4C). Cliniquement prouv\u00e9 pour apporter <strong>3x plus d\u2019hydratation et 50 % de casse en moins*<\/strong>, sa formule sans silicone restaure la douceur, la r\u00e9sistance et l\u2019hydratation longue dur\u00e9e des m\u00e8ches assoiff\u00e9es.<\/p>\n<h3>Pourquoi vous allez l\u2019adorer<\/h3>\n<ul>\n<li><strong>3x plus d\u2019hydratation*<\/strong> pour des cheveux visiblement plus doux et plus sains<\/li>\n<li><strong>72 heures d\u2019hydratation*<\/strong> pour une nutrition longue dur\u00e9e<\/li>\n<li><strong>50 % de casse en moins*<\/strong> avec une utilisation r\u00e9guli\u00e8re<\/li>\n<li><strong>Formul\u00e9 avec des ingr\u00e9dients naturels puissants :<\/strong> squalane, acide hyaluronique, acide polyglutamique, eau de coco, algues bleues et argousier<\/li>\n<li><strong>Sans silicone et s\u00fbr pour les cheveux color\u00e9s<\/strong><\/li>\n<\/ul>\n<h3>Mode d\u2019emploi<\/h3>\n<ol>\n<li>Apr\u00e8s le shampooing, appliquez des mi-longueurs jusqu\u2019aux pointes.<\/li>\n<li>Laissez poser 2 \u00e0 3 minutes, puis rincez abondamment.<\/li>\n<li>\u00c0 int\u00e9grer \u00e0 votre routine de lavage pour des r\u00e9sultats optimaux.<\/li>\n<\/ol>\n<h3>Ingr\u00e9dients cl\u00e9s<\/h3>\n<ul>\n<li><strong>Squalane :<\/strong> restaure la barri\u00e8re lipidique et pr\u00e9vient la d\u00e9shydratation<\/li>\n<li><strong>Acide hyaluronique :<\/strong> attire et retient l\u2019humidit\u00e9 dans les cheveux<\/li>\n<li><strong>Acide polyglutamique :<\/strong> booste la r\u00e9tention d\u2019hydratation et la brillance<\/li>\n<li><strong>Eau de coco ferment\u00e9e :<\/strong> hydrate naturellement gr\u00e2ce \u00e0 ses \u00e9lectrolytes et hormones v\u00e9g\u00e9tales<\/li>\n<li><strong>Algues bleu-vertes :<\/strong> riches en acides gras, acides amin\u00e9s et vitamines essentielles<\/li>\n<li><strong>Argousier :<\/strong> superfruit riche en om\u00e9ga-7, vitamines C et A pour des cheveux et un cuir chevelu en pleine sant\u00e9<\/li>\n<\/ul>\n<h3>Liste compl\u00e8te des ingr\u00e9dients<\/h3>\n<p>Eau (Aqua), Alcool c\u00e9t\u00e9arylique, Squalane, Huile d\u2019argousier, Huile d\u2019avocat, Huile de noix de coco, Extrait d\u2019algues bleu-vertes, Acide hyaluronique, Acide polyglutamique, Beurre de karit\u00e9, et plus. <em>(Veuillez consulter l\u2019\u00e9tiquette du produit pour la liste d\u2019ingr\u00e9dients \u00e0 jour.)<\/em><\/p>\n<h3>Informations de s\u00e9curit\u00e9<\/h3>\n<p>\u00c9viter le contact avec les yeux. Usage externe uniquement.<\/p>\n<p><em>*R\u00e9sultats cliniques obtenus avec l\u2019utilisation conjointe du shampooing et de l\u2019apr\u00e8s-shampooing Hydro Rush.<\/em><\/p>\n","protected":false},"excerpt":{"rendered":"<p>Offrez \u00e0 vos cheveux 3x plus d\u2019hydratation et 72 heures de douceur.<\/p>\n","protected":false},"featured_media":30972,"comment_status":"open","ping_status":"closed","template":"","meta":{"_glsr_average":0,"_glsr_ranking":0,"_glsr_reviews":0},"product_brand":[899],"product_cat":[83,610],"product_tag":[],"class_list":{"0":"post-30970","1":"product","2":"type-product","3":"status-publish","4":"has-post-thumbnail","6":"product_brand-amika","7":"product_cat-soins-a-domicile","8":"product_cat-revitalisant","9":"_wholesalex wsx-wholesalex-product","11":"first","12":"instock","13":"taxable","14":"shipping-taxable","15":"purchasable","16":"product-type-simple"},"jetpack_sharing_enabled":true,"_links":{"self":[{"href":"https:\/\/naturalook.shop\/fr\/wp-json\/wp\/v2\/product\/30970","targetHints":{"allow":["GET"]}}],"collection":[{"href":"https:\/\/naturalook.shop\/fr\/wp-json\/wp\/v2\/product"}],"about":[{"href":"https:\/\/naturalook.shop\/fr\/wp-json\/wp\/v2\/types\/product"}],"replies":[{"embeddable":true,"href":"https:\/\/naturalook.shop\/fr\/wp-json\/wp\/v2\/comments?post=30970"}],"version-history":[{"count":1,"href":"https:\/\/naturalook.shop\/fr\/wp-json\/wp\/v2\/product\/30970\/revisions"}],"predecessor-version":[{"id":34299,"href":"https:\/\/naturalook.shop\/fr\/wp-json\/wp\/v2\/product\/30970\/revisions\/34299"}],"wp:featuredmedia":[{"embeddable":true,"href":"https:\/\/naturalook.shop\/fr\/wp-json\/wp\/v2\/media\/30972"}],"wp:attachment":[{"href":"https:\/\/naturalook.shop\/fr\/wp-json\/wp\/v2\/media?parent=30970"}],"wp:term":[{"taxonomy":"product_brand","embeddable":true,"href":"https:\/\/naturalook.shop\/fr\/wp-json\/wp\/v2\/product_brand?post=30970"},{"taxonomy":"product_cat","embeddable":true,"href":"https:\/\/naturalook.shop\/fr\/wp-json\/wp\/v2\/product_cat?post=30970"},{"taxonomy":"product_tag","embeddable":true,"href":"https:\/\/naturalook.shop\/fr\/wp-json\/wp\/v2\/product_tag?post=30970"}],"curies":[{"name":"wp","href":"https:\/\/api.w.org\/{rel}","templated":true}]}}