{"id":30999,"date":"2025-05-13T10:47:36","date_gmt":"2025-05-13T14:47:36","guid":{"rendered":"https:\/\/naturalook.shop\/?post_type=product&#038;p=30999"},"modified":"2025-10-23T22:21:41","modified_gmt":"2025-10-24T02:21:41","slug":"amika-dream-routine-masque-capillaire-hydratant-de-nuit-100-ml","status":"publish","type":"product","link":"https:\/\/naturalook.shop\/fr\/produit\/amika-dream-routine-masque-capillaire-hydratant-de-nuit-100-ml\/","title":{"rendered":"AMIKA &#8211; Dream Routine \u2013 Masque Capillaire Hydratant de Nuit &#8211; 100 ml"},"content":{"rendered":"<h2>Dream Routine \u2013 Masque Capillaire Hydratant de Nuit par amika<\/h2>\n<p><strong>R\u00e9veillez-vous avec des cheveux 3x plus hydrat\u00e9s* gr\u00e2ce \u00e0 ce traitement de nuit sans rin\u00e7age, s\u00fbr pour l\u2019oreiller.<\/strong><\/p>\n<p><strong>Le Masque Capillaire Hydratant de Nuit Dream Routine<\/strong> est un soin capillaire ultra-hydratant, sans silicone, con\u00e7u pour agir pendant votre sommeil. Cliniquement prouv\u00e9 pour augmenter l\u2019hydratation pendant 72 heures et rendre les cheveux 3x plus hydrat\u00e9s d\u00e8s le matin*, c\u2019est la solution id\u00e9ale pour les cheveux secs et d\u00e9shydrat\u00e9s.<\/p>\n<p>Infus\u00e9 d\u2019acide hyaluronique, d\u2019eau de coco, d\u2019algues bleu-vertes et d\u2019argousier, ce masque de nuit nourrit intens\u00e9ment les cheveux \u2014 sans tacher votre taie d\u2019oreiller.<\/p>\n<h3>Pourquoi vous allez l\u2019adorer<\/h3>\n<ul>\n<li><strong>Cheveux 3x plus hydrat\u00e9s*<\/strong> d\u00e8s le r\u00e9veil<\/li>\n<li><strong>Hydratation pendant 72 heures*<\/strong> pour une douceur longue dur\u00e9e<\/li>\n<li><strong>Des effets qui durent jusqu\u2019\u00e0 4 lavages*<\/strong><\/li>\n<li><strong>Sans tache, sans tracas :<\/strong> \u00e0 utiliser en toute tranquillit\u00e9 pendant la nuit<\/li>\n<li><strong>Sans silicone, sans rin\u00e7age :<\/strong> reste dans les cheveux jusqu\u2019au prochain lavage<\/li>\n<li><strong>Infus\u00e9 d\u2019ingr\u00e9dients hydratants puissants :<\/strong> acide hyaluronique, acide polyglutamique, eau de coco, algues, argousier<\/li>\n<\/ul>\n<h3>Mode d\u2019emploi<\/h3>\n<ol>\n<li>Avant le coucher, pompez 1 \u00e0 4 fois dans vos mains selon la longueur et l\u2019\u00e9paisseur des cheveux.<\/li>\n<li>Appliquez sur cheveux secs ou humides, des mi-longueurs jusqu\u2019aux pointes.<\/li>\n<li>D\u00e9m\u00ealez avec un peigne. Ne pas rincer.<\/li>\n<li><strong>Astuce pro :<\/strong> utilisez-le aussi en journ\u00e9e d\u00e8s que vos cheveux ont besoin d\u2019un boost d\u2019hydratation.<\/li>\n<\/ol>\n<h3>Ingr\u00e9dients cl\u00e9s<\/h3>\n<ul>\n<li><strong>Acide hyaluronique :<\/strong> attire l\u2019humidit\u00e9 pour hydrater et repulper les m\u00e8ches<\/li>\n<li><strong>Acide polyglutamique :<\/strong> renforce la r\u00e9tention d\u2019hydratation<\/li>\n<li><strong>Eau de coco :<\/strong> hydrate naturellement gr\u00e2ce \u00e0 ses \u00e9lectrolytes et nutriments v\u00e9g\u00e9taux<\/li>\n<li><strong>Algues bleu-vertes :<\/strong> riches en acides amin\u00e9s, acides gras et vitamine A<\/li>\n<li><strong>Argousier :<\/strong> superfruit riche en om\u00e9ga-7, vitamine C et A \u2014 source durable du Tibet<\/li>\n<\/ul>\n<h3>Liste compl\u00e8te des ingr\u00e9dients<\/h3>\n<p>Eau (Aqua), M\u00e9thosulfate de Behentrimonium, Alcool C\u00e9tylique, Alkane C13-15, Huile d\u2019argousier, Acide hyaluronique, Acide polyglutamique, Extrait d\u2019algues bleu-vertes, Eau de coco, et plus. <em>(Veuillez consulter l\u2019emballage pour la liste \u00e0 jour.)<\/em><\/p>\n<h3>Informations de s\u00e9curit\u00e9<\/h3>\n<p>\u00c9viter le contact avec les yeux. Usage externe uniquement.<\/p>\n<p><em>*R\u00e9sultats cliniques prouv\u00e9s lorsque le produit est utilis\u00e9 conform\u00e9ment aux instructions.<\/em><\/p>\n","protected":false},"excerpt":{"rendered":"<p>R\u00e9veillez-vous avec des cheveux 3x plus hydrat\u00e9s.<\/p>\n","protected":false},"featured_media":31021,"comment_status":"open","ping_status":"closed","template":"","meta":{"_glsr_average":0,"_glsr_ranking":0,"_glsr_reviews":0},"product_brand":[899],"product_cat":[83,612,616],"product_tag":[],"class_list":{"0":"post-30999","1":"product","2":"type-product","3":"status-publish","4":"has-post-thumbnail","6":"product_brand-amika","7":"product_cat-soins-a-domicile","8":"product_cat-leave-in-fr","9":"product_cat-traitement","10":"_wholesalex wsx-wholesalex-product","12":"first","13":"instock","14":"taxable","15":"shipping-taxable","16":"purchasable","17":"product-type-simple"},"jetpack_sharing_enabled":true,"_links":{"self":[{"href":"https:\/\/naturalook.shop\/fr\/wp-json\/wp\/v2\/product\/30999","targetHints":{"allow":["GET"]}}],"collection":[{"href":"https:\/\/naturalook.shop\/fr\/wp-json\/wp\/v2\/product"}],"about":[{"href":"https:\/\/naturalook.shop\/fr\/wp-json\/wp\/v2\/types\/product"}],"replies":[{"embeddable":true,"href":"https:\/\/naturalook.shop\/fr\/wp-json\/wp\/v2\/comments?post=30999"}],"version-history":[{"count":1,"href":"https:\/\/naturalook.shop\/fr\/wp-json\/wp\/v2\/product\/30999\/revisions"}],"predecessor-version":[{"id":34295,"href":"https:\/\/naturalook.shop\/fr\/wp-json\/wp\/v2\/product\/30999\/revisions\/34295"}],"wp:featuredmedia":[{"embeddable":true,"href":"https:\/\/naturalook.shop\/fr\/wp-json\/wp\/v2\/media\/31021"}],"wp:attachment":[{"href":"https:\/\/naturalook.shop\/fr\/wp-json\/wp\/v2\/media?parent=30999"}],"wp:term":[{"taxonomy":"product_brand","embeddable":true,"href":"https:\/\/naturalook.shop\/fr\/wp-json\/wp\/v2\/product_brand?post=30999"},{"taxonomy":"product_cat","embeddable":true,"href":"https:\/\/naturalook.shop\/fr\/wp-json\/wp\/v2\/product_cat?post=30999"},{"taxonomy":"product_tag","embeddable":true,"href":"https:\/\/naturalook.shop\/fr\/wp-json\/wp\/v2\/product_tag?post=30999"}],"curies":[{"name":"wp","href":"https:\/\/api.w.org\/{rel}","templated":true}]}}