{"id":31058,"date":"2025-05-13T11:16:03","date_gmt":"2025-05-13T15:16:03","guid":{"rendered":"https:\/\/naturalook.shop\/?post_type=product&#038;p=31058"},"modified":"2025-10-23T22:21:41","modified_gmt":"2025-10-24T02:21:41","slug":"amika-serum-protecteur-thermique-50-ml","status":"publish","type":"product","link":"https:\/\/naturalook.shop\/fr\/produit\/amika-serum-protecteur-thermique-50-ml\/","title":{"rendered":"AMIKA &#8211; S\u00e9rum Protecteur Thermique &#8211; 50 ml"},"content":{"rendered":"<h2>Blockade \u2013 S\u00e9rum Protecteur Thermique par amika<\/h2>\n<p><strong>Prot\u00e9gez vos cheveux de la chaleur jusqu\u2019\u00e0 232\u202f\u00b0C \u2014 tout en leur apportant brillance, douceur et hydratation.<\/strong><\/p>\n<p><strong>Le s\u00e9rum protecteur thermique Blockade<\/strong> est un soin l\u00e9ger et brillant qui prot\u00e8ge la fibre capillaire des dommages caus\u00e9s par les outils chauffants et le s\u00e9chage au s\u00e8che-cheveux. Convient \u00e0 tous les types de cheveux, il agit jusqu\u2019\u00e0 450\u00b0F (232\u202f\u00b0C) tout en pr\u00e9venant la perte d\u2019hydratation, en r\u00e9duisant les frisottis et en boostant la brillance.<\/p>\n<h3>Pourquoi vous allez l\u2019adorer<\/h3>\n<ul>\n<li><strong>Prot\u00e8ge contre la chaleur jusqu\u2019\u00e0 232\u202f\u00b0C (450\u00b0F)<\/strong><\/li>\n<li><strong>Fini brillant et l\u00e9ger<\/strong> pour des cheveux sains et lumineux<\/li>\n<li><strong>Pr\u00e9vient la perte d\u2019hydratation<\/strong> pendant le coiffage \u00e0 chaud<\/li>\n<li><strong>R\u00e9duit les frisottis<\/strong> et apporte de la brillance<\/li>\n<li><strong>Enrichi en argousier :<\/strong> superfruit riche en om\u00e9ga-7 pour l\u2019\u00e9lasticit\u00e9 et l\u2019hydratation<\/li>\n<li><strong>Convient \u00e0 tous les types de cheveux :<\/strong> id\u00e9al pour les cheveux secs, \u00e9pais ou sujets aux frisottis<\/li>\n<\/ul>\n<h3>Mode d\u2019emploi<\/h3>\n<p><strong>Deux fa\u00e7ons de l\u2019utiliser :<\/strong><\/p>\n<ol>\n<li><strong>Avant le coiffage thermique :<\/strong> appliquez 1 \u00e0 3 pompes sur cheveux humides ou secs.<\/li>\n<li><strong>Pour finaliser et sceller l\u2019hydratation :<\/strong> appliquez 1 \u00e0 2 pompes sur cheveux secs, en insistant sur les pointes.<\/li>\n<\/ol>\n<p><strong>Astuce pro :<\/strong> id\u00e9al en pr\u00e9paration d\u2019un brushing ou avant l\u2019utilisation d\u2019un fer \u00e0 lisser\/boucler pour prot\u00e9ger la fibre et fixer l\u2019hydratation.<\/p>\n<h3>Ingr\u00e9dient cl\u00e9<\/h3>\n<ul>\n<li><strong>Argousier :<\/strong> superfruit puissant riche en om\u00e9ga-7, vitamines et antioxydants pour hydrater, renforcer l\u2019\u00e9lasticit\u00e9 et am\u00e9liorer la sant\u00e9 du cuir chevelu.<\/li>\n<\/ul>\n<h3>Liste compl\u00e8te des ingr\u00e9dients<\/h3>\n<p>Cyclopentasiloxane, Dimethicone, Huile d\u2019argousier, Parfum (Fragrance), Benzoate de benzyle, Hydroxycitronellal, Limon\u00e8ne, Citronellol, Coumarine. <em>(Veuillez consulter l\u2019\u00e9tiquette du produit pour la liste la plus \u00e0 jour.)<\/em><\/p>\n<h3>Informations de s\u00e9curit\u00e9<\/h3>\n<p>\u00c9viter le contact avec les yeux. Usage externe uniquement.<\/p>\n","protected":false},"excerpt":{"rendered":"<p>Prot\u00e9gez vos cheveux de la chaleur.<\/p>\n","protected":false},"featured_media":31072,"comment_status":"open","ping_status":"closed","template":"","meta":{"_glsr_average":0,"_glsr_ranking":0,"_glsr_reviews":0},"product_brand":[899],"product_cat":[83,615],"product_tag":[],"class_list":{"0":"post-31058","1":"product","2":"type-product","3":"status-publish","4":"has-post-thumbnail","6":"product_brand-amika","7":"product_cat-soins-a-domicile","8":"product_cat-stylisant","9":"_wholesalex wsx-wholesalex-product","11":"first","12":"instock","13":"taxable","14":"shipping-taxable","15":"purchasable","16":"product-type-simple"},"jetpack_sharing_enabled":true,"_links":{"self":[{"href":"https:\/\/naturalook.shop\/fr\/wp-json\/wp\/v2\/product\/31058","targetHints":{"allow":["GET"]}}],"collection":[{"href":"https:\/\/naturalook.shop\/fr\/wp-json\/wp\/v2\/product"}],"about":[{"href":"https:\/\/naturalook.shop\/fr\/wp-json\/wp\/v2\/types\/product"}],"replies":[{"embeddable":true,"href":"https:\/\/naturalook.shop\/fr\/wp-json\/wp\/v2\/comments?post=31058"}],"version-history":[{"count":1,"href":"https:\/\/naturalook.shop\/fr\/wp-json\/wp\/v2\/product\/31058\/revisions"}],"predecessor-version":[{"id":34291,"href":"https:\/\/naturalook.shop\/fr\/wp-json\/wp\/v2\/product\/31058\/revisions\/34291"}],"wp:featuredmedia":[{"embeddable":true,"href":"https:\/\/naturalook.shop\/fr\/wp-json\/wp\/v2\/media\/31072"}],"wp:attachment":[{"href":"https:\/\/naturalook.shop\/fr\/wp-json\/wp\/v2\/media?parent=31058"}],"wp:term":[{"taxonomy":"product_brand","embeddable":true,"href":"https:\/\/naturalook.shop\/fr\/wp-json\/wp\/v2\/product_brand?post=31058"},{"taxonomy":"product_cat","embeddable":true,"href":"https:\/\/naturalook.shop\/fr\/wp-json\/wp\/v2\/product_cat?post=31058"},{"taxonomy":"product_tag","embeddable":true,"href":"https:\/\/naturalook.shop\/fr\/wp-json\/wp\/v2\/product_tag?post=31058"}],"curies":[{"name":"wp","href":"https:\/\/api.w.org\/{rel}","templated":true}]}}