{"id":31080,"date":"2025-05-13T11:29:00","date_gmt":"2025-05-13T15:29:00","guid":{"rendered":"https:\/\/naturalook.shop\/?post_type=product&#038;p=31080"},"modified":"2025-10-23T22:21:41","modified_gmt":"2025-10-24T02:21:41","slug":"amika-superfruit-star-huile-coiffante-legere-50-ml","status":"publish","type":"product","link":"https:\/\/naturalook.shop\/fr\/produit\/amika-superfruit-star-huile-coiffante-legere-50-ml\/","title":{"rendered":"AMIKA &#8211; Superfruit Star \u2013 Huile Coiffante L\u00e9g\u00e8re &#8211; 50 ml"},"content":{"rendered":"<h2>Superfruit Star \u2013 Huile Coiffante L\u00e9g\u00e8re par amika<\/h2>\n<p><strong>Des cheveux 7x plus forts, 2x plus lisses et 86 % de casse en moins* \u2014 votre nouveau h\u00e9ros capillaire est arriv\u00e9.<\/strong><\/p>\n<p><strong>Superfruit Star<\/strong> est une huile coiffante multit\u00e2che infus\u00e9e de superfruits, cliniquement prouv\u00e9e pour renforcer les cheveux, les lisser et r\u00e9duire les cassures d\u00e8s la premi\u00e8re utilisation. R\u00e9sultats : <strong>cheveux 7x plus forts<\/strong>, <strong>2x plus lisses<\/strong>, et <strong>86 % de casse en moins*<\/strong>. L\u00e9g\u00e8re et nourrissante, elle apporte brillance, ma\u00eetrise les frisottis et prot\u00e8ge de la chaleur jusqu\u2019\u00e0 232\u202f\u00b0C (450\u202f\u00b0F).<\/p>\n<h3>Pourquoi vous allez l\u2019adorer<\/h3>\n<ul>\n<li><strong>Cheveux 7x plus forts*<\/strong> pour r\u00e9sister aux agressions<\/li>\n<li><strong>Cheveux 2x plus lisses*<\/strong> m\u00eame en conditions humides<\/li>\n<li><strong>86 % de casse en moins*<\/strong> pour des cheveux en meilleure sant\u00e9<\/li>\n<li><strong>Protection thermique jusqu\u2019\u00e0 232\u202f\u00b0C*<\/strong><\/li>\n<li><strong>Infus\u00e9e d\u2019argousier :<\/strong> superfruit riche en om\u00e9ga-7 qui nourrit les cheveux et le cuir chevelu<\/li>\n<li><strong>Texture ultra-l\u00e9g\u00e8re :<\/strong> id\u00e9ale pour les cheveux fins \u00e0 \u00e9pais (types 1 \u00e0 3C)<\/li>\n<\/ul>\n<h3>Mode d\u2019emploi<\/h3>\n<ol>\n<li><strong>Avant le coiffage thermique :<\/strong> appliquez 1 \u00e0 2 pompes sur cheveux humides ou secs pour prot\u00e9ger et renforcer.<\/li>\n<li><strong>En finition :<\/strong> appliquez 1 \u00e0 2 pompes sur cheveux secs, en insistant sur les pointes, pour lisser et faire briller.<\/li>\n<\/ol>\n<h3>Astuce pro<\/h3>\n<ul>\n<li>Utilisez avant une coupe pour faciliter le coiffage et prot\u00e9ger les cheveux.<\/li>\n<li>Pour les cheveux boucl\u00e9s\/textur\u00e9s : pressez l\u2019huile sur les m\u00e8ches apr\u00e8s avoir d\u00e9fini les boucles pour casser la rigidit\u00e9 et ajouter de la brillance.<\/li>\n<\/ul>\n<h3>Ingr\u00e9dients cl\u00e9s<\/h3>\n<ul>\n<li><strong>Argousier :<\/strong> superfruit riche en om\u00e9ga-7, vitamines A et C \u2014 restaure les lipides, renforce la brillance et facilite le coiffage.<\/li>\n<li><strong>Silicones :<\/strong> ajoutent brillance, glisse, protection thermique et r\u00e9duisent la casse.<\/li>\n<\/ul>\n<h3>Liste compl\u00e8te des ingr\u00e9dients<\/h3>\n<p>Isodod\u00e9cane, Trisiloxane, Dimethicone, Huile d\u2019argousier, Parfum (Fragrance), Benzoate de benzyle, Hydroxycitronellal, Limon\u00e8ne, Citronellol, Coumarine. <em>(Veuillez consulter l\u2019\u00e9tiquette pour la liste la plus \u00e0 jour.)<\/em><\/p>\n<h3>Informations de s\u00e9curit\u00e9<\/h3>\n<p>\u00c9viter tout contact avec les yeux. Usage externe uniquement.<\/p>\n<p><em>*R\u00e9sultats cliniques prouv\u00e9s apr\u00e8s une seule utilisation.<\/em><\/p>\n","protected":false},"excerpt":{"rendered":"<p>Votre nouveau h\u00e9ros capillaire est arriv\u00e9.<\/p>\n","protected":false},"featured_media":31082,"comment_status":"open","ping_status":"closed","template":"","meta":{"_glsr_average":0,"_glsr_ranking":0,"_glsr_reviews":0},"product_brand":[899],"product_cat":[83,721,615],"product_tag":[],"class_list":{"0":"post-31080","1":"product","2":"type-product","3":"status-publish","4":"has-post-thumbnail","6":"product_brand-amika","7":"product_cat-soins-a-domicile","8":"product_cat-huile","9":"product_cat-stylisant","10":"_wholesalex wsx-wholesalex-product","12":"first","13":"instock","14":"taxable","15":"shipping-taxable","16":"purchasable","17":"product-type-simple"},"jetpack_sharing_enabled":true,"_links":{"self":[{"href":"https:\/\/naturalook.shop\/fr\/wp-json\/wp\/v2\/product\/31080","targetHints":{"allow":["GET"]}}],"collection":[{"href":"https:\/\/naturalook.shop\/fr\/wp-json\/wp\/v2\/product"}],"about":[{"href":"https:\/\/naturalook.shop\/fr\/wp-json\/wp\/v2\/types\/product"}],"replies":[{"embeddable":true,"href":"https:\/\/naturalook.shop\/fr\/wp-json\/wp\/v2\/comments?post=31080"}],"version-history":[{"count":1,"href":"https:\/\/naturalook.shop\/fr\/wp-json\/wp\/v2\/product\/31080\/revisions"}],"predecessor-version":[{"id":34289,"href":"https:\/\/naturalook.shop\/fr\/wp-json\/wp\/v2\/product\/31080\/revisions\/34289"}],"wp:featuredmedia":[{"embeddable":true,"href":"https:\/\/naturalook.shop\/fr\/wp-json\/wp\/v2\/media\/31082"}],"wp:attachment":[{"href":"https:\/\/naturalook.shop\/fr\/wp-json\/wp\/v2\/media?parent=31080"}],"wp:term":[{"taxonomy":"product_brand","embeddable":true,"href":"https:\/\/naturalook.shop\/fr\/wp-json\/wp\/v2\/product_brand?post=31080"},{"taxonomy":"product_cat","embeddable":true,"href":"https:\/\/naturalook.shop\/fr\/wp-json\/wp\/v2\/product_cat?post=31080"},{"taxonomy":"product_tag","embeddable":true,"href":"https:\/\/naturalook.shop\/fr\/wp-json\/wp\/v2\/product_tag?post=31080"}],"curies":[{"name":"wp","href":"https:\/\/api.w.org\/{rel}","templated":true}]}}