{"id":31114,"date":"2025-05-13T11:46:38","date_gmt":"2025-05-13T15:46:38","guid":{"rendered":"https:\/\/naturalook.shop\/?post_type=product&#038;p=31114"},"modified":"2025-10-23T22:21:40","modified_gmt":"2025-10-24T02:21:40","slug":"amika-normcore-shampooing-signature-275-ml","status":"publish","type":"product","link":"https:\/\/naturalook.shop\/fr\/produit\/amika-normcore-shampooing-signature-275-ml\/","title":{"rendered":"AMIKA &#8211; Normcore \u2013 Shampooing Signature &#8211; 275 ml"},"content":{"rendered":"<h2>Normcore \u2013 Shampooing Signature par amika<\/h2>\n<p><strong>Sans sulfate, riche en vitamines, infus\u00e9 de superfruits \u2014 le secret d\u2019une chevelure douce et nourrie.<\/strong><\/p>\n<p><strong>Le Shampooing Signature Normcore<\/strong> est un nettoyant doux sans sulfate qui nettoie sans d\u00e9caper, tout en nourrissant et en adoucissant les cheveux. Gr\u00e2ce \u00e0 sa formule enrichie en argousier et en acide de coco, il laisse les cheveux <strong>7x plus conditionn\u00e9s*<\/strong> et visiblement plus sains, plus doux et plus hydrat\u00e9s apr\u00e8s chaque lavage.<\/p>\n<h3>Pourquoi vous allez l\u2019adorer<\/h3>\n<ul>\n<li><strong>Cheveux 7x plus conditionn\u00e9s*<\/strong> lorsqu\u2019utilis\u00e9 avec l\u2019apr\u00e8s-shampooing Normcore<\/li>\n<li><strong>94 % des utilisateurs s\u2019accordent :<\/strong> nettoie sans dess\u00e9cher les cheveux**<\/li>\n<li><strong>Mousse riche et cr\u00e9meuse :<\/strong> gr\u00e2ce \u00e0 l\u2019acide de coco pour un lavage luxueux<\/li>\n<li><strong>Infus\u00e9 d\u2019argousier :<\/strong> superfruit riche en om\u00e9ga-7, vitamines C et A, et antioxydants pour des cheveux et un cuir chevelu en bonne sant\u00e9<\/li>\n<li><strong>Sans sulfate et s\u00fbr pour les cheveux color\u00e9s<\/strong><\/li>\n<\/ul>\n<h3>Mode d\u2019emploi<\/h3>\n<ol>\n<li>Massez une noisette de shampooing sur cheveux mouill\u00e9s, en insistant sur les racines.<\/li>\n<li>Faites un double lavage : le premier pour \u00e9liminer les impuret\u00e9s, le second pour b\u00e9n\u00e9ficier pleinement des actifs nourrissants.<\/li>\n<li>Rincez abondamment. Pour des r\u00e9sultats optimaux, poursuivez avec l\u2019apr\u00e8s-shampooing Normcore ou le masque nourrissant Soulfood (vendus s\u00e9par\u00e9ment).<\/li>\n<\/ol>\n<h3>Ingr\u00e9dients cl\u00e9s<\/h3>\n<ul>\n<li><strong>Acide de coco :<\/strong> nettoie en douceur, cr\u00e9e une belle mousse et adoucit les cheveux<\/li>\n<li><strong>Argousier :<\/strong> superfruit riche en om\u00e9ga-7, vitamines et antioxydants pour nourrir et prot\u00e9ger<\/li>\n<\/ul>\n<h3>Liste compl\u00e8te des ingr\u00e9dients<\/h3>\n<p>Eau (Aqua), Sodium Cocoyl Isethionate, Cocamidopropylamine Oxide, Cocamidopropyl Hydroxysultaine, Glycol Distearate, Acide de coco, Huile d\u2019argousier, Glyc\u00e9rine, Sodium Isethionate, PEG-150 Distearate, et plus. <em>(Veuillez consulter l\u2019emballage pour la liste \u00e0 jour.)<\/em><\/p>\n<h3>Informations de s\u00e9curit\u00e9<\/h3>\n<p>\u00c9viter tout contact avec les yeux. Usage externe uniquement.<\/p>\n<p><em>*Cliniquement prouv\u00e9 lorsqu\u2019utilis\u00e9 avec l\u2019apr\u00e8s-shampooing en syst\u00e8me. **Test r\u00e9alis\u00e9 \u00e0 domicile aupr\u00e8s de 51 participants.<\/em><\/p>\n","protected":false},"excerpt":{"rendered":"<p>Le secret d\u2019une chevelure douce et nourrie.<\/p>\n","protected":false},"featured_media":31124,"comment_status":"open","ping_status":"closed","template":"","meta":{"_glsr_average":0,"_glsr_ranking":0,"_glsr_reviews":0},"product_brand":[899],"product_cat":[83,614],"product_tag":[],"class_list":{"0":"post-31114","1":"product","2":"type-product","3":"status-publish","4":"has-post-thumbnail","6":"product_brand-amika","7":"product_cat-soins-a-domicile","8":"product_cat-shampooing","9":"_wholesalex wsx-wholesalex-product","11":"first","12":"instock","13":"taxable","14":"shipping-taxable","15":"purchasable","16":"product-type-simple"},"jetpack_sharing_enabled":true,"_links":{"self":[{"href":"https:\/\/naturalook.shop\/fr\/wp-json\/wp\/v2\/product\/31114","targetHints":{"allow":["GET"]}}],"collection":[{"href":"https:\/\/naturalook.shop\/fr\/wp-json\/wp\/v2\/product"}],"about":[{"href":"https:\/\/naturalook.shop\/fr\/wp-json\/wp\/v2\/types\/product"}],"replies":[{"embeddable":true,"href":"https:\/\/naturalook.shop\/fr\/wp-json\/wp\/v2\/comments?post=31114"}],"version-history":[{"count":1,"href":"https:\/\/naturalook.shop\/fr\/wp-json\/wp\/v2\/product\/31114\/revisions"}],"predecessor-version":[{"id":34287,"href":"https:\/\/naturalook.shop\/fr\/wp-json\/wp\/v2\/product\/31114\/revisions\/34287"}],"wp:featuredmedia":[{"embeddable":true,"href":"https:\/\/naturalook.shop\/fr\/wp-json\/wp\/v2\/media\/31124"}],"wp:attachment":[{"href":"https:\/\/naturalook.shop\/fr\/wp-json\/wp\/v2\/media?parent=31114"}],"wp:term":[{"taxonomy":"product_brand","embeddable":true,"href":"https:\/\/naturalook.shop\/fr\/wp-json\/wp\/v2\/product_brand?post=31114"},{"taxonomy":"product_cat","embeddable":true,"href":"https:\/\/naturalook.shop\/fr\/wp-json\/wp\/v2\/product_cat?post=31114"},{"taxonomy":"product_tag","embeddable":true,"href":"https:\/\/naturalook.shop\/fr\/wp-json\/wp\/v2\/product_tag?post=31114"}],"curies":[{"name":"wp","href":"https:\/\/api.w.org\/{rel}","templated":true}]}}