{"id":31137,"date":"2025-05-13T11:55:54","date_gmt":"2025-05-13T15:55:54","guid":{"rendered":"https:\/\/naturalook.shop\/?post_type=product&#038;p=31137"},"modified":"2025-10-23T22:21:40","modified_gmt":"2025-10-24T02:21:40","slug":"amika-normcore-apres-shampooing-signature-275-ml","status":"publish","type":"product","link":"https:\/\/naturalook.shop\/fr\/produit\/amika-normcore-apres-shampooing-signature-275-ml\/","title":{"rendered":"AMIKA &#8211; Normcore \u2013 Apr\u00e8s-Shampooing Signature &#8211; 275 ml"},"content":{"rendered":"<h2>Normcore \u2013 Apr\u00e8s-Shampooing Signature par amika<\/h2>\n<p><strong>Hydratation l\u00e9g\u00e8re, nutrition profonde \u2014 des cheveux doux et revitalis\u00e9s vous attendent.<\/strong><\/p>\n<p><strong>L\u2019apr\u00e8s-shampooing Signature Normcore<\/strong> est une formule riche en vitamines et antioxydants con\u00e7ue pour offrir une douceur durable et une hydratation sans alourdir. Infus\u00e9 d\u2019argousier riche en nutriments et de beurre de karit\u00e9 nourrissant, cet apr\u00e8s-shampooing rend les cheveux <strong>7x plus conditionn\u00e9s*<\/strong>, plus souples et visiblement plus sains apr\u00e8s chaque utilisation.<\/p>\n<h3>Pourquoi vous allez l\u2019adorer<\/h3>\n<ul>\n<li><strong>Cheveux 7x plus conditionn\u00e9s*<\/strong> lorsqu\u2019utilis\u00e9 avec le shampooing Signature Normcore<\/li>\n<li><strong>Nutrition intense :<\/strong> enrichi en beurre de karit\u00e9, vitamines, min\u00e9raux et cinq acides gras<\/li>\n<li><strong>Hydratation l\u00e9g\u00e8re :<\/strong> hydrate intens\u00e9ment sans alourdir les cheveux<\/li>\n<li><strong>Argousier :<\/strong> superfruit riche en om\u00e9ga-7, vitamines C et A, et antioxydants pour la sant\u00e9 du cuir chevelu et des cheveux<\/li>\n<li><strong>Adoucit et assouplit :<\/strong> id\u00e9al pour les cheveux fins \u00e0 moyens (types 1 \u00e0 2C)<\/li>\n<\/ul>\n<h3>Mode d\u2019emploi<\/h3>\n<ol>\n<li>Essorez l\u2019exc\u00e8s d\u2019eau apr\u00e8s le shampooing.<\/li>\n<li>Appliquez sur les mi-longueurs et les pointes.<\/li>\n<li>D\u00e9m\u00ealez avec un peigne \u00e0 dents larges pour r\u00e9partir uniform\u00e9ment.<\/li>\n<li>Laissez poser 2 \u00e0 3 minutes, puis rincez abondamment.<\/li>\n<li>Terminez avec un rin\u00e7age \u00e0 l\u2019eau froide pour sceller l\u2019hydratation et refermer les cuticules.<\/li>\n<\/ol>\n<h3>Ingr\u00e9dients cl\u00e9s<\/h3>\n<ul>\n<li><strong>Beurre de karit\u00e9 :<\/strong> riche en vitamines, min\u00e9raux et acides gras pour nourrir et adoucir les cheveux<\/li>\n<li><strong>Argousier :<\/strong> superfruit riche en om\u00e9ga-7 pour renforcer, hydrater et am\u00e9liorer l\u2019\u00e9lasticit\u00e9<\/li>\n<\/ul>\n<h3>Liste compl\u00e8te des ingr\u00e9dients<\/h3>\n<p>Eau (Aqua), Alcool c\u00e9t\u00e9arylique, Chlorure de Behentrimonium*, Beurre de karit\u00e9, Huile d\u2019argousier, Glyc\u00e9rine, Silicone Quaternium-8, Trideceth-10, et plus. <em>(Veuillez consulter l\u2019emballage pour la liste la plus \u00e0 jour.)<\/em><\/p>\n<h3>Informations de s\u00e9curit\u00e9<\/h3>\n<p>\u00c9viter tout contact avec les yeux. Usage externe uniquement.<\/p>\n<p><em>*Cliniquement prouv\u00e9 lorsqu\u2019utilis\u00e9 avec le shampooing Signature Normcore.<\/em><\/p>\n","protected":false},"excerpt":{"rendered":"<p>Hydratation l\u00e9g\u00e8re, nutrition profonde \u2014 des cheveux doux et revitalis\u00e9s vous attendent.<\/p>\n","protected":false},"featured_media":31141,"comment_status":"open","ping_status":"closed","template":"","meta":{"_glsr_average":0,"_glsr_ranking":0,"_glsr_reviews":0},"product_brand":[899],"product_cat":[83,610],"product_tag":[],"class_list":{"0":"post-31137","1":"product","2":"type-product","3":"status-publish","4":"has-post-thumbnail","6":"product_brand-amika","7":"product_cat-soins-a-domicile","8":"product_cat-revitalisant","9":"_wholesalex wsx-wholesalex-product","11":"first","12":"instock","13":"taxable","14":"shipping-taxable","15":"purchasable","16":"product-type-simple"},"jetpack_sharing_enabled":true,"_links":{"self":[{"href":"https:\/\/naturalook.shop\/fr\/wp-json\/wp\/v2\/product\/31137","targetHints":{"allow":["GET"]}}],"collection":[{"href":"https:\/\/naturalook.shop\/fr\/wp-json\/wp\/v2\/product"}],"about":[{"href":"https:\/\/naturalook.shop\/fr\/wp-json\/wp\/v2\/types\/product"}],"replies":[{"embeddable":true,"href":"https:\/\/naturalook.shop\/fr\/wp-json\/wp\/v2\/comments?post=31137"}],"version-history":[{"count":1,"href":"https:\/\/naturalook.shop\/fr\/wp-json\/wp\/v2\/product\/31137\/revisions"}],"predecessor-version":[{"id":34284,"href":"https:\/\/naturalook.shop\/fr\/wp-json\/wp\/v2\/product\/31137\/revisions\/34284"}],"wp:featuredmedia":[{"embeddable":true,"href":"https:\/\/naturalook.shop\/fr\/wp-json\/wp\/v2\/media\/31141"}],"wp:attachment":[{"href":"https:\/\/naturalook.shop\/fr\/wp-json\/wp\/v2\/media?parent=31137"}],"wp:term":[{"taxonomy":"product_brand","embeddable":true,"href":"https:\/\/naturalook.shop\/fr\/wp-json\/wp\/v2\/product_brand?post=31137"},{"taxonomy":"product_cat","embeddable":true,"href":"https:\/\/naturalook.shop\/fr\/wp-json\/wp\/v2\/product_cat?post=31137"},{"taxonomy":"product_tag","embeddable":true,"href":"https:\/\/naturalook.shop\/fr\/wp-json\/wp\/v2\/product_tag?post=31137"}],"curies":[{"name":"wp","href":"https:\/\/api.w.org\/{rel}","templated":true}]}}