{"id":31146,"date":"2025-05-13T12:04:27","date_gmt":"2025-05-13T16:04:27","guid":{"rendered":"https:\/\/naturalook.shop\/?post_type=product&#038;p=31146"},"modified":"2025-10-23T22:21:40","modified_gmt":"2025-10-24T02:21:40","slug":"amika-soulfood-masque-capillaire-nourrissant-250-ml","status":"publish","type":"product","link":"https:\/\/naturalook.shop\/fr\/produit\/amika-soulfood-masque-capillaire-nourrissant-250-ml\/","title":{"rendered":"AMIKA &#8211; Soulfood \u2013 Masque Capillaire Nourrissant &#8211; 250 ml"},"content":{"rendered":"<h2>Soulfood \u2013 Masque Capillaire Nourrissant par amika<\/h2>\n<p><strong>Hydratez, nourrissez et adoucissez en profondeur \u2014 pour une chevelure douce, soyeuse et \u00e9clatante.<\/strong><\/p>\n<p><strong>Le masque capillaire nourrissant Soulfood<\/strong> est un soin riche et cr\u00e9meux qui offre une hydratation intense sans alourdir les cheveux. Enrichi en vitamines, nutriments, huile de jojoba et en argousier \u2014 notre ingr\u00e9dient signature \u2014 ce masque luxueux est <strong>cliniquement prouv\u00e9 pour rendre les cheveux 11,4x plus hydrat\u00e9s et 91 % plus faciles \u00e0 coiffer*<\/strong> apr\u00e8s une seule utilisation.<\/p>\n<h3>Pourquoi vous allez l\u2019adorer<\/h3>\n<ul>\n<li><strong>Soin nourrissant profond :<\/strong> pour des cheveux doux, lisses et soyeux<\/li>\n<li><strong>Cheveux 11,4x plus hydrat\u00e9s*<\/strong> d\u00e8s la premi\u00e8re utilisation<\/li>\n<li><strong>91 % de coiffabilit\u00e9 en plus*<\/strong> pour des cheveux faciles \u00e0 d\u00e9m\u00ealer<\/li>\n<li><strong>Texture l\u00e9g\u00e8re :<\/strong> ultra-hydratante, sans alourdir<\/li>\n<li><strong>Infus\u00e9 d\u2019huile de jojoba :<\/strong> pour hydrater, adoucir et renforcer les cheveux<\/li>\n<li><strong>Argousier :<\/strong> superfruit riche en om\u00e9ga qui restaure la brillance et l\u2019\u00e9lasticit\u00e9<\/li>\n<\/ul>\n<h3>Pour qui ?<\/h3>\n<p>Convient \u00e0 tous les types de cheveux (1 \u00e0 4C) ayant besoin d\u2019une hydratation et d\u2019une r\u00e9paration en profondeur.<\/p>\n<h3>Mode d\u2019emploi<\/h3>\n<ol>\n<li>Apr\u00e8s le shampooing, appliquez sur cheveux mouill\u00e9s des racines jusqu\u2019aux pointes.<\/li>\n<li>Massez doucement et laissez poser 5 \u00e0 7 minutes.<\/li>\n<li>Rincez abondamment.<\/li>\n<li><strong>Astuce pro :<\/strong> ajoutez 2 \u00e0 3 pompes de l\u2019huile hydratante Water Sign pour un boost d\u2019hydratation suppl\u00e9mentaire.<\/li>\n<li>Utilisez en soin hebdomadaire ou en apr\u00e8s-shampooing quotidien selon les besoins de vos cheveux.<\/li>\n<\/ol>\n<h3>Ingr\u00e9dients cl\u00e9s<\/h3>\n<ul>\n<li><strong>Huile de jojoba :<\/strong> riche en acides gras essentiels, antioxydants et vitamines pour hydrater et adoucir<\/li>\n<li><strong>Argousier :<\/strong> l\u2019une des sources v\u00e9g\u00e9tales les plus riches en om\u00e9ga, nourrit les cheveux et le cuir chevelu tout en am\u00e9liorant la brillance et la maniabilit\u00e9<\/li>\n<\/ul>\n<h3>Liste compl\u00e8te des ingr\u00e9dients<\/h3>\n<p>Eau (Aqua), Alcool c\u00e9t\u00e9arylique, Alcool c\u00e9tylique, Huile de jojoba, Chlorure de Behentrimonium*, Dimethicone, Huile d\u2019argousier, Panth\u00e9nol, et plus. <em>(Veuillez consulter l\u2019emballage pour la liste la plus \u00e0 jour.)<\/em><\/p>\n<h3>Informations de s\u00e9curit\u00e9<\/h3>\n<p>\u00c9viter le contact avec les yeux. Usage externe uniquement.<\/p>\n<p><em>*R\u00e9sultats cliniques prouv\u00e9s apr\u00e8s une seule utilisation.<\/em><\/p>\n","protected":false},"excerpt":{"rendered":"<p>Hydratez, nourrissez et adoucissez en profondeur \u2014 pour une chevelure douce, soyeuse et \u00e9clatante.<\/p>\n","protected":false},"featured_media":31162,"comment_status":"open","ping_status":"closed","template":"","meta":{"_glsr_average":0,"_glsr_ranking":0,"_glsr_reviews":0},"product_brand":[899],"product_cat":[83,613],"product_tag":[],"class_list":{"0":"post-31146","1":"product","2":"type-product","3":"status-publish","4":"has-post-thumbnail","6":"product_brand-amika","7":"product_cat-soins-a-domicile","8":"product_cat-masque","9":"_wholesalex wsx-wholesalex-product","11":"first","12":"instock","13":"taxable","14":"shipping-taxable","15":"purchasable","16":"product-type-simple"},"jetpack_sharing_enabled":true,"_links":{"self":[{"href":"https:\/\/naturalook.shop\/fr\/wp-json\/wp\/v2\/product\/31146","targetHints":{"allow":["GET"]}}],"collection":[{"href":"https:\/\/naturalook.shop\/fr\/wp-json\/wp\/v2\/product"}],"about":[{"href":"https:\/\/naturalook.shop\/fr\/wp-json\/wp\/v2\/types\/product"}],"replies":[{"embeddable":true,"href":"https:\/\/naturalook.shop\/fr\/wp-json\/wp\/v2\/comments?post=31146"}],"version-history":[{"count":1,"href":"https:\/\/naturalook.shop\/fr\/wp-json\/wp\/v2\/product\/31146\/revisions"}],"predecessor-version":[{"id":34282,"href":"https:\/\/naturalook.shop\/fr\/wp-json\/wp\/v2\/product\/31146\/revisions\/34282"}],"wp:featuredmedia":[{"embeddable":true,"href":"https:\/\/naturalook.shop\/fr\/wp-json\/wp\/v2\/media\/31162"}],"wp:attachment":[{"href":"https:\/\/naturalook.shop\/fr\/wp-json\/wp\/v2\/media?parent=31146"}],"wp:term":[{"taxonomy":"product_brand","embeddable":true,"href":"https:\/\/naturalook.shop\/fr\/wp-json\/wp\/v2\/product_brand?post=31146"},{"taxonomy":"product_cat","embeddable":true,"href":"https:\/\/naturalook.shop\/fr\/wp-json\/wp\/v2\/product_cat?post=31146"},{"taxonomy":"product_tag","embeddable":true,"href":"https:\/\/naturalook.shop\/fr\/wp-json\/wp\/v2\/product_tag?post=31146"}],"curies":[{"name":"wp","href":"https:\/\/api.w.org\/{rel}","templated":true}]}}