{"id":31173,"date":"2025-05-13T12:33:19","date_gmt":"2025-05-13T16:33:19","guid":{"rendered":"https:\/\/naturalook.shop\/?post_type=product&#038;p=31173"},"modified":"2025-10-23T22:21:39","modified_gmt":"2025-10-24T02:21:39","slug":"amika-smooth-over-masque-capillaire-lissant-anti-frisottis-200-ml","status":"publish","type":"product","link":"https:\/\/naturalook.shop\/fr\/produit\/amika-smooth-over-masque-capillaire-lissant-anti-frisottis-200-ml\/","title":{"rendered":"AMIKA &#8211; Smooth Over \u2013 Masque Capillaire Lissant Anti-Frisottis &#8211; 200 ml"},"content":{"rendered":"<h2>Smooth Over \u2013 Masque Capillaire Lissant Anti-Frisottis par amika<\/h2>\n<p><strong>Domptez les frisottis en seulement 60 secondes \u2014 des cheveux 2,2x plus lisses et jusqu\u2019\u00e0 73 % de frisottis en moins* pendant 72 heures.<\/strong><\/p>\n<p><strong>Smooth Over<\/strong> est un traitement express \u00e0 utiliser sous la douche pour lisser et ma\u00eetriser les frisottis. Cliniquement prouv\u00e9 pour rendre les cheveux <strong>2,2x plus lisses<\/strong> et r\u00e9duire les frisottis de <strong>jusqu\u2019\u00e0 73 %*<\/strong>, m\u00eame en cas d\u2019humidit\u00e9 \u00e9lev\u00e9e. Ce masque \u00e0 rincer est enrichi en acide glycolique, en extrait de n\u00e9nuphar et en argousier pour des cheveux plus doux, brillants et faciles \u00e0 coiffer.<\/p>\n<h3>Pourquoi vous allez l\u2019adorer<\/h3>\n<ul>\n<li><strong>R\u00e9sultats imm\u00e9diats :<\/strong> agit en seulement 60 secondes*<\/li>\n<li><strong>Protection longue dur\u00e9e :<\/strong> lutte contre l\u2019humidit\u00e9 pendant 72 heures*<\/li>\n<li><strong>Cheveux 2,2x plus lisses*<\/strong>, brillants et disciplin\u00e9s<\/li>\n<li><strong>L\u00e9ger et efficace :<\/strong> convient \u00e0 tous les types de cheveux (1 \u00e0 4C)<\/li>\n<li><strong>Ingr\u00e9dients cl\u00e9s :<\/strong> acide glycolique, extrait de n\u00e9nuphar et argousier pour lisser et nourrir la fibre capillaire<\/li>\n<\/ul>\n<h3>Pour qui ?<\/h3>\n<p>Pour tous les types de cheveux souhaitant r\u00e9duire les frisottis, lisser la texture et am\u00e9liorer la maniabilit\u00e9.<\/p>\n<h3>Mode d\u2019emploi<\/h3>\n<ol>\n<li>Apr\u00e8s avoir lav\u00e9 et d\u00e9m\u00eal\u00e9 les cheveux, essorez l\u2019exc\u00e8s d\u2019eau.<\/li>\n<li>Appliquez g\u00e9n\u00e9reusement le soin des mi-longueurs aux pointes.<\/li>\n<li>Laissez agir 1 minute.<\/li>\n<li>Rincez abondamment.<\/li>\n<li>Pour des r\u00e9sultats optimaux, proc\u00e9dez \u00e0 un coiffage \u00e0 chaud.<\/li>\n<\/ol>\n<h3>Ingr\u00e9dients cl\u00e9s<\/h3>\n<ul>\n<li><strong>Acide glycolique :<\/strong> forme une barri\u00e8re lissante qui scelle la cuticule pour bloquer l\u2019humidit\u00e9<\/li>\n<li><strong>Extrait de n\u00e9nuphar :<\/strong> aide \u00e0 discipliner les frisottis et \u00e0 faciliter le coiffage<\/li>\n<li><strong>Argousier :<\/strong> riche en om\u00e9ga-7, vitamines C et A et antioxydants pour nourrir les cheveux et le cuir chevelu<\/li>\n<\/ul>\n<h3>Liste compl\u00e8te des ingr\u00e9dients<\/h3>\n<p>Eau (Aqua), Glyc\u00e9rine, Propyl\u00e8ne Glycol, Acide Glycolique, Acide Lactique, Huile d\u2019argousier, Huile de noix de coco, Extrait de racine de n\u00e9nuphar, Jus de feuille d\u2019aloe vera, Panth\u00e9nol, et plus. <em>(Veuillez consulter l\u2019emballage pour la liste la plus \u00e0 jour.)<\/em><\/p>\n<h3>Informations de s\u00e9curit\u00e9<\/h3>\n<p>\u00c9viter le contact avec les yeux. Usage externe uniquement.<\/p>\n<p><em>*R\u00e9sultats cliniques prouv\u00e9s apr\u00e8s une seule utilisation.<\/em><\/p>\n","protected":false},"excerpt":{"rendered":"<p>Domptez les frisottis en seulement 60 secondes.<\/p>\n","protected":false},"featured_media":31201,"comment_status":"open","ping_status":"closed","template":"","meta":{"_glsr_average":0,"_glsr_ranking":0,"_glsr_reviews":0},"product_brand":[899],"product_cat":[83,616],"product_tag":[],"class_list":{"0":"post-31173","1":"product","2":"type-product","3":"status-publish","4":"has-post-thumbnail","6":"product_brand-amika","7":"product_cat-soins-a-domicile","8":"product_cat-traitement","9":"_wholesalex wsx-wholesalex-product","11":"first","12":"instock","13":"taxable","14":"shipping-taxable","15":"purchasable","16":"product-type-simple"},"jetpack_sharing_enabled":true,"_links":{"self":[{"href":"https:\/\/naturalook.shop\/fr\/wp-json\/wp\/v2\/product\/31173","targetHints":{"allow":["GET"]}}],"collection":[{"href":"https:\/\/naturalook.shop\/fr\/wp-json\/wp\/v2\/product"}],"about":[{"href":"https:\/\/naturalook.shop\/fr\/wp-json\/wp\/v2\/types\/product"}],"replies":[{"embeddable":true,"href":"https:\/\/naturalook.shop\/fr\/wp-json\/wp\/v2\/comments?post=31173"}],"version-history":[{"count":1,"href":"https:\/\/naturalook.shop\/fr\/wp-json\/wp\/v2\/product\/31173\/revisions"}],"predecessor-version":[{"id":34280,"href":"https:\/\/naturalook.shop\/fr\/wp-json\/wp\/v2\/product\/31173\/revisions\/34280"}],"wp:featuredmedia":[{"embeddable":true,"href":"https:\/\/naturalook.shop\/fr\/wp-json\/wp\/v2\/media\/31201"}],"wp:attachment":[{"href":"https:\/\/naturalook.shop\/fr\/wp-json\/wp\/v2\/media?parent=31173"}],"wp:term":[{"taxonomy":"product_brand","embeddable":true,"href":"https:\/\/naturalook.shop\/fr\/wp-json\/wp\/v2\/product_brand?post=31173"},{"taxonomy":"product_cat","embeddable":true,"href":"https:\/\/naturalook.shop\/fr\/wp-json\/wp\/v2\/product_cat?post=31173"},{"taxonomy":"product_tag","embeddable":true,"href":"https:\/\/naturalook.shop\/fr\/wp-json\/wp\/v2\/product_tag?post=31173"}],"curies":[{"name":"wp","href":"https:\/\/api.w.org\/{rel}","templated":true}]}}