{"id":31206,"date":"2025-05-13T12:46:19","date_gmt":"2025-05-13T16:46:19","guid":{"rendered":"https:\/\/naturalook.shop\/?post_type=product&#038;p=31206"},"modified":"2025-10-23T22:21:39","modified_gmt":"2025-10-24T02:21:39","slug":"amika-velveteen-dream-baume-lissant-200-ml","status":"publish","type":"product","link":"https:\/\/naturalook.shop\/fr\/produit\/amika-velveteen-dream-baume-lissant-200-ml\/","title":{"rendered":"AMIKA &#8211; Velveteen Dream \u2013 Baume Lissant &#8211; 200 ml"},"content":{"rendered":"<h2>Velveteen Dream \u2013 Baume Lissant par amika<\/h2>\n<p><strong>Domptez les frisottis, scellez la douceur \u2014 m\u00eame l\u2019humidit\u00e9 ne pourra rien contre votre coiffure.<\/strong><\/p>\n<p><strong>Le Baume Lissant Velveteen Dream<\/strong> est votre alli\u00e9 coiffage pour contr\u00f4ler les frisottis et lisser les m\u00e8ches rebelles. Id\u00e9al pour les cheveux secs, frisott\u00e9s ou difficiles \u00e0 coiffer, ce baume l\u00e9ger discipline, hydrate et prot\u00e8ge la chevelure tout en apportant une finition douce et brillante.<\/p>\n<h3>Pourquoi vous allez l\u2019adorer<\/h3>\n<ul>\n<li><strong>Contr\u00f4le des frisottis longue dur\u00e9e :<\/strong> formule r\u00e9sistante \u00e0 l\u2019humidit\u00e9<\/li>\n<li><strong>Protection thermique jusqu\u2019\u00e0 232\u202f\u00b0C (450\u202f\u00b0F)<\/strong> \u2014 coiffez en toute s\u00e9curit\u00e9<\/li>\n<li><strong>Filtres UV :<\/strong> prot\u00e8gent les cheveux des agressions ext\u00e9rieures<\/li>\n<li><strong>Polym\u00e8re conditionneur :<\/strong> lisse, hydrate et r\u00e9duit l\u2019\u00e9lectricit\u00e9 statique<\/li>\n<li><strong>Extrait d\u2019\u00e9corce de cerise sauvage :<\/strong> adoucit et ajoute de la brillance<\/li>\n<li><strong>Infus\u00e9 d\u2019argousier :<\/strong> superfruit riche en om\u00e9ga-7, vitamines C et A, pour une chevelure nourrie et \u00e9lastique<\/li>\n<li><strong>S\u00fbr pour les cheveux color\u00e9s, trait\u00e9s \u00e0 la k\u00e9ratine ou au lissage br\u00e9silien<\/strong><\/li>\n<\/ul>\n<h3>Pour qui ?<\/h3>\n<p>Id\u00e9al pour tous les types de cheveux secs, frisott\u00e9s ou difficiles \u00e0 dompter.<\/p>\n<h3>Mode d\u2019emploi<\/h3>\n<ol>\n<li>Appliquez une petite quantit\u00e9 sur cheveux humides.<\/li>\n<li>R\u00e9partissez uniform\u00e9ment des mi-longueurs jusqu\u2019aux pointes.<\/li>\n<li>S\u00e9chez au s\u00e8che-cheveux ou coiffez \u00e0 chaud selon vos envies.<\/li>\n<\/ol>\n<p><strong>Astuce pro :<\/strong> Utilisez-le pour pr\u00e9parer les boucles fines avant le diffuseur, pour une d\u00e9finition l\u00e9g\u00e8re et sans frisottis.<\/p>\n<h3>Ingr\u00e9dients cl\u00e9s<\/h3>\n<ul>\n<li><strong>Polym\u00e8re conditionneur :<\/strong> lisse, hydrate et r\u00e9duit l\u2019\u00e9lectricit\u00e9 statique<\/li>\n<li><strong>Extrait d\u2019\u00e9corce de cerise sauvage :<\/strong> apporte douceur et brillance naturelle<\/li>\n<li><strong>Argousier :<\/strong> riche en om\u00e9ga-7, vitamines et antioxydants pour nourrir les cheveux et le cuir chevelu<\/li>\n<\/ul>\n<h3>Liste compl\u00e8te des ingr\u00e9dients<\/h3>\n<p>Eau (Aqua), Extrait de fleur d\u2019arnica, Extrait d\u2019\u00e9corce de cerise sauvage, Huile d\u2019argousier, Alcool myristylique, Glyc\u00e9rine, Polym\u00e8res conditionneurs, et plus. <em>(Veuillez toujours consulter l\u2019emballage pour la liste d\u2019ingr\u00e9dients la plus \u00e0 jour.)<\/em><\/p>\n<h3>Informations de s\u00e9curit\u00e9<\/h3>\n<p>\u00c9viter tout contact avec les yeux. Usage externe uniquement.<\/p>\n","protected":false},"excerpt":{"rendered":"<p>Domptez les frisottis, scellez la douceur \u2014 m\u00eame l\u2019humidit\u00e9 ne pourra rien contre votre coiffure.<\/p>\n","protected":false},"featured_media":31222,"comment_status":"open","ping_status":"closed","template":"","meta":{"_glsr_average":0,"_glsr_ranking":0,"_glsr_reviews":0},"product_brand":[899],"product_cat":[83,615],"product_tag":[],"class_list":{"0":"post-31206","1":"product","2":"type-product","3":"status-publish","4":"has-post-thumbnail","6":"product_brand-amika","7":"product_cat-soins-a-domicile","8":"product_cat-stylisant","9":"_wholesalex wsx-wholesalex-product","11":"first","12":"instock","13":"taxable","14":"shipping-taxable","15":"purchasable","16":"product-type-simple"},"jetpack_sharing_enabled":true,"_links":{"self":[{"href":"https:\/\/naturalook.shop\/fr\/wp-json\/wp\/v2\/product\/31206","targetHints":{"allow":["GET"]}}],"collection":[{"href":"https:\/\/naturalook.shop\/fr\/wp-json\/wp\/v2\/product"}],"about":[{"href":"https:\/\/naturalook.shop\/fr\/wp-json\/wp\/v2\/types\/product"}],"replies":[{"embeddable":true,"href":"https:\/\/naturalook.shop\/fr\/wp-json\/wp\/v2\/comments?post=31206"}],"version-history":[{"count":1,"href":"https:\/\/naturalook.shop\/fr\/wp-json\/wp\/v2\/product\/31206\/revisions"}],"predecessor-version":[{"id":34279,"href":"https:\/\/naturalook.shop\/fr\/wp-json\/wp\/v2\/product\/31206\/revisions\/34279"}],"wp:featuredmedia":[{"embeddable":true,"href":"https:\/\/naturalook.shop\/fr\/wp-json\/wp\/v2\/media\/31222"}],"wp:attachment":[{"href":"https:\/\/naturalook.shop\/fr\/wp-json\/wp\/v2\/media?parent=31206"}],"wp:term":[{"taxonomy":"product_brand","embeddable":true,"href":"https:\/\/naturalook.shop\/fr\/wp-json\/wp\/v2\/product_brand?post=31206"},{"taxonomy":"product_cat","embeddable":true,"href":"https:\/\/naturalook.shop\/fr\/wp-json\/wp\/v2\/product_cat?post=31206"},{"taxonomy":"product_tag","embeddable":true,"href":"https:\/\/naturalook.shop\/fr\/wp-json\/wp\/v2\/product_tag?post=31206"}],"curies":[{"name":"wp","href":"https:\/\/api.w.org\/{rel}","templated":true}]}}