{"id":31251,"date":"2025-05-13T13:11:09","date_gmt":"2025-05-13T17:11:09","guid":{"rendered":"https:\/\/naturalook.shop\/?post_type=product&#038;p=31251"},"modified":"2025-10-23T22:21:39","modified_gmt":"2025-10-24T02:21:39","slug":"amika-velveteen-dream-apres-shampooing-lissant-275-ml","status":"publish","type":"product","link":"https:\/\/naturalook.shop\/fr\/produit\/amika-velveteen-dream-apres-shampooing-lissant-275-ml\/","title":{"rendered":"AMIKA &#8211; Velveteen Dream \u2013 Apr\u00e8s-Shampooing Lissant &#8211; 275 ml"},"content":{"rendered":"<h2>Velveteen Dream \u2013 Apr\u00e8s-Shampooing Lissant par amika<\/h2>\n<p><strong>Hydratez, lissez et prot\u00e9gez \u2014 pour des cheveux sans frisottis et ultra-doux.<\/strong><\/p>\n<p><strong>L\u2019apr\u00e8s-shampooing lissant Velveteen Dream<\/strong> est un soin l\u00e9ger mais puissant con\u00e7u pour lisser la fibre capillaire et contr\u00f4ler les frisottis gr\u00e2ce \u00e0 une protection anti-humidit\u00e9 \u00e0 lib\u00e9ration prolong\u00e9e. Enrichi en argousier, jus d\u2019aloe vera et provitamine B5, il pr\u00e9pare les cheveux secs et indisciplin\u00e9s au coiffage tout en leur apportant hydratation et brillance.<\/p>\n<h3>Pourquoi vous allez l\u2019adorer<\/h3>\n<ul>\n<li><strong>Anti-frisottis longue dur\u00e9e :<\/strong> prot\u00e8ge contre l\u2019humidit\u00e9 tout au long de la journ\u00e9e<\/li>\n<li><strong>Hydratation l\u00e9g\u00e8re :<\/strong> adoucit sans alourdir<\/li>\n<li><strong>Pr\u00e9paration id\u00e9ale au coiffage :<\/strong> discipline les cheveux secs et rebelles<\/li>\n<li><strong>S\u00fbr pour les cheveux trait\u00e9s :<\/strong> convient aux cheveux color\u00e9s, liss\u00e9s \u00e0 la k\u00e9ratine ou au br\u00e9silien<\/li>\n<li><strong>Provitamine B5 :<\/strong> renforce, lisse et hydrate<\/li>\n<li><strong>Jus d\u2019aloe vera :<\/strong> aide \u00e0 retenir l\u2019hydratation et apporte de la brillance<\/li>\n<li><strong>Argousier :<\/strong> superfruit riche en om\u00e9ga 7, vitamines C et A, et antioxydants<\/li>\n<\/ul>\n<h3>Pour qui ?<\/h3>\n<p>Convient \u00e0 tous les types de cheveux, en particulier les cheveux sujets aux frisottis ou expos\u00e9s \u00e0 l\u2019humidit\u00e9. Compatible avec les cheveux color\u00e9s ou trait\u00e9s chimiquement.<\/p>\n<h3>Mode d\u2019emploi<\/h3>\n<ol>\n<li>Apr\u00e8s le shampooing Velveteen Dream, appliquez sur les mi-longueurs et les pointes.<\/li>\n<li>Massez doucement, puis rincez abondamment.<\/li>\n<\/ol>\n<h3>Ingr\u00e9dients cl\u00e9s<\/h3>\n<ul>\n<li><strong>Argousier :<\/strong> superfruit riche en om\u00e9ga 7 pour nourrir et prot\u00e9ger la chevelure<\/li>\n<li><strong>Jus d\u2019aloe vera :<\/strong> retient l\u2019hydratation naturelle et ajoute de la brillance<\/li>\n<li><strong>Provitamine B5 :<\/strong> am\u00e9liore la r\u00e9sistance, l\u2019hydratation et la douceur des cheveux<\/li>\n<\/ul>\n<h3>Liste compl\u00e8te des ingr\u00e9dients<\/h3>\n<p>Eau (Aqua), Alcool c\u00e9tylique, Chlorure de Behentrimonium*, Distearate de glyc\u00e9ryle, Huile d\u2019argousier, Panth\u00e9nol, Jus de feuille d\u2019aloe vera, et plus. <em>(Veuillez consulter l\u2019emballage pour la liste d\u2019ingr\u00e9dients la plus \u00e0 jour.)<\/em><\/p>\n<h3>Informations de s\u00e9curit\u00e9<\/h3>\n<p>\u00c9viter tout contact avec les yeux. Usage externe uniquement.<\/p>\n","protected":false},"excerpt":{"rendered":"<p>Hydratez, lissez et prot\u00e9gez \u2014 pour des cheveux sans frisottis et ultra-doux.<\/p>\n","protected":false},"featured_media":31253,"comment_status":"open","ping_status":"closed","template":"","meta":{"_glsr_average":0,"_glsr_ranking":0,"_glsr_reviews":0},"product_brand":[899],"product_cat":[83,610],"product_tag":[],"class_list":{"0":"post-31251","1":"product","2":"type-product","3":"status-publish","4":"has-post-thumbnail","6":"product_brand-amika","7":"product_cat-soins-a-domicile","8":"product_cat-revitalisant","9":"_wholesalex wsx-wholesalex-product","11":"first","12":"instock","13":"taxable","14":"shipping-taxable","15":"purchasable","16":"product-type-simple"},"jetpack_sharing_enabled":true,"_links":{"self":[{"href":"https:\/\/naturalook.shop\/fr\/wp-json\/wp\/v2\/product\/31251","targetHints":{"allow":["GET"]}}],"collection":[{"href":"https:\/\/naturalook.shop\/fr\/wp-json\/wp\/v2\/product"}],"about":[{"href":"https:\/\/naturalook.shop\/fr\/wp-json\/wp\/v2\/types\/product"}],"replies":[{"embeddable":true,"href":"https:\/\/naturalook.shop\/fr\/wp-json\/wp\/v2\/comments?post=31251"}],"version-history":[{"count":1,"href":"https:\/\/naturalook.shop\/fr\/wp-json\/wp\/v2\/product\/31251\/revisions"}],"predecessor-version":[{"id":34274,"href":"https:\/\/naturalook.shop\/fr\/wp-json\/wp\/v2\/product\/31251\/revisions\/34274"}],"wp:featuredmedia":[{"embeddable":true,"href":"https:\/\/naturalook.shop\/fr\/wp-json\/wp\/v2\/media\/31253"}],"wp:attachment":[{"href":"https:\/\/naturalook.shop\/fr\/wp-json\/wp\/v2\/media?parent=31251"}],"wp:term":[{"taxonomy":"product_brand","embeddable":true,"href":"https:\/\/naturalook.shop\/fr\/wp-json\/wp\/v2\/product_brand?post=31251"},{"taxonomy":"product_cat","embeddable":true,"href":"https:\/\/naturalook.shop\/fr\/wp-json\/wp\/v2\/product_cat?post=31251"},{"taxonomy":"product_tag","embeddable":true,"href":"https:\/\/naturalook.shop\/fr\/wp-json\/wp\/v2\/product_tag?post=31251"}],"curies":[{"name":"wp","href":"https:\/\/api.w.org\/{rel}","templated":true}]}}